{"id":129408,"date":"2023-11-09T10:15:46","date_gmt":"2023-11-09T09:15:46","guid":{"rendered":"https:\/\/www.bontempi.it\/product\/malik-40-07\/"},"modified":"2024-09-25T12:57:02","modified_gmt":"2024-09-25T10:57:02","slug":"malik-40-07","status":"publish","type":"product","link":"https:\/\/www.bontempi.it\/fr\/malik-4007\/","title":{"rendered":"Malik &#8211; 40.07"},"content":{"rendered":"<p>Chaise structure en m\u00e9tal rembourr\u00e9e et rev\u00eatue en Cuir \u00c9co Premium, tissu Bouquet, tissu Gourmet, tissu Nordic, Pure Virgin Wool, Velours Supreme, Peau Premium. Aussi disponible avec le rev\u00eatement du dossier matelass\u00e9 (uniquement pour les tissus Nordic, Cuir \u00e9co Premium et Peau Premium).<\/p>\n","protected":false},"excerpt":{"rendered":"<p>Rembourr\u00e9e<\/p>\n","protected":false},"featured_media":9987,"template":"","line":[74151],"kind":[70955,70956],"room":[71461],"material":[68102,68121,68153,68294,68408,68743,75237,68103,68123,68155,68296,68410,68841,75238,68104,68125,68156,68298,68412,75222,75240,68105,68127,68159,68300,68414,75224,75241,68106,68129,68163,68302,68416,75225,75243,68107,68131,68165,68304,68418,75226,75676,68108,68133,68167,68306,68420,75227,68109,68135,68169,68308,68422,75228,68110,68137,68278,68310,68424,75229,68111,68139,68280,68312,68426,75230,68112,68141,68282,68314,68428,75231,68113,68143,68284,68316,68430,75232,68114,68145,68286,68318,68449,75233,68115,68147,68288,68402,68450,75234,68100,68116,68149,68290,68404,68538,75235,68101,68119,68151,68292,68406,68690,75236],"color":[75171,75753,75754,75755,75756,75758,75759,77336,77344,77345,77346,77347,77349,60635,75039],"certification":[60761,60767],"class_list":["post-129408","product","type-product","status-publish","has-post-thumbnail","hentry","line-malik-fr","kind-seatings-fr","kind-chairs-fr","room-kitchen-fr","material-trp14-fr","material-pr10-fr","material-pr23-fr","material-tebq015-fr","material-teno002-fr","material-tt003-fr","material-tego019-fr","material-trp12-fr","material-pr12-fr","material-pr21-fr","material-tebq014-fr","material-teno005-fr","material-tns09-fr","material-tego020-fr","material-trp04-fr","material-pr02-fr","material-pr22-fr","material-tebq021-fr","material-teno007-fr","material-tego002-fr","material-tego022-fr","material-trp08-fr","material-pr03-fr","material-pr04-fr","material-tebq018-fr","material-teno013-fr","material-tego005-fr","material-tego023-fr","material-trp15-fr","material-pr01-fr","material-pr17-fr","material-tebq019-fr","material-teno004-fr","material-tego006-fr","material-tego025-fr","material-trp13-fr","material-pr13-fr","material-pr06-fr","material-tebq003-fr","material-teno010-fr","material-tego007-fr","material-sunrise-fabric-fr","material-trp07-fr","material-pr16-fr","material-pr18-fr","material-tebq012-fr","material-teno014-fr","material-tego008-fr","material-trp09-fr","material-pr07-fr","material-pr19-fr","material-tebq009-fr","material-teno006-fr","material-tego009-fr","material-trp05-fr","material-pr26-fr","material-tebq020-fr","material-tebq007-fr","material-teno011-fr","material-tego010-fr","material-trp10-fr","material-pr14-fr","material-tebq004-fr","material-tebq008-fr","material-teno012-fr","material-tego011-fr","material-trp03-fr","material-pr08-fr","material-tebq013-fr","material-tebq001-fr","material-teno001-fr","material-tego012-fr","material-trp17-fr","material-pr20-fr","material-tebq016-fr","material-tebq006-fr","material-teno008-fr","material-tego014-fr","material-trp01-fr","material-pr05-fr","material-tebq017-fr","material-tebq011-fr","material-tt002-fr","material-tego015-fr","material-trp11-fr","material-pr25-fr","material-tebq005-fr","material-teno009-fr","material-tt001-fr","material-tego016-fr","material-trp16-fr","material-trp06-fr","material-pr11-fr","material-tebq010-fr","material-teno003-fr","material-tego024-fr","material-tego017-fr","material-trp02-fr","material-pr24-fr","material-pr15-fr","material-tebq002-fr","material-teno015-fr","material-tego021-fr","material-tego018-fr","color-white-black-fr","color-blue-fr","color-brown-fr","color-green-fr","color-orange-fr","color-rose-fr","color-yellow-fr","color-white-fr","color-grey-fr","color-chocolate-fr","color-black-fr","color-gold-fr","color-red-fr","color-beige-fr","color-light-blue-fr","certification-uni-en-15373-07-uni-en-1728-02-fr","certification-trapuntatura-fr"],"acf":{"sku":"40.07","line":[74151],"is_accessory":false,"is_configurable":true,"kind":[70955,70956],"rooms":[71461],"seats":"","dimensions":{"diameter":"","x":"47","z":"55","y":"96\/48,4"},"finishing":{"top":[],"structure":[],"lower_cuff":[],"upper_cuff":[],"matchable_top":[],"builtin_revolving_central_top":[],"throat":[],"lampshade":[],"back":[],"sitting":{"75491":75491,"75487":75487,"75483":75483,"75479":75479,"75475":75475,"75495":75495,"75511":75511,"75527":75527,"75503":75503,"75507":75507,"75523":75523,"75519":75519,"75499":75499,"75515":75515,"75678":75678,"75679":75679,"75680":75680,"75681":75681,"75682":75682,"75683":75683,"76837":76837,"76838":76838,"76840":76840,"76841":76841},"cushions":[],"decorative_inner":[],"decorative_inserts":[],"side":[],"support":[],"front_doors":[],"top_front_doors":[],"seat_structure":{"68100":68100,"68101":68101,"68102":68102,"68103":68103,"68104":68104,"68105":68105,"68106":68106,"68107":68107,"68108":68108,"68109":68109,"68110":68110,"68111":68111,"68112":68112,"68113":68113,"68114":68114,"68115":68115,"68116":68116,"68119":68119,"68121":68121,"68123":68123,"68125":68125,"68127":68127,"68129":68129,"68131":68131,"68133":68133,"68135":68135,"68137":68137,"68139":68139,"68141":68141,"68143":68143,"68145":68145,"68147":68147,"68149":68149,"68151":68151,"68153":68153,"68155":68155,"68156":68156,"68159":68159,"68163":68163,"68165":68165,"68167":68167,"68169":68169,"68278":68278,"68280":68280,"68282":68282,"68284":68284,"68286":68286,"68288":68288,"68290":68290,"68292":68292,"68294":68294,"68296":68296,"68298":68298,"68300":68300,"68302":68302,"68304":68304,"68306":68306,"68308":68308,"68310":68310,"68312":68312,"68314":68314,"68316":68316,"68318":68318,"68402":68402,"68404":68404,"68406":68406,"68408":68408,"68410":68410,"68412":68412,"68414":68414,"68416":68416,"68418":68418,"68420":68420,"68422":68422,"68424":68424,"68426":68426,"68428":68428,"68430":68430,"68449":68449,"68450":68450,"68538":68538,"68690":68690,"68743":68743,"68841":68841,"75222":75222,"75676":75676,"75224":75224,"75225":75225,"75226":75226,"75227":75227,"75228":75228,"75229":75229,"75230":75230,"75231":75231,"75232":75232,"75233":75233,"75234":75234,"75235":75235,"75236":75236,"75237":75237,"75238":75238,"75240":75240,"75241":75241,"75243":75243},"top_structure":[],"covering":[],"optional_shelf":[],"mirror":[],"side_panels":[],"centerpiece":[]},"colors":{"top":[],"structure":[],"lower_cuff":[],"upper_cuff":[],"matchable_top":[],"builtin_revolving_central_top":[],"throat":[],"lampshade":[],"back":[],"sitting":{"60635":60635,"77336":77336,"77344":77344,"77346":77346,"75756":75756,"75759":75759,"77345":77345},"cushions":[],"decorative_inner":[],"decorative_inserts":[],"side":[],"support":[],"front_doors":[],"top_front_doors":[],"seat_structure":{"77349":77349,"77344":77344,"75039":75039,"60635":60635,"77336":77336,"77345":77345,"75759":75759,"77346":77346,"77347":77347,"75758":75758,"75755":75755,"75753":75753,"75754":75754,"75756":75756,"75171":75171},"top_structure":[],"covering":[],"optional_shelf":[],"mirror":[],"side_panels":[],"centerpiece":[]},"accessories":"","related":[126597,126806,126807,127063,127105,127109,127137,127242,127257,127263,127362],"gallery":[12230,60232,60237,59827,40579,10941,10567,40258,11658,61115],"product_sheet":"https:\/\/www.bontempi.it\/wp-content\/uploads\/2023\/03\/Malik-40.07.pdf","attachments":null,"videos":null,"silhouette":6690},"_links":{"self":[{"href":"https:\/\/www.bontempi.it\/fr\/wp-json\/wp\/v2\/product\/129408","targetHints":{"allow":["GET"]}}],"collection":[{"href":"https:\/\/www.bontempi.it\/fr\/wp-json\/wp\/v2\/product"}],"about":[{"href":"https:\/\/www.bontempi.it\/fr\/wp-json\/wp\/v2\/types\/product"}],"acf:attachment":[{"embeddable":true,"href":"https:\/\/www.bontempi.it\/fr\/wp-json\/wp\/v2\/media\/61115"},{"embeddable":true,"href":"https:\/\/www.bontempi.it\/fr\/wp-json\/wp\/v2\/media\/11658"},{"embeddable":true,"href":"https:\/\/www.bontempi.it\/fr\/wp-json\/wp\/v2\/media\/40258"},{"embeddable":true,"href":"https:\/\/www.bontempi.it\/fr\/wp-json\/wp\/v2\/media\/10567"},{"embeddable":true,"href":"https:\/\/www.bontempi.it\/fr\/wp-json\/wp\/v2\/media\/10941"},{"embeddable":true,"href":"https:\/\/www.bontempi.it\/fr\/wp-json\/wp\/v2\/media\/40579"},{"embeddable":true,"href":"https:\/\/www.bontempi.it\/fr\/wp-json\/wp\/v2\/media\/59827"},{"embeddable":true,"href":"https:\/\/www.bontempi.it\/fr\/wp-json\/wp\/v2\/media\/60237"},{"embeddable":true,"href":"https:\/\/www.bontempi.it\/fr\/wp-json\/wp\/v2\/media\/60232"},{"embeddable":true,"href":"https:\/\/www.bontempi.it\/fr\/wp-json\/wp\/v2\/media\/12230"}],"acf:post":[{"embeddable":true,"href":"https:\/\/www.bontempi.it\/fr\/wp-json\/wp\/v2\/product\/127362"},{"embeddable":true,"href":"https:\/\/www.bontempi.it\/fr\/wp-json\/wp\/v2\/product\/127263"},{"embeddable":true,"href":"https:\/\/www.bontempi.it\/fr\/wp-json\/wp\/v2\/product\/127257"},{"embeddable":true,"href":"https:\/\/www.bontempi.it\/fr\/wp-json\/wp\/v2\/product\/127242"},{"embeddable":true,"href":"https:\/\/www.bontempi.it\/fr\/wp-json\/wp\/v2\/product\/127137"},{"embeddable":true,"href":"https:\/\/www.bontempi.it\/fr\/wp-json\/wp\/v2\/product\/127109"},{"embeddable":true,"href":"https:\/\/www.bontempi.it\/fr\/wp-json\/wp\/v2\/product\/127105"},{"embeddable":true,"href":"https:\/\/www.bontempi.it\/fr\/wp-json\/wp\/v2\/product\/127063"},{"embeddable":true,"href":"https:\/\/www.bontempi.it\/fr\/wp-json\/wp\/v2\/product\/126807"},{"embeddable":true,"href":"https:\/\/www.bontempi.it\/fr\/wp-json\/wp\/v2\/product\/126806"},{"embeddable":true,"href":"https:\/\/www.bontempi.it\/fr\/wp-json\/wp\/v2\/product\/126597"}],"acf:term":[{"embeddable":true,"taxonomy":"room","href":"https:\/\/www.bontempi.it\/fr\/wp-json\/wp\/v2\/room\/71461"},{"embeddable":true,"taxonomy":"kind","href":"https:\/\/www.bontempi.it\/fr\/wp-json\/wp\/v2\/kind\/70956"},{"embeddable":true,"taxonomy":"kind","href":"https:\/\/www.bontempi.it\/fr\/wp-json\/wp\/v2\/kind\/70955"},{"embeddable":true,"taxonomy":"line","href":"https:\/\/www.bontempi.it\/fr\/wp-json\/wp\/v2\/line\/74151"}],"wp:featuredmedia":[{"embeddable":true,"href":"https:\/\/www.bontempi.it\/fr\/wp-json\/wp\/v2\/media\/9987"}],"wp:attachment":[{"href":"https:\/\/www.bontempi.it\/fr\/wp-json\/wp\/v2\/media?parent=129408"}],"wp:term":[{"taxonomy":"line","embeddable":true,"href":"https:\/\/www.bontempi.it\/fr\/wp-json\/wp\/v2\/line?post=129408"},{"taxonomy":"kind","embeddable":true,"href":"https:\/\/www.bontempi.it\/fr\/wp-json\/wp\/v2\/kind?post=129408"},{"taxonomy":"room","embeddable":true,"href":"https:\/\/www.bontempi.it\/fr\/wp-json\/wp\/v2\/room?post=129408"},{"taxonomy":"material","embeddable":true,"href":"https:\/\/www.bontempi.it\/fr\/wp-json\/wp\/v2\/material?post=129408"},{"taxonomy":"color","embeddable":true,"href":"https:\/\/www.bontempi.it\/fr\/wp-json\/wp\/v2\/color?post=129408"},{"taxonomy":"certification","embeddable":true,"href":"https:\/\/www.bontempi.it\/fr\/wp-json\/wp\/v2\/certification?post=129408"}],"curies":[{"name":"wp","href":"https:\/\/api.w.org\/{rel}","templated":true}]}}