{"id":129407,"date":"2023-11-09T10:15:46","date_gmt":"2023-11-09T09:15:46","guid":{"rendered":"https:\/\/www.bontempi.it\/product\/simba-40-06\/"},"modified":"2024-09-25T12:56:26","modified_gmt":"2024-09-25T10:56:26","slug":"simba-40-06","status":"publish","type":"product","link":"https:\/\/www.bontempi.it\/fr\/simba-4006\/","title":{"rendered":"Simba &#8211; 40.06"},"content":{"rendered":"<p>Chaise structure en m\u00e9tal rembourr\u00e9e et rev\u00eatue Cuir \u00c9co Premium, tissu Bouquet, tissu Gourmet, tissu Nordic.<\/p>\n","protected":false},"excerpt":{"rendered":"<p>M\u00e9tal laqu\u00e9<\/p>\n","protected":false},"featured_media":10039,"template":"","line":[74250],"kind":[70955,70956],"room":[71461],"material":[68147,68410,75679,68149,68412,75680,68119,68151,68414,75681,68121,68153,68416,75682,68123,68155,68418,75683,68125,68156,68420,68127,68159,68422,68129,68161,68424,68131,68163,68426,68133,68165,68428,68135,68167,68430,68137,68169,68448,68139,68402,68449,68141,68404,68450,68143,68406,75677,68145,68408,75678],"color":[60635,75039,75753,75754,75755,75758,75759,77336,77344,77345,77346,77349],"certification":[],"class_list":["post-129407","product","type-product","status-publish","has-post-thumbnail","hentry","line-simba-fr","kind-seatings-fr","kind-chairs-fr","room-kitchen-fr","material-pr25-fr","material-teno005-fr","material-tesu003-fr","material-pr11-fr","material-teno007-fr","material-tesu004-fr","material-pr24-fr","material-pr15-fr","material-teno013-fr","material-tesu005-fr","material-pr10-fr","material-pr23-fr","material-teno004-fr","material-tesu006-fr","material-pr12-fr","material-pr21-fr","material-teno010-fr","material-tesu007-fr","material-pr02-fr","material-pr22-fr","material-teno014-fr","material-pr03-fr","material-pr04-fr","material-teno006-fr","material-pr01-fr","material-pr09-fr","material-teno011-fr","material-pr13-fr","material-pr17-fr","material-teno012-fr","material-pr16-fr","material-pr06-fr","material-teno001-fr","material-pr07-fr","material-pr18-fr","material-teno008-fr","material-pr26-fr","material-pr19-fr","material-tt004-fr","material-pr14-fr","material-teno009-fr","material-tt002-fr","material-pr08-fr","material-teno003-fr","material-tt001-fr","material-pr20-fr","material-teno015-fr","material-tesu001-fr","material-pr05-fr","material-teno002-fr","material-tesu002-fr","color-beige-fr","color-light-blue-fr","color-blue-fr","color-brown-fr","color-green-fr","color-rose-fr","color-yellow-fr","color-white-fr","color-grey-fr","color-chocolate-fr","color-black-fr","color-red-fr"],"acf":{"sku":"40.06","line":[74250],"is_accessory":false,"is_configurable":false,"kind":[70955,70956],"rooms":[71461],"seats":"","dimensions":{"diameter":"","x":"46","z":"60","y":"88\/50"},"finishing":{"top":[],"structure":[],"lower_cuff":[],"upper_cuff":[],"matchable_top":[],"builtin_revolving_central_top":[],"throat":[],"lampshade":[],"back":[],"sitting":[],"cushions":[],"decorative_inner":[],"decorative_inserts":[],"side":[],"support":[],"front_doors":[],"top_front_doors":[],"seat_structure":{"68119":68119,"68121":68121,"68123":68123,"68125":68125,"68127":68127,"68129":68129,"68131":68131,"68133":68133,"68135":68135,"68137":68137,"68139":68139,"68141":68141,"68143":68143,"68145":68145,"68147":68147,"68149":68149,"68151":68151,"68153":68153,"68155":68155,"68156":68156,"68159":68159,"68161":68161,"68163":68163,"68165":68165,"68167":68167,"68169":68169,"68402":68402,"68404":68404,"68406":68406,"68408":68408,"68410":68410,"68412":68412,"68414":68414,"68416":68416,"68418":68418,"68420":68420,"68422":68422,"68424":68424,"68426":68426,"68428":68428,"68430":68430,"68448":68448,"68449":68449,"68450":68450,"75677":75677,"75678":75678,"75679":75679,"75680":75680,"75681":75681,"75682":75682,"75683":75683},"top_structure":[],"covering":[],"optional_shelf":[],"mirror":[],"side_panels":[],"centerpiece":[]},"colors":{"top":[],"structure":[],"lower_cuff":[],"upper_cuff":[],"matchable_top":[],"builtin_revolving_central_top":[],"throat":[],"lampshade":[],"back":[],"sitting":[],"cushions":[],"decorative_inner":[],"decorative_inserts":[],"side":[],"support":[],"front_doors":[],"top_front_doors":[],"seat_structure":{"77349":77349,"77344":77344,"75039":75039,"60635":60635,"77336":77336,"77345":77345,"75758":75758,"75759":75759,"77346":77346,"75755":75755,"75753":75753,"75754":75754},"top_structure":[],"covering":[],"optional_shelf":[],"mirror":[],"side_panels":[],"centerpiece":[]},"accessories":"","related":[126762],"gallery":[61220,60612,59707,9575,9587,9591,9603,9599,9579],"product_sheet":"https:\/\/www.bontempi.it\/wp-content\/uploads\/2023\/03\/Simba-40.06.pdf","attachments":null,"videos":null,"silhouette":6954},"_links":{"self":[{"href":"https:\/\/www.bontempi.it\/fr\/wp-json\/wp\/v2\/product\/129407","targetHints":{"allow":["GET"]}}],"collection":[{"href":"https:\/\/www.bontempi.it\/fr\/wp-json\/wp\/v2\/product"}],"about":[{"href":"https:\/\/www.bontempi.it\/fr\/wp-json\/wp\/v2\/types\/product"}],"acf:attachment":[{"embeddable":true,"href":"https:\/\/www.bontempi.it\/fr\/wp-json\/wp\/v2\/media\/9579"},{"embeddable":true,"href":"https:\/\/www.bontempi.it\/fr\/wp-json\/wp\/v2\/media\/9599"},{"embeddable":true,"href":"https:\/\/www.bontempi.it\/fr\/wp-json\/wp\/v2\/media\/9603"},{"embeddable":true,"href":"https:\/\/www.bontempi.it\/fr\/wp-json\/wp\/v2\/media\/9591"},{"embeddable":true,"href":"https:\/\/www.bontempi.it\/fr\/wp-json\/wp\/v2\/media\/9587"},{"embeddable":true,"href":"https:\/\/www.bontempi.it\/fr\/wp-json\/wp\/v2\/media\/9575"},{"embeddable":true,"href":"https:\/\/www.bontempi.it\/fr\/wp-json\/wp\/v2\/media\/59707"},{"embeddable":true,"href":"https:\/\/www.bontempi.it\/fr\/wp-json\/wp\/v2\/media\/60612"},{"embeddable":true,"href":"https:\/\/www.bontempi.it\/fr\/wp-json\/wp\/v2\/media\/61220"}],"acf:post":[{"embeddable":true,"href":"https:\/\/www.bontempi.it\/fr\/wp-json\/wp\/v2\/product\/126762"}],"acf:term":[{"embeddable":true,"taxonomy":"room","href":"https:\/\/www.bontempi.it\/fr\/wp-json\/wp\/v2\/room\/71461"},{"embeddable":true,"taxonomy":"kind","href":"https:\/\/www.bontempi.it\/fr\/wp-json\/wp\/v2\/kind\/70956"},{"embeddable":true,"taxonomy":"kind","href":"https:\/\/www.bontempi.it\/fr\/wp-json\/wp\/v2\/kind\/70955"},{"embeddable":true,"taxonomy":"line","href":"https:\/\/www.bontempi.it\/fr\/wp-json\/wp\/v2\/line\/74250"}],"wp:featuredmedia":[{"embeddable":true,"href":"https:\/\/www.bontempi.it\/fr\/wp-json\/wp\/v2\/media\/10039"}],"wp:attachment":[{"href":"https:\/\/www.bontempi.it\/fr\/wp-json\/wp\/v2\/media?parent=129407"}],"wp:term":[{"taxonomy":"line","embeddable":true,"href":"https:\/\/www.bontempi.it\/fr\/wp-json\/wp\/v2\/line?post=129407"},{"taxonomy":"kind","embeddable":true,"href":"https:\/\/www.bontempi.it\/fr\/wp-json\/wp\/v2\/kind?post=129407"},{"taxonomy":"room","embeddable":true,"href":"https:\/\/www.bontempi.it\/fr\/wp-json\/wp\/v2\/room?post=129407"},{"taxonomy":"material","embeddable":true,"href":"https:\/\/www.bontempi.it\/fr\/wp-json\/wp\/v2\/material?post=129407"},{"taxonomy":"color","embeddable":true,"href":"https:\/\/www.bontempi.it\/fr\/wp-json\/wp\/v2\/color?post=129407"},{"taxonomy":"certification","embeddable":true,"href":"https:\/\/www.bontempi.it\/fr\/wp-json\/wp\/v2\/certification?post=129407"}],"curies":[{"name":"wp","href":"https:\/\/api.w.org\/{rel}","templated":true}]}}