{"id":129398,"date":"2023-11-09T10:14:13","date_gmt":"2023-11-09T09:14:13","guid":{"rendered":"https:\/\/www.bontempi.it\/product\/shape-34-86\/"},"modified":"2024-09-25T12:56:24","modified_gmt":"2024-09-25T10:56:24","slug":"shape-34-86","status":"publish","type":"product","link":"https:\/\/www.bontempi.it\/fr\/shape-3486\/","title":{"rendered":"Shape &#8211; 34.86"},"content":{"rendered":"<p>Chaise structure en m\u00e9tal laqu\u00e9. Coque rembourr\u00e9e et rev\u00eatue en Cuir \u00e9pais.<\/p>\n","protected":false},"excerpt":{"rendered":"<p>M\u00e9tal laqu\u00e9<\/p>\n","protected":false},"featured_media":10031,"template":"","line":[74246],"kind":[70955,70956],"room":[71464],"material":[67926,67943,67927,67944,67928,67945,67929,67946,67930,67947,67932,67948,67933,67934,67935,67936,67937,67938,67922,67939,67923,67940,67924,67941,67925,67942],"color":[77345,77346,77349,60635,75039,77336,77344],"certification":[60753],"class_list":["post-129398","product","type-product","status-publish","has-post-thumbnail","hentry","line-shape-fr","kind-seatings-fr","kind-chairs-fr","room-contract-fr","material-q256-fr","material-q230-fr","material-q429-fr","material-q405-fr","material-q440-fr","material-q238-fr","material-q260-fr","material-q408-fr","material-q401-fr","material-q403-fr","material-q504-fr","material-q235-fr","material-q032-fr","material-q439-fr","material-q259-fr","material-q437-fr","material-q257-fr","material-q438-fr","material-q410-fr","material-q258-fr","material-q406-fr","material-q435-fr","material-q239-fr","material-q255-fr","material-q436-fr","material-q400-fr","color-chocolate-fr","color-black-fr","color-red-fr","color-beige-fr","color-light-blue-fr","color-white-fr","color-grey-fr","certification-en-16139-13-en-1728-12-fr"],"acf":{"sku":"34.86","line":[74246],"is_accessory":false,"is_configurable":true,"kind":[70955,70956],"rooms":[71464],"seats":"","dimensions":{"diameter":"","x":"52","z":"57","y":"85\/47"},"finishing":{"top":[],"structure":{"68013":68013,"68015":68015,"68016":68016,"68029":68029,"68033":68033,"68034":68034,"68035":68035,"68036":68036,"68037":68037,"68040":68040,"68042":68042,"68044":68044},"lower_cuff":[],"upper_cuff":[],"matchable_top":[],"builtin_revolving_central_top":[],"throat":[],"lampshade":[],"back":[],"sitting":{"67922":67922,"67923":67923,"67924":67924,"67925":67925,"67926":67926,"67927":67927,"67928":67928,"67929":67929,"67930":67930,"67932":67932,"67933":67933,"67934":67934,"67935":67935,"67936":67936,"67937":67937,"67938":67938,"67939":67939,"67940":67940,"67941":67941,"67942":67942,"67943":67943,"67944":67944,"67945":67945,"67946":67946,"67947":67947,"67948":67948},"cushions":[],"decorative_inner":[],"decorative_inserts":[],"side":[],"support":[],"front_doors":[],"top_front_doors":[],"seat_structure":[],"top_structure":[],"covering":[],"optional_shelf":[],"mirror":[],"side_panels":[],"centerpiece":[]},"colors":{"top":[],"structure":{"77344":77344,"75630":75630,"77336":77336,"77346":77346,"77347":77347,"77348":77348,"77345":77345,"60635":60635},"lower_cuff":[],"upper_cuff":[],"matchable_top":[],"builtin_revolving_central_top":[],"throat":[],"lampshade":[],"back":[],"sitting":{"77344":77344,"60635":60635,"75039":75039,"77336":77336,"77349":77349,"77345":77345,"77346":77346},"cushions":[],"decorative_inner":[],"decorative_inserts":[],"side":[],"support":[],"front_doors":[],"top_front_doors":[],"seat_structure":[],"top_structure":[],"covering":[],"optional_shelf":[],"mirror":[],"side_panels":[],"centerpiece":[]},"accessories":"","related":[127080,127202,127265],"gallery":[60597,11822,60843,18934,11382,60603,11810],"product_sheet":"https:\/\/www.bontempi.it\/wp-content\/uploads\/2023\/03\/Shape-34.86.pdf","attachments":null,"videos":null,"silhouette":6946},"_links":{"self":[{"href":"https:\/\/www.bontempi.it\/fr\/wp-json\/wp\/v2\/product\/129398","targetHints":{"allow":["GET"]}}],"collection":[{"href":"https:\/\/www.bontempi.it\/fr\/wp-json\/wp\/v2\/product"}],"about":[{"href":"https:\/\/www.bontempi.it\/fr\/wp-json\/wp\/v2\/types\/product"}],"acf:attachment":[{"embeddable":true,"href":"https:\/\/www.bontempi.it\/fr\/wp-json\/wp\/v2\/media\/11810"},{"embeddable":true,"href":"https:\/\/www.bontempi.it\/fr\/wp-json\/wp\/v2\/media\/60603"},{"embeddable":true,"href":"https:\/\/www.bontempi.it\/fr\/wp-json\/wp\/v2\/media\/11382"},{"embeddable":true,"href":"https:\/\/www.bontempi.it\/fr\/wp-json\/wp\/v2\/media\/18934"},{"embeddable":true,"href":"https:\/\/www.bontempi.it\/fr\/wp-json\/wp\/v2\/media\/60843"},{"embeddable":true,"href":"https:\/\/www.bontempi.it\/fr\/wp-json\/wp\/v2\/media\/11822"},{"embeddable":true,"href":"https:\/\/www.bontempi.it\/fr\/wp-json\/wp\/v2\/media\/60597"}],"acf:post":[{"embeddable":true,"href":"https:\/\/www.bontempi.it\/fr\/wp-json\/wp\/v2\/product\/127265"},{"embeddable":true,"href":"https:\/\/www.bontempi.it\/fr\/wp-json\/wp\/v2\/product\/127202"},{"embeddable":true,"href":"https:\/\/www.bontempi.it\/fr\/wp-json\/wp\/v2\/product\/127080"}],"acf:term":[{"embeddable":true,"taxonomy":"room","href":"https:\/\/www.bontempi.it\/fr\/wp-json\/wp\/v2\/room\/71464"},{"embeddable":true,"taxonomy":"kind","href":"https:\/\/www.bontempi.it\/fr\/wp-json\/wp\/v2\/kind\/70956"},{"embeddable":true,"taxonomy":"kind","href":"https:\/\/www.bontempi.it\/fr\/wp-json\/wp\/v2\/kind\/70955"},{"embeddable":true,"taxonomy":"line","href":"https:\/\/www.bontempi.it\/fr\/wp-json\/wp\/v2\/line\/74246"}],"wp:featuredmedia":[{"embeddable":true,"href":"https:\/\/www.bontempi.it\/fr\/wp-json\/wp\/v2\/media\/10031"}],"wp:attachment":[{"href":"https:\/\/www.bontempi.it\/fr\/wp-json\/wp\/v2\/media?parent=129398"}],"wp:term":[{"taxonomy":"line","embeddable":true,"href":"https:\/\/www.bontempi.it\/fr\/wp-json\/wp\/v2\/line?post=129398"},{"taxonomy":"kind","embeddable":true,"href":"https:\/\/www.bontempi.it\/fr\/wp-json\/wp\/v2\/kind?post=129398"},{"taxonomy":"room","embeddable":true,"href":"https:\/\/www.bontempi.it\/fr\/wp-json\/wp\/v2\/room?post=129398"},{"taxonomy":"material","embeddable":true,"href":"https:\/\/www.bontempi.it\/fr\/wp-json\/wp\/v2\/material?post=129398"},{"taxonomy":"color","embeddable":true,"href":"https:\/\/www.bontempi.it\/fr\/wp-json\/wp\/v2\/color?post=129398"},{"taxonomy":"certification","embeddable":true,"href":"https:\/\/www.bontempi.it\/fr\/wp-json\/wp\/v2\/certification?post=129398"}],"curies":[{"name":"wp","href":"https:\/\/api.w.org\/{rel}","templated":true}]}}