{"id":129346,"date":"2023-11-09T10:11:39","date_gmt":"2023-11-09T09:11:39","guid":{"rendered":"https:\/\/www.bontempi.it\/product\/mood-barstool-outdoor-34-30out\/"},"modified":"2024-09-25T12:56:49","modified_gmt":"2024-09-25T10:56:49","slug":"mood-barstool-outdoor-34-30out","status":"publish","type":"product","link":"https:\/\/www.bontempi.it\/fr\/mood-tabouret-pour-lexterieur-3430out\/","title":{"rendered":"Mood Tabouret pour l\u2019ext\u00e9rieur &#8211; 34.30OUT"},"content":{"rendered":"<p>Tabouret bas, structure en m\u00e9tal laqu\u00e9 pour ext\u00e9rieur, pieds triangulaires et tuyaux et coque en polypropyl\u00e8ne.<\/p>\n","protected":false},"excerpt":{"rendered":"<p>Pieds tuyaux bas<\/p>\n","protected":false},"featured_media":0,"template":"","line":[74168],"kind":[70957,70955],"room":[71464,71463],"material":[68187,68188,68189,68190,68192,68193,68185],"color":[75756,75759,77336,77344,77346,60635],"certification":[60762],"class_list":["post-129346","product","type-product","status-publish","hentry","line-mood-barstool-fr","kind-footstool-fr","kind-seatings-fr","room-contract-fr","room-outdoor-fr","material-z031-fr","material-z008-fr","material-z009-fr","material-z006-fr","material-z005-fr","material-z029-fr","material-z039-fr","color-orange-fr","color-yellow-fr","color-white-fr","color-grey-fr","color-black-fr","color-beige-fr","certification-outdoor-sedie-fr"],"acf":{"sku":"34.30OUT","line":[74168],"is_accessory":false,"is_configurable":true,"kind":[70955,70957],"rooms":[71463,71464],"seats":"","dimensions":{"diameter":"","x":"48","z":"56","y":"102\/65"},"finishing":{"top":[],"structure":{"68014":68014,"68018":68018,"68030":68030,"68039":68039,"68043":68043},"lower_cuff":[],"upper_cuff":[],"matchable_top":[],"builtin_revolving_central_top":[],"throat":[],"lampshade":[],"back":[],"sitting":{"68185":68185,"68187":68187,"68188":68188,"68189":68189,"68190":68190,"68192":68192,"68193":68193},"cushions":[],"decorative_inner":[],"decorative_inserts":[],"side":[],"support":[],"front_doors":[],"top_front_doors":[],"seat_structure":[],"top_structure":[],"covering":[],"optional_shelf":[],"mirror":[],"side_panels":[],"centerpiece":[]},"colors":{"top":[],"structure":{"77344":77344,"77336":77336,"77345":77345,"60635":60635},"lower_cuff":[],"upper_cuff":[],"matchable_top":[],"builtin_revolving_central_top":[],"throat":[],"lampshade":[],"back":[],"sitting":{"77344":77344,"77336":77336,"75756":75756,"75759":75759,"77346":77346,"60635":60635},"cushions":[],"decorative_inner":[],"decorative_inserts":[],"side":[],"support":[],"front_doors":[],"top_front_doors":[],"seat_structure":[],"top_structure":[],"covering":[],"optional_shelf":[],"mirror":[],"side_panels":[],"centerpiece":[]},"accessories":[126851],"related":[126893],"gallery":[30853],"product_sheet":"https:\/\/www.bontempi.it\/wp-content\/uploads\/2023\/03\/Mood-34.30-34.30R.pdf","attachments":null,"videos":null,"silhouette":32851},"_links":{"self":[{"href":"https:\/\/www.bontempi.it\/fr\/wp-json\/wp\/v2\/product\/129346","targetHints":{"allow":["GET"]}}],"collection":[{"href":"https:\/\/www.bontempi.it\/fr\/wp-json\/wp\/v2\/product"}],"about":[{"href":"https:\/\/www.bontempi.it\/fr\/wp-json\/wp\/v2\/types\/product"}],"acf:attachment":[{"embeddable":true,"href":"https:\/\/www.bontempi.it\/fr\/wp-json\/wp\/v2\/media\/30853"}],"acf:post":[{"embeddable":true,"href":"https:\/\/www.bontempi.it\/fr\/wp-json\/wp\/v2\/product\/126893"},{"embeddable":true,"href":"https:\/\/www.bontempi.it\/fr\/wp-json\/wp\/v2\/product\/126851"}],"acf:term":[{"embeddable":true,"taxonomy":"room","href":"https:\/\/www.bontempi.it\/fr\/wp-json\/wp\/v2\/room\/71464"},{"embeddable":true,"taxonomy":"room","href":"https:\/\/www.bontempi.it\/fr\/wp-json\/wp\/v2\/room\/71463"},{"embeddable":true,"taxonomy":"kind","href":"https:\/\/www.bontempi.it\/fr\/wp-json\/wp\/v2\/kind\/70957"},{"embeddable":true,"taxonomy":"kind","href":"https:\/\/www.bontempi.it\/fr\/wp-json\/wp\/v2\/kind\/70955"},{"embeddable":true,"taxonomy":"line","href":"https:\/\/www.bontempi.it\/fr\/wp-json\/wp\/v2\/line\/74168"}],"wp:attachment":[{"href":"https:\/\/www.bontempi.it\/fr\/wp-json\/wp\/v2\/media?parent=129346"}],"wp:term":[{"taxonomy":"line","embeddable":true,"href":"https:\/\/www.bontempi.it\/fr\/wp-json\/wp\/v2\/line?post=129346"},{"taxonomy":"kind","embeddable":true,"href":"https:\/\/www.bontempi.it\/fr\/wp-json\/wp\/v2\/kind?post=129346"},{"taxonomy":"room","embeddable":true,"href":"https:\/\/www.bontempi.it\/fr\/wp-json\/wp\/v2\/room?post=129346"},{"taxonomy":"material","embeddable":true,"href":"https:\/\/www.bontempi.it\/fr\/wp-json\/wp\/v2\/material?post=129346"},{"taxonomy":"color","embeddable":true,"href":"https:\/\/www.bontempi.it\/fr\/wp-json\/wp\/v2\/color?post=129346"},{"taxonomy":"certification","embeddable":true,"href":"https:\/\/www.bontempi.it\/fr\/wp-json\/wp\/v2\/certification?post=129346"}],"curies":[{"name":"wp","href":"https:\/\/api.w.org\/{rel}","templated":true}]}}