{"id":129327,"date":"2023-11-09T10:10:30","date_gmt":"2023-11-09T09:10:30","guid":{"rendered":"https:\/\/www.bontempi.it\/product\/mood-outdoor-34-20out\/"},"modified":"2024-09-25T12:56:45","modified_gmt":"2024-09-25T10:56:45","slug":"mood-outdoor-34-20out","status":"publish","type":"product","link":"https:\/\/www.bontempi.it\/fr\/mood-pour-lexterieur-3420out\/","title":{"rendered":"Mood pour l&rsquo;ext\u00e9rieur &#8211; 34.20OUT"},"content":{"rendered":"<p>Chaise avec accoudoirs, structure en m\u00e9tal laqu\u00e9 (pieds triangulaires) pour l\u2019ext\u00e9rieur, Coque en Polypropyl\u00e8ne.<\/p>\n","protected":false},"excerpt":{"rendered":"<p>Pieds triangulaires avec accoudoirs<\/p>\n","protected":false},"featured_media":0,"template":"","line":[74171],"kind":[70955,70956],"room":[71461,71464],"material":[68189,68190,68193,68185,68187,68188],"color":[77336,77344,60635,75756,75759],"certification":[60762],"class_list":["post-129327","product","type-product","status-publish","hentry","line-mood-outdoor-fr","kind-seatings-fr","kind-chairs-fr","room-kitchen-fr","room-contract-fr","material-z009-fr","material-z006-fr","material-z029-fr","material-z039-fr","material-z031-fr","material-z008-fr","color-white-fr","color-grey-fr","color-beige-fr","color-orange-fr","color-yellow-fr","certification-outdoor-sedie-fr"],"acf":{"sku":"34.20OUT","line":[74171],"is_accessory":false,"is_configurable":true,"kind":[70955,70956],"rooms":[71461,71464],"seats":"","dimensions":{"diameter":"","x":"61","z":"59","y":"81\/46"},"finishing":{"top":[],"structure":{"68014":68014,"68018":68018,"68030":68030,"68039":68039,"68043":68043},"lower_cuff":[],"upper_cuff":[],"matchable_top":[],"builtin_revolving_central_top":[],"throat":[],"lampshade":[],"back":[],"sitting":{"68185":68185,"68187":68187,"68188":68188,"68189":68189,"68190":68190,"68193":68193},"cushions":[],"decorative_inner":[],"decorative_inserts":[],"side":[],"support":[],"front_doors":[],"top_front_doors":[],"seat_structure":[],"top_structure":[],"covering":[],"optional_shelf":[],"mirror":[],"side_panels":[],"centerpiece":[]},"colors":{"top":[],"structure":{"77344":77344,"77336":77336,"77345":77345,"60635":60635},"lower_cuff":[],"upper_cuff":[],"matchable_top":[],"builtin_revolving_central_top":[],"throat":[],"lampshade":[],"back":[],"sitting":{"77344":77344,"77336":77336,"75756":75756,"75759":75759,"60635":60635},"cushions":[],"decorative_inner":[],"decorative_inserts":[],"side":[],"support":[],"front_doors":[],"top_front_doors":[],"seat_structure":[],"top_structure":[],"covering":[],"optional_shelf":[],"mirror":[],"side_panels":[],"centerpiece":[]},"accessories":[126851],"related":[126874],"gallery":[30809],"product_sheet":"https:\/\/www.bontempi.it\/wp-content\/uploads\/2023\/03\/Mood-34.20-34.20R.pdf","attachments":null,"videos":null,"silhouette":32787},"_links":{"self":[{"href":"https:\/\/www.bontempi.it\/fr\/wp-json\/wp\/v2\/product\/129327","targetHints":{"allow":["GET"]}}],"collection":[{"href":"https:\/\/www.bontempi.it\/fr\/wp-json\/wp\/v2\/product"}],"about":[{"href":"https:\/\/www.bontempi.it\/fr\/wp-json\/wp\/v2\/types\/product"}],"acf:attachment":[{"embeddable":true,"href":"https:\/\/www.bontempi.it\/fr\/wp-json\/wp\/v2\/media\/30809"}],"acf:post":[{"embeddable":true,"href":"https:\/\/www.bontempi.it\/fr\/wp-json\/wp\/v2\/product\/126874"},{"embeddable":true,"href":"https:\/\/www.bontempi.it\/fr\/wp-json\/wp\/v2\/product\/126851"}],"acf:term":[{"embeddable":true,"taxonomy":"room","href":"https:\/\/www.bontempi.it\/fr\/wp-json\/wp\/v2\/room\/71464"},{"embeddable":true,"taxonomy":"room","href":"https:\/\/www.bontempi.it\/fr\/wp-json\/wp\/v2\/room\/71461"},{"embeddable":true,"taxonomy":"kind","href":"https:\/\/www.bontempi.it\/fr\/wp-json\/wp\/v2\/kind\/70956"},{"embeddable":true,"taxonomy":"kind","href":"https:\/\/www.bontempi.it\/fr\/wp-json\/wp\/v2\/kind\/70955"},{"embeddable":true,"taxonomy":"line","href":"https:\/\/www.bontempi.it\/fr\/wp-json\/wp\/v2\/line\/74171"}],"wp:attachment":[{"href":"https:\/\/www.bontempi.it\/fr\/wp-json\/wp\/v2\/media?parent=129327"}],"wp:term":[{"taxonomy":"line","embeddable":true,"href":"https:\/\/www.bontempi.it\/fr\/wp-json\/wp\/v2\/line?post=129327"},{"taxonomy":"kind","embeddable":true,"href":"https:\/\/www.bontempi.it\/fr\/wp-json\/wp\/v2\/kind?post=129327"},{"taxonomy":"room","embeddable":true,"href":"https:\/\/www.bontempi.it\/fr\/wp-json\/wp\/v2\/room?post=129327"},{"taxonomy":"material","embeddable":true,"href":"https:\/\/www.bontempi.it\/fr\/wp-json\/wp\/v2\/material?post=129327"},{"taxonomy":"color","embeddable":true,"href":"https:\/\/www.bontempi.it\/fr\/wp-json\/wp\/v2\/color?post=129327"},{"taxonomy":"certification","embeddable":true,"href":"https:\/\/www.bontempi.it\/fr\/wp-json\/wp\/v2\/certification?post=129327"}],"curies":[{"name":"wp","href":"https:\/\/api.w.org\/{rel}","templated":true}]}}