{"id":129322,"date":"2023-11-09T10:09:17","date_gmt":"2023-11-09T09:09:17","guid":{"rendered":"https:\/\/www.bontempi.it\/product\/mood-rivestita-34-18r\/"},"modified":"2024-04-26T18:55:41","modified_gmt":"2024-04-26T16:55:41","slug":"mood-rivestita-34-18r","status":"publish","type":"product","link":"https:\/\/www.bontempi.it\/fr\/mood-revetue-3418r\/","title":{"rendered":"Mood Rev\u00eatue &#8211; 34.18R"},"content":{"rendered":"<p>Chaise avec accoudoirs, structure en bois massif. Details de structure en m\u00e9tal, Coque en Polypropyl\u00e8ne rembourr\u00e9e et rev\u00eatue dans la partie ant\u00e9rieure en Cuir \u00c9co Premium, tissu Bouquet, tissu Gourmet, Tissu Nordic, Reine Schnurwolle, Velours Supreme, tissu Kvadrat Field, tissu Kvadrat Coda et Peau Premium.<\/p>\n","protected":false},"excerpt":{"rendered":"<p>Chaise avec accoudoirs, structure en bois massif. Details de structure en m\u00e9tal, Coque en Polypropyl\u00e8ne rembourr\u00e9e et rev\u00eatue dans la partie ant\u00e9rieure en Cuir \u00c9co Premium, tissu Bouquet, tissu Gourmet, Tissu Nordic, Reine Schnurwolle, Velours Supreme, tissu Kvadrat Field, tissu Kvadrat Coda et Peau Premium.<\/p>\n","protected":false},"featured_media":0,"template":"","line":[74170],"kind":[70955,70956],"room":[71461,71464],"material":[68044,68013,68015,68016,68029,68033,68034,68035,68036,68037,68040,68042],"color":[60635,75630,77336,77344,77345,77346,77347,77348],"certification":[],"class_list":["post-129322","product","type-product","status-publish","hentry","line-mood-lined-fr","kind-seatings-fr","kind-chairs-fr","room-kitchen-fr","room-contract-fr","material-m307-fr","material-m310-fr","material-m326-fr","material-m306-fr","material-m097-fr","material-m055-fr","material-m327-fr","material-m325-fr","material-m329-fr","material-m328-fr","material-m028-fr","material-m312-fr","color-beige-fr","color-silver-fr","color-white-fr","color-grey-fr","color-chocolate-fr","color-black-fr","color-gold-fr","color-pink-gold-fr"],"acf":{"sku":"34.18R","line":[74170],"is_accessory":false,"is_configurable":true,"kind":[70955,70956],"rooms":[71461,71464],"seats":"","dimensions":{"diameter":"","x":"61","z":"57","y":"83\/48"},"finishing":{"top":[],"structure":{"67965":67965,"67990":67990,"67992":67992,"67993":67993},"lower_cuff":[],"upper_cuff":[],"matchable_top":[],"builtin_revolving_central_top":[],"throat":[],"lampshade":[],"back":[],"sitting":{"68185":68185,"68187":68187,"68188":68188,"68189":68189,"68190":68190,"68192":68192,"68193":68193,"75491":75491,"75487":75487,"75483":75483,"75479":75479,"75475":75475,"75495":75495,"75511":75511,"75527":75527,"75503":75503,"75507":75507,"75523":75523,"75519":75519,"75499":75499,"75515":75515,"76837":76837,"76838":76838,"76840":76840,"76841":76841},"cushions":{"68119":68119,"68121":68121,"68123":68123,"68125":68125,"68127":68127,"68129":68129,"68131":68131,"68133":68133,"68135":68135,"68139":68139,"68141":68141,"68143":68143,"68145":68145,"68149":68149,"68151":68151,"68153":68153,"68155":68155,"68156":68156,"68159":68159,"68161":68161,"68163":68163,"68165":68165,"68167":68167,"68169":68169,"68278":68278,"68280":68280,"68282":68282,"68284":68284,"68286":68286,"68288":68288,"68290":68290,"68292":68292,"68294":68294,"68296":68296,"68298":68298,"68300":68300,"68302":68302,"68304":68304,"68306":68306,"68308":68308,"68310":68310,"68312":68312,"68314":68314,"68316":68316,"68318":68318,"68330":68330,"68332":68332,"68334":68334,"68336":68336,"68338":68338,"68340":68340,"68342":68342,"68345":68345,"68351":68351,"68353":68353,"68402":68402,"68404":68404,"68406":68406,"68408":68408,"68410":68410,"68412":68412,"68414":68414,"68416":68416,"68418":68418,"68420":68420,"68422":68422,"68424":68424,"68426":68426,"68428":68428,"68430":68430,"68538":68538,"68690":68690,"68748":68748,"68752":68752,"68754":68754,"68756":68756,"68758":68758,"68760":68760,"68762":68762,"68764":68764,"68766":68766,"68768":68768,"68770":68770,"68772":68772,"68774":68774,"68776":68776,"68778":68778,"68780":68780,"68782":68782,"68784":68784,"68786":68786,"68788":68788,"68841":68841,"75222":75222,"75676":75676,"75224":75224,"75225":75225,"75226":75226,"75227":75227,"75228":75228,"75229":75229,"75230":75230,"75231":75231,"75232":75232,"75233":75233,"75234":75234,"75235":75235,"75236":75236,"75237":75237,"75238":75238,"75240":75240,"75241":75241,"75243":75243,"75677":75677,"75678":75678,"75679":75679,"75680":75680,"75681":75681,"75682":75682,"75683":75683},"decorative_inner":[],"decorative_inserts":[],"side":[],"support":{"68013":68013,"68015":68015,"68016":68016,"68029":68029,"68033":68033,"68034":68034,"68035":68035,"68036":68036,"68037":68037,"68040":68040,"68042":68042,"68044":68044},"front_doors":[],"top_front_doors":[],"seat_structure":[],"top_structure":[],"covering":[],"optional_shelf":[],"mirror":[],"side_panels":[],"centerpiece":[]},"colors":{"top":[],"structure":{"77345":77345,"77346":77346,"60635":60635},"lower_cuff":[],"upper_cuff":[],"matchable_top":[],"builtin_revolving_central_top":[],"throat":[],"lampshade":[],"back":[],"sitting":{"77344":77344,"77336":77336,"75756":75756,"75759":75759,"77346":77346,"60635":60635,"77345":77345},"cushions":{"77349":77349,"77344":77344,"75039":75039,"60635":60635,"77336":77336,"77345":77345,"75758":75758,"75759":75759,"77346":77346,"75755":75755,"75753":75753,"75754":75754,"75756":75756,"75171":75171,"75172":75172},"decorative_inner":[],"decorative_inserts":[],"side":[],"support":{"77344":77344,"75630":75630,"77336":77336,"77346":77346,"77347":77347,"77348":77348,"77345":77345,"60635":60635},"front_doors":[],"top_front_doors":[],"seat_structure":[],"top_structure":[],"covering":[],"optional_shelf":[],"mirror":[],"side_panels":[],"centerpiece":[]},"accessories":"","related":[126850,126852,126869,127251,127299],"gallery":[40416],"product_sheet":"https:\/\/www.bontempi.it\/wp-content\/uploads\/2023\/03\/Mood-34.18-34.18R.pdf","attachments":null,"videos":null,"silhouette":32775},"_links":{"self":[{"href":"https:\/\/www.bontempi.it\/fr\/wp-json\/wp\/v2\/product\/129322","targetHints":{"allow":["GET"]}}],"collection":[{"href":"https:\/\/www.bontempi.it\/fr\/wp-json\/wp\/v2\/product"}],"about":[{"href":"https:\/\/www.bontempi.it\/fr\/wp-json\/wp\/v2\/types\/product"}],"acf:attachment":[{"embeddable":true,"href":"https:\/\/www.bontempi.it\/fr\/wp-json\/wp\/v2\/media\/40416"}],"acf:post":[{"embeddable":true,"href":"https:\/\/www.bontempi.it\/fr\/wp-json\/wp\/v2\/product\/127299"},{"embeddable":true,"href":"https:\/\/www.bontempi.it\/fr\/wp-json\/wp\/v2\/product\/127251"},{"embeddable":true,"href":"https:\/\/www.bontempi.it\/fr\/wp-json\/wp\/v2\/product\/126869"},{"embeddable":true,"href":"https:\/\/www.bontempi.it\/fr\/wp-json\/wp\/v2\/product\/126852"},{"embeddable":true,"href":"https:\/\/www.bontempi.it\/fr\/wp-json\/wp\/v2\/product\/126850"}],"acf:term":[{"embeddable":true,"taxonomy":"room","href":"https:\/\/www.bontempi.it\/fr\/wp-json\/wp\/v2\/room\/71464"},{"embeddable":true,"taxonomy":"room","href":"https:\/\/www.bontempi.it\/fr\/wp-json\/wp\/v2\/room\/71461"},{"embeddable":true,"taxonomy":"kind","href":"https:\/\/www.bontempi.it\/fr\/wp-json\/wp\/v2\/kind\/70956"},{"embeddable":true,"taxonomy":"kind","href":"https:\/\/www.bontempi.it\/fr\/wp-json\/wp\/v2\/kind\/70955"},{"embeddable":true,"taxonomy":"line","href":"https:\/\/www.bontempi.it\/fr\/wp-json\/wp\/v2\/line\/74170"}],"wp:attachment":[{"href":"https:\/\/www.bontempi.it\/fr\/wp-json\/wp\/v2\/media?parent=129322"}],"wp:term":[{"taxonomy":"line","embeddable":true,"href":"https:\/\/www.bontempi.it\/fr\/wp-json\/wp\/v2\/line?post=129322"},{"taxonomy":"kind","embeddable":true,"href":"https:\/\/www.bontempi.it\/fr\/wp-json\/wp\/v2\/kind?post=129322"},{"taxonomy":"room","embeddable":true,"href":"https:\/\/www.bontempi.it\/fr\/wp-json\/wp\/v2\/room?post=129322"},{"taxonomy":"material","embeddable":true,"href":"https:\/\/www.bontempi.it\/fr\/wp-json\/wp\/v2\/material?post=129322"},{"taxonomy":"color","embeddable":true,"href":"https:\/\/www.bontempi.it\/fr\/wp-json\/wp\/v2\/color?post=129322"},{"taxonomy":"certification","embeddable":true,"href":"https:\/\/www.bontempi.it\/fr\/wp-json\/wp\/v2\/certification?post=129322"}],"curies":[{"name":"wp","href":"https:\/\/api.w.org\/{rel}","templated":true}]}}