{"id":129320,"date":"2023-11-09T10:09:17","date_gmt":"2023-11-09T09:09:17","guid":{"rendered":"https:\/\/www.bontempi.it\/product\/mood-rivestita-34-15r\/"},"modified":"2024-04-26T18:55:32","modified_gmt":"2024-04-26T16:55:32","slug":"mood-rivestita-34-15r","status":"publish","type":"product","link":"https:\/\/www.bontempi.it\/fr\/mood-revetue-3415r\/","title":{"rendered":"Mood Rev\u00eatue &#8211; 34.15R"},"content":{"rendered":"<p>Chaise avec roulettes et structure pivotant en moulage sous pression Aluminium, Coque en Polypropyl\u00e8ne rembourr\u00e9e et rev\u00eatue dans la partie ant\u00e9rieure en Cuir \u00c9co Premium, tissu Bouquet, tissu Gourmet, Tissu Nordic, Reine Schnurwolle, Velours Supreme, tissu Kvadrat Field, tissu Kvadrat Coda et Peau Premium.<\/p>\n","protected":false},"excerpt":{"rendered":"<p>Chaise avec roulettes et structure pivotant en moulage sous pression Aluminium, Coque en Polypropyl\u00e8ne rembourr\u00e9e et rev\u00eatue dans la partie ant\u00e9rieure en Cuir \u00c9co Premium, tissu Bouquet, tissu Gourmet, Tissu Nordic, Reine Schnurwolle, Velours Supreme, tissu Kvadrat Field, tissu Kvadrat Coda et Peau Premium.<\/p>\n","protected":false},"featured_media":0,"template":"","line":[74170],"kind":[70955,70956],"room":[71461,71464],"material":[68141,68282,68314,68408,68754,68786,75236,68143,68284,68316,68410,68756,68788,75237,68145,68286,68318,68412,68758,68841,75238,68149,68288,68330,68414,68760,75222,75240,68151,68290,68332,68416,68762,75224,75241,68153,68292,68334,68418,68764,75225,75243,68119,68155,68294,68336,68420,68766,75226,75676,68121,68156,68296,68338,68422,68768,75227,75677,68123,68159,68298,68340,68424,68770,75228,75678,68125,68161,68300,68342,68426,68772,75229,75679,68127,68163,68302,68345,68428,68774,75230,75680,68129,68165,68304,68351,68430,68776,75231,75681,68131,68167,68306,68353,68538,68778,75232,75682,68133,68169,68308,68402,68690,68780,75233,75683,68135,68278,68310,68404,68748,68782,75234,68139,68280,68312,68406,68752,68784,75235],"color":[77336,77344,77345,77346,77349,60635,75039,75171,75172,75753,75754,75755,75756,75758,75759],"certification":[],"class_list":["post-129320","product","type-product","status-publish","hentry","line-mood-lined-fr","kind-seatings-fr","kind-chairs-fr","room-kitchen-fr","room-contract-fr","material-pr08-fr","material-tebq013-fr","material-tebq001-fr","material-teno002-fr","material-tve11-fr","material-tve09-fr","material-tego018-fr","material-pr20-fr","material-tebq016-fr","material-tebq006-fr","material-teno005-fr","material-tve19-fr","material-tve20-fr","material-tego019-fr","material-pr05-fr","material-tebq017-fr","material-tebq011-fr","material-teno007-fr","material-tve13-fr","material-tns09-fr","material-tego020-fr","material-pr11-fr","material-tebq005-fr","material-tkc03-fr","material-teno013-fr","material-tve08-fr","material-tego002-fr","material-tego022-fr","material-pr15-fr","material-tebq010-fr","material-tkc06-fr","material-teno004-fr","material-tve14-fr","material-tego005-fr","material-tego023-fr","material-pr23-fr","material-tebq002-fr","material-tkc02-fr","material-teno010-fr","material-tve01-fr","material-tego006-fr","material-tego025-fr","material-pr24-fr","material-pr21-fr","material-tebq015-fr","material-tkc01-fr","material-teno014-fr","material-tve17-fr","material-tego007-fr","material-sunrise-fabric-fr","material-pr10-fr","material-pr22-fr","material-tebq014-fr","material-tkc04-fr","material-teno006-fr","material-tve10-fr","material-tego008-fr","material-tesu001-fr","material-pr12-fr","material-pr04-fr","material-tebq021-fr","material-tkc07-fr","material-teno011-fr","material-tve03-fr","material-tego009-fr","material-tesu002-fr","material-pr02-fr","material-pr09-fr","material-tebq018-fr","material-tkc05-fr","material-teno012-fr","material-tve18-fr","material-tego010-fr","material-tesu003-fr","material-pr03-fr","material-pr17-fr","material-tebq019-fr","material-tkf06-fr","material-teno001-fr","material-tve05-fr","material-tego011-fr","material-tesu004-fr","material-pr01-fr","material-pr06-fr","material-tebq003-fr","material-tkf02-fr","material-teno008-fr","material-tve04-fr","material-tego012-fr","material-tesu005-fr","material-pr13-fr","material-pr18-fr","material-tebq012-fr","material-tkf01-fr","material-tego024-fr","material-tve07-fr","material-tego014-fr","material-tesu006-fr","material-pr16-fr","material-pr19-fr","material-tebq009-fr","material-teno009-fr","material-tego021-fr","material-tve06-fr","material-tego015-fr","material-tesu007-fr","material-pr07-fr","material-tebq020-fr","material-tebq007-fr","material-teno003-fr","material-tve5-fr","material-tve16-fr","material-tego016-fr","material-pr14-fr","material-tebq004-fr","material-tebq008-fr","material-teno015-fr","material-tve12-fr","material-tve02-fr","material-tego017-fr","color-white-fr","color-grey-fr","color-chocolate-fr","color-black-fr","color-red-fr","color-beige-fr","color-light-blue-fr","color-white-black-fr","color-viola-fr","color-blue-fr","color-brown-fr","color-green-fr","color-orange-fr","color-rose-fr","color-yellow-fr"],"acf":{"sku":"34.15R","line":[74170],"is_accessory":false,"is_configurable":true,"kind":[70955,70956],"rooms":[71461,71464],"seats":"","dimensions":{"diameter":"","x":"60","z":"60","y":"84\/49"},"finishing":{"top":[],"structure":{"68013":68013,"68015":68015,"68016":68016,"68029":68029,"68033":68033,"68034":68034,"68035":68035,"68036":68036,"68037":68037,"68040":68040,"68042":68042,"68044":68044},"lower_cuff":[],"upper_cuff":[],"matchable_top":[],"builtin_revolving_central_top":[],"throat":[],"lampshade":[],"back":[],"sitting":{"68185":68185,"68187":68187,"68188":68188,"68189":68189,"68190":68190,"68192":68192,"68193":68193,"75491":75491,"75487":75487,"75483":75483,"75479":75479,"75475":75475,"75495":75495,"75511":75511,"75527":75527,"75503":75503,"75507":75507,"75523":75523,"75519":75519,"75499":75499,"75515":75515,"76837":76837,"76838":76838,"76840":76840,"76841":76841},"cushions":{"68119":68119,"68121":68121,"68123":68123,"68125":68125,"68127":68127,"68129":68129,"68131":68131,"68133":68133,"68135":68135,"68139":68139,"68141":68141,"68143":68143,"68145":68145,"68149":68149,"68151":68151,"68153":68153,"68155":68155,"68156":68156,"68159":68159,"68161":68161,"68163":68163,"68165":68165,"68167":68167,"68169":68169,"68278":68278,"68280":68280,"68282":68282,"68284":68284,"68286":68286,"68288":68288,"68290":68290,"68292":68292,"68294":68294,"68296":68296,"68298":68298,"68300":68300,"68302":68302,"68304":68304,"68306":68306,"68308":68308,"68310":68310,"68312":68312,"68314":68314,"68316":68316,"68318":68318,"68330":68330,"68332":68332,"68334":68334,"68336":68336,"68338":68338,"68340":68340,"68342":68342,"68345":68345,"68351":68351,"68353":68353,"68402":68402,"68404":68404,"68406":68406,"68408":68408,"68410":68410,"68412":68412,"68414":68414,"68416":68416,"68418":68418,"68420":68420,"68422":68422,"68424":68424,"68426":68426,"68428":68428,"68430":68430,"68538":68538,"68690":68690,"68748":68748,"68752":68752,"68754":68754,"68756":68756,"68758":68758,"68760":68760,"68762":68762,"68764":68764,"68766":68766,"68768":68768,"68770":68770,"68772":68772,"68774":68774,"68776":68776,"68778":68778,"68780":68780,"68782":68782,"68784":68784,"68786":68786,"68788":68788,"68841":68841,"75222":75222,"75676":75676,"75224":75224,"75225":75225,"75226":75226,"75227":75227,"75228":75228,"75229":75229,"75230":75230,"75231":75231,"75232":75232,"75233":75233,"75234":75234,"75235":75235,"75236":75236,"75237":75237,"75238":75238,"75240":75240,"75241":75241,"75243":75243,"75677":75677,"75678":75678,"75679":75679,"75680":75680,"75681":75681,"75682":75682,"75683":75683},"decorative_inner":[],"decorative_inserts":[],"side":[],"support":[],"front_doors":[],"top_front_doors":[],"seat_structure":[],"top_structure":[],"covering":[],"optional_shelf":[],"mirror":[],"side_panels":[],"centerpiece":[]},"colors":{"top":[],"structure":{"77344":77344,"75630":75630,"77336":77336,"77346":77346,"77347":77347,"77348":77348,"77345":77345,"60635":60635},"lower_cuff":[],"upper_cuff":[],"matchable_top":[],"builtin_revolving_central_top":[],"throat":[],"lampshade":[],"back":[],"sitting":{"77344":77344,"77336":77336,"75756":75756,"75759":75759,"77346":77346,"60635":60635,"77345":77345},"cushions":{"77349":77349,"77344":77344,"75039":75039,"60635":60635,"77336":77336,"77345":77345,"75758":75758,"75759":75759,"77346":77346,"75755":75755,"75753":75753,"75754":75754,"75756":75756,"75171":75171,"75172":75172},"decorative_inner":[],"decorative_inserts":[],"side":[],"support":[],"front_doors":[],"top_front_doors":[],"seat_structure":[],"top_structure":[],"covering":[],"optional_shelf":[],"mirror":[],"side_panels":[],"centerpiece":[]},"accessories":"","related":[126867],"gallery":[30833],"product_sheet":"https:\/\/www.bontempi.it\/wp-content\/uploads\/2023\/03\/Mood-34.15-34.15R.pdf","attachments":null,"videos":null,"silhouette":32767},"_links":{"self":[{"href":"https:\/\/www.bontempi.it\/fr\/wp-json\/wp\/v2\/product\/129320","targetHints":{"allow":["GET"]}}],"collection":[{"href":"https:\/\/www.bontempi.it\/fr\/wp-json\/wp\/v2\/product"}],"about":[{"href":"https:\/\/www.bontempi.it\/fr\/wp-json\/wp\/v2\/types\/product"}],"acf:attachment":[{"embeddable":true,"href":"https:\/\/www.bontempi.it\/fr\/wp-json\/wp\/v2\/media\/30833"}],"acf:post":[{"embeddable":true,"href":"https:\/\/www.bontempi.it\/fr\/wp-json\/wp\/v2\/product\/126867"}],"acf:term":[{"embeddable":true,"taxonomy":"room","href":"https:\/\/www.bontempi.it\/fr\/wp-json\/wp\/v2\/room\/71464"},{"embeddable":true,"taxonomy":"room","href":"https:\/\/www.bontempi.it\/fr\/wp-json\/wp\/v2\/room\/71461"},{"embeddable":true,"taxonomy":"kind","href":"https:\/\/www.bontempi.it\/fr\/wp-json\/wp\/v2\/kind\/70956"},{"embeddable":true,"taxonomy":"kind","href":"https:\/\/www.bontempi.it\/fr\/wp-json\/wp\/v2\/kind\/70955"},{"embeddable":true,"taxonomy":"line","href":"https:\/\/www.bontempi.it\/fr\/wp-json\/wp\/v2\/line\/74170"}],"wp:attachment":[{"href":"https:\/\/www.bontempi.it\/fr\/wp-json\/wp\/v2\/media?parent=129320"}],"wp:term":[{"taxonomy":"line","embeddable":true,"href":"https:\/\/www.bontempi.it\/fr\/wp-json\/wp\/v2\/line?post=129320"},{"taxonomy":"kind","embeddable":true,"href":"https:\/\/www.bontempi.it\/fr\/wp-json\/wp\/v2\/kind?post=129320"},{"taxonomy":"room","embeddable":true,"href":"https:\/\/www.bontempi.it\/fr\/wp-json\/wp\/v2\/room?post=129320"},{"taxonomy":"material","embeddable":true,"href":"https:\/\/www.bontempi.it\/fr\/wp-json\/wp\/v2\/material?post=129320"},{"taxonomy":"color","embeddable":true,"href":"https:\/\/www.bontempi.it\/fr\/wp-json\/wp\/v2\/color?post=129320"},{"taxonomy":"certification","embeddable":true,"href":"https:\/\/www.bontempi.it\/fr\/wp-json\/wp\/v2\/certification?post=129320"}],"curies":[{"name":"wp","href":"https:\/\/api.w.org\/{rel}","templated":true}]}}