{"id":129303,"date":"2023-11-09T10:08:09","date_gmt":"2023-11-09T09:08:09","guid":{"rendered":"https:\/\/www.bontempi.it\/product\/mood-outdoor-34-08cus\/"},"modified":"2024-04-26T19:03:29","modified_gmt":"2024-04-26T17:03:29","slug":"mood-outdoor-34-08cus","status":"publish","type":"product","link":"https:\/\/www.bontempi.it\/fr\/mood-coussin-3408cus\/","title":{"rendered":"Mood Coussin &#8211; 34.08CUS"},"content":{"rendered":"<p>Coussin rembourr\u00e9 et rev\u00eatu en Cuir \u00c9co Premium, Bouquet fabric, Gourmet fabric, Nordic fabric, Pure Virgin Wool, Velours Supreme, Kvadrat Field tissu, Kvadrat Coda tissu et Peau Premium.<\/p>\n","protected":false},"excerpt":{"rendered":"<p>Coussin rembourr\u00e9 et rev\u00eatu en Cuir \u00c9co Premium, Bouquet fabric, Gourmet fabric, Nordic fabric, Pure Virgin Wool, Velours Supreme, Kvadrat Field tissu, Kvadrat Coda tissu et Peau Premium.<\/p>\n","protected":false},"featured_media":0,"template":"","line":[74171],"kind":[70878,70955,70956],"room":[71450,71461,71463,71464],"material":[68445,68433,68435,68437,68439,68441,68443],"color":[60635,75039,77344,77345],"certification":[60764],"class_list":["post-129303","product","type-product","status-publish","hentry","line-mood-outdoor-fr","kind-chairs","kind-seatings-fr","kind-chairs-fr","room-contract","room-kitchen-fr","room-outdoor-fr","room-contract-fr","material-tou01-fr","material-tou05-fr","material-tou06-fr","material-tou07-fr","material-tou03-fr","material-tou04-fr","material-tou02-fr","color-beige-fr","color-light-blue-fr","color-grey-fr","color-chocolate-fr","certification-outdoor-tessuti-fr"],"acf":{"sku":"34.08CUS","line":[74171],"is_accessory":false,"is_configurable":true,"kind":[70878,70955,70956],"rooms":[71461,71463,71464,71450],"seats":"","dimensions":{"diameter":"","x":"46","z":"42","y":"2"},"finishing":{"top":[],"structure":[],"lower_cuff":[],"upper_cuff":[],"matchable_top":[],"builtin_revolving_central_top":[],"throat":[],"lampshade":[],"back":[],"sitting":[],"cushions":{"68433":68433,"68435":68435,"68437":68437,"68439":68439,"68441":68441,"68443":68443,"68445":68445},"decorative_inner":[],"decorative_inserts":[],"side":[],"support":[],"front_doors":[],"top_front_doors":[],"seat_structure":[],"top_structure":[],"covering":[],"optional_shelf":[],"mirror":[],"side_panels":[],"centerpiece":[]},"colors":{"top":[],"structure":[],"lower_cuff":[],"upper_cuff":[],"matchable_top":[],"builtin_revolving_central_top":[],"throat":[],"lampshade":[],"back":[],"sitting":[],"cushions":{"77344":77344,"75039":75039,"77345":77345,"60635":60635},"decorative_inner":[],"decorative_inserts":[],"side":[],"support":[],"front_doors":[],"top_front_doors":[],"seat_structure":[],"top_structure":[],"covering":[],"optional_shelf":[],"mirror":[],"side_panels":[],"centerpiece":[]},"accessories":[126851],"related":[126850,126859],"gallery":[74366,74371],"product_sheet":"","attachments":null,"videos":null,"silhouette":32707},"_links":{"self":[{"href":"https:\/\/www.bontempi.it\/fr\/wp-json\/wp\/v2\/product\/129303","targetHints":{"allow":["GET"]}}],"collection":[{"href":"https:\/\/www.bontempi.it\/fr\/wp-json\/wp\/v2\/product"}],"about":[{"href":"https:\/\/www.bontempi.it\/fr\/wp-json\/wp\/v2\/types\/product"}],"acf:attachment":[{"embeddable":true,"href":"https:\/\/www.bontempi.it\/fr\/wp-json\/wp\/v2\/media\/74371"},{"embeddable":true,"href":"https:\/\/www.bontempi.it\/fr\/wp-json\/wp\/v2\/media\/74366"}],"acf:post":[{"embeddable":true,"href":"https:\/\/www.bontempi.it\/fr\/wp-json\/wp\/v2\/product\/126859"},{"embeddable":true,"href":"https:\/\/www.bontempi.it\/fr\/wp-json\/wp\/v2\/product\/126850"},{"embeddable":true,"href":"https:\/\/www.bontempi.it\/fr\/wp-json\/wp\/v2\/product\/126851"}],"acf:term":[{"embeddable":true,"taxonomy":"room","href":"https:\/\/www.bontempi.it\/fr\/wp-json\/wp\/v2\/room\/71450"},{"embeddable":true,"taxonomy":"room","href":"https:\/\/www.bontempi.it\/fr\/wp-json\/wp\/v2\/room\/71464"},{"embeddable":true,"taxonomy":"room","href":"https:\/\/www.bontempi.it\/fr\/wp-json\/wp\/v2\/room\/71463"},{"embeddable":true,"taxonomy":"room","href":"https:\/\/www.bontempi.it\/fr\/wp-json\/wp\/v2\/room\/71461"},{"embeddable":true,"taxonomy":"kind","href":"https:\/\/www.bontempi.it\/fr\/wp-json\/wp\/v2\/kind\/70956"},{"embeddable":true,"taxonomy":"kind","href":"https:\/\/www.bontempi.it\/fr\/wp-json\/wp\/v2\/kind\/70955"},{"embeddable":true,"taxonomy":"kind","href":"https:\/\/www.bontempi.it\/fr\/wp-json\/wp\/v2\/kind\/70878"},{"embeddable":true,"taxonomy":"line","href":"https:\/\/www.bontempi.it\/fr\/wp-json\/wp\/v2\/line\/74171"}],"wp:attachment":[{"href":"https:\/\/www.bontempi.it\/fr\/wp-json\/wp\/v2\/media?parent=129303"}],"wp:term":[{"taxonomy":"line","embeddable":true,"href":"https:\/\/www.bontempi.it\/fr\/wp-json\/wp\/v2\/line?post=129303"},{"taxonomy":"kind","embeddable":true,"href":"https:\/\/www.bontempi.it\/fr\/wp-json\/wp\/v2\/kind?post=129303"},{"taxonomy":"room","embeddable":true,"href":"https:\/\/www.bontempi.it\/fr\/wp-json\/wp\/v2\/room?post=129303"},{"taxonomy":"material","embeddable":true,"href":"https:\/\/www.bontempi.it\/fr\/wp-json\/wp\/v2\/material?post=129303"},{"taxonomy":"color","embeddable":true,"href":"https:\/\/www.bontempi.it\/fr\/wp-json\/wp\/v2\/color?post=129303"},{"taxonomy":"certification","embeddable":true,"href":"https:\/\/www.bontempi.it\/fr\/wp-json\/wp\/v2\/certification?post=129303"}],"curies":[{"name":"wp","href":"https:\/\/api.w.org\/{rel}","templated":true}]}}