{"id":129296,"date":"2023-11-09T10:08:09","date_gmt":"2023-11-09T09:08:09","guid":{"rendered":"https:\/\/www.bontempi.it\/product\/freak-outdoor-34-02out\/"},"modified":"2024-09-25T12:57:01","modified_gmt":"2024-09-25T10:57:01","slug":"freak-outdoor-34-02out","status":"publish","type":"product","link":"https:\/\/www.bontempi.it\/fr\/freak-pour-lexterieur-3402out\/","title":{"rendered":"Freak pour l\u2019ext\u00e9rieur &#8211; 34.02OUT"},"content":{"rendered":"<p>Chaise empilable pour ext\u00e9rieur, structure en m\u00e9tal laqu\u00e9.<\/p>\n","protected":false},"excerpt":{"rendered":"<p>Pour ext\u00e9rieur<\/p>\n","protected":false},"featured_media":0,"template":"","line":[74072],"kind":[70955,70956],"room":[71461,71463,71464],"material":[68039,68043,68014,68018,68030],"color":[77345,60635,77336,77344],"certification":[60762,60765],"class_list":["post-129296","product","type-product","status-publish","hentry","line-freak-outdoor-fr","kind-seatings-fr","kind-chairs-fr","room-kitchen-fr","room-outdoor-fr","room-contract-fr","material-m028x-fr","material-m312x-fr","material-m310x-fr","material-m306x-fr","material-m097x-fr","color-chocolate-fr","color-beige-fr","color-white-fr","color-grey-fr","certification-outdoor-sedie-fr","certification-impilabilita-sedie-fr"],"acf":{"sku":"34.02OUT","line":[74072],"is_accessory":false,"is_configurable":true,"kind":[70955,70956],"rooms":[71461,71463,71464],"seats":"","dimensions":{"diameter":"","x":"50","z":"52","y":"82\/46"},"finishing":{"top":[],"structure":[],"lower_cuff":[],"upper_cuff":[],"matchable_top":[],"builtin_revolving_central_top":[],"throat":[],"lampshade":[],"back":[],"sitting":[],"cushions":[],"decorative_inner":[],"decorative_inserts":[],"side":[],"support":[],"front_doors":[],"top_front_doors":[],"seat_structure":{"68014":68014,"68018":68018,"68030":68030,"68039":68039,"68043":68043},"top_structure":[],"covering":[],"optional_shelf":[],"mirror":[],"side_panels":[],"centerpiece":[]},"colors":{"top":[],"structure":[],"lower_cuff":[],"upper_cuff":[],"matchable_top":[],"builtin_revolving_central_top":[],"throat":[],"lampshade":[],"back":[],"sitting":[],"cushions":[],"decorative_inner":[],"decorative_inserts":[],"side":[],"support":[],"front_doors":[],"top_front_doors":[],"seat_structure":{"77344":77344,"77336":77336,"77345":77345,"60635":60635},"top_structure":[],"covering":[],"optional_shelf":[],"mirror":[],"side_panels":[],"centerpiece":[]},"accessories":"","related":[126840,126843],"gallery":[59857],"product_sheet":"https:\/\/www.bontempi.it\/wp-content\/uploads\/2023\/03\/Freak-34.02.pdf","attachments":null,"videos":null,"silhouette":37059},"_links":{"self":[{"href":"https:\/\/www.bontempi.it\/fr\/wp-json\/wp\/v2\/product\/129296","targetHints":{"allow":["GET"]}}],"collection":[{"href":"https:\/\/www.bontempi.it\/fr\/wp-json\/wp\/v2\/product"}],"about":[{"href":"https:\/\/www.bontempi.it\/fr\/wp-json\/wp\/v2\/types\/product"}],"acf:attachment":[{"embeddable":true,"href":"https:\/\/www.bontempi.it\/fr\/wp-json\/wp\/v2\/media\/59857"}],"acf:post":[{"embeddable":true,"href":"https:\/\/www.bontempi.it\/fr\/wp-json\/wp\/v2\/product\/126843"},{"embeddable":true,"href":"https:\/\/www.bontempi.it\/fr\/wp-json\/wp\/v2\/product\/126840"}],"acf:term":[{"embeddable":true,"taxonomy":"room","href":"https:\/\/www.bontempi.it\/fr\/wp-json\/wp\/v2\/room\/71464"},{"embeddable":true,"taxonomy":"room","href":"https:\/\/www.bontempi.it\/fr\/wp-json\/wp\/v2\/room\/71463"},{"embeddable":true,"taxonomy":"room","href":"https:\/\/www.bontempi.it\/fr\/wp-json\/wp\/v2\/room\/71461"},{"embeddable":true,"taxonomy":"kind","href":"https:\/\/www.bontempi.it\/fr\/wp-json\/wp\/v2\/kind\/70956"},{"embeddable":true,"taxonomy":"kind","href":"https:\/\/www.bontempi.it\/fr\/wp-json\/wp\/v2\/kind\/70955"},{"embeddable":true,"taxonomy":"line","href":"https:\/\/www.bontempi.it\/fr\/wp-json\/wp\/v2\/line\/74072"}],"wp:attachment":[{"href":"https:\/\/www.bontempi.it\/fr\/wp-json\/wp\/v2\/media?parent=129296"}],"wp:term":[{"taxonomy":"line","embeddable":true,"href":"https:\/\/www.bontempi.it\/fr\/wp-json\/wp\/v2\/line?post=129296"},{"taxonomy":"kind","embeddable":true,"href":"https:\/\/www.bontempi.it\/fr\/wp-json\/wp\/v2\/kind?post=129296"},{"taxonomy":"room","embeddable":true,"href":"https:\/\/www.bontempi.it\/fr\/wp-json\/wp\/v2\/room?post=129296"},{"taxonomy":"material","embeddable":true,"href":"https:\/\/www.bontempi.it\/fr\/wp-json\/wp\/v2\/material?post=129296"},{"taxonomy":"color","embeddable":true,"href":"https:\/\/www.bontempi.it\/fr\/wp-json\/wp\/v2\/color?post=129296"},{"taxonomy":"certification","embeddable":true,"href":"https:\/\/www.bontempi.it\/fr\/wp-json\/wp\/v2\/certification?post=129296"}],"curies":[{"name":"wp","href":"https:\/\/api.w.org\/{rel}","templated":true}]}}