{"id":129295,"date":"2023-11-09T10:08:09","date_gmt":"2023-11-09T09:08:09","guid":{"rendered":"https:\/\/www.bontempi.it\/product\/freak-34-02cus\/"},"modified":"2024-04-26T18:56:30","modified_gmt":"2024-04-26T16:56:30","slug":"freak-34-02cus","status":"publish","type":"product","link":"https:\/\/www.bontempi.it\/fr\/freak-coussin-3402cus\/","title":{"rendered":"Freak Coussin &#8211; 34.02CUS"},"content":{"rendered":"<p>Coussin optionnel pour chaise Freak rembourr\u00e9 et rev\u00eatu en Cuir \u00c9co Premium, Bouquet fabric, Gourmet fabric, Nordic fabric, Pure Virgin Wool, Velours ou Peau Premium. Aussi disponible avec tissu pour l\u2019ext\u00e9rieur.<\/p>\n","protected":false},"excerpt":{"rendered":"<p>Coussin optionnel pour chaise Freak rembourr\u00e9 et rev\u00eatu en Cuir \u00c9co Premium, Bouquet fabric, Gourmet fabric, Nordic fabric, Pure Virgin Wool, Velours ou Peau Premium. Aussi disponible avec tissu pour l\u2019ext\u00e9rieur.<\/p>\n","protected":false},"featured_media":0,"template":"","line":[74071],"kind":[70955,70956],"room":[71461,71464],"material":[68129,68165,68304,68418,68748,68782,75234,68131,68167,68306,68420,68752,68784,75235,68133,68169,68308,68422,68754,68786,75236,68135,68278,68310,68424,68756,68788,75237,68139,68280,68312,68426,68758,68841,75238,68141,68282,68314,68428,68760,75222,75240,68143,68284,68316,68430,68762,75224,75241,68145,68286,68318,68433,68764,75225,75243,68149,68288,68402,68435,68766,75226,75676,68151,68290,68404,68437,68768,75227,68153,68292,68406,68439,68770,75228,68119,68155,68294,68408,68441,68772,75229,68121,68156,68296,68410,68443,68774,75230,68123,68159,68298,68412,68445,68776,75231,68125,68161,68300,68414,68538,68778,75232,68127,68163,68302,68416,68690,68780,75233],"color":[75754,75755,75756,75758,75759,77336,77344,77345,77346,77349,60635,75039,75171,75172,75753],"certification":[60764],"class_list":["post-129295","product","type-product","status-publish","hentry","line-freak-fr","kind-seatings-fr","kind-chairs-fr","room-kitchen-fr","room-contract-fr","material-pr01-fr","material-pr06-fr","material-tebq003-fr","material-teno010-fr","material-tve5-fr","material-tve16-fr","material-tego016-fr","material-pr13-fr","material-pr18-fr","material-tebq012-fr","material-teno014-fr","material-tve12-fr","material-tve02-fr","material-tego017-fr","material-pr16-fr","material-pr19-fr","material-tebq009-fr","material-teno006-fr","material-tve11-fr","material-tve09-fr","material-tego018-fr","material-pr07-fr","material-tebq020-fr","material-tebq007-fr","material-teno011-fr","material-tve19-fr","material-tve20-fr","material-tego019-fr","material-pr14-fr","material-tebq004-fr","material-tebq008-fr","material-teno012-fr","material-tve13-fr","material-tns09-fr","material-tego020-fr","material-pr08-fr","material-tebq013-fr","material-tebq001-fr","material-teno001-fr","material-tve08-fr","material-tego002-fr","material-tego022-fr","material-pr20-fr","material-tebq016-fr","material-tebq006-fr","material-teno008-fr","material-tve14-fr","material-tego005-fr","material-tego023-fr","material-pr05-fr","material-tebq017-fr","material-tebq011-fr","material-tou05-fr","material-tve01-fr","material-tego006-fr","material-tego025-fr","material-pr11-fr","material-tebq005-fr","material-teno009-fr","material-tou06-fr","material-tve17-fr","material-tego007-fr","material-sunrise-fabric-fr","material-pr15-fr","material-tebq010-fr","material-teno003-fr","material-tou07-fr","material-tve10-fr","material-tego008-fr","material-pr23-fr","material-tebq002-fr","material-teno015-fr","material-tou03-fr","material-tve03-fr","material-tego009-fr","material-pr24-fr","material-pr21-fr","material-tebq015-fr","material-teno002-fr","material-tou04-fr","material-tve18-fr","material-tego010-fr","material-pr10-fr","material-pr22-fr","material-tebq014-fr","material-teno005-fr","material-tou02-fr","material-tve05-fr","material-tego011-fr","material-pr12-fr","material-pr04-fr","material-tebq021-fr","material-teno007-fr","material-tou01-fr","material-tve04-fr","material-tego012-fr","material-pr02-fr","material-pr09-fr","material-tebq018-fr","material-teno013-fr","material-tego024-fr","material-tve07-fr","material-tego014-fr","material-pr03-fr","material-pr17-fr","material-tebq019-fr","material-teno004-fr","material-tego021-fr","material-tve06-fr","material-tego015-fr","color-brown-fr","color-green-fr","color-orange-fr","color-rose-fr","color-yellow-fr","color-white-fr","color-grey-fr","color-chocolate-fr","color-black-fr","color-red-fr","color-beige-fr","color-light-blue-fr","color-white-black-fr","color-viola-fr","color-blue-fr","certification-outdoor-tessuti-fr"],"acf":{"sku":"34.02CUS","line":[74071],"is_accessory":false,"is_configurable":false,"kind":[70955,70956],"rooms":[71461,71464],"seats":"","dimensions":{"diameter":"","x":"43","z":"43","y":"4"},"finishing":{"top":[],"structure":[],"lower_cuff":[],"upper_cuff":[],"matchable_top":[],"builtin_revolving_central_top":[],"throat":[],"lampshade":[],"back":[],"sitting":{"75491":75491,"75487":75487,"75483":75483,"75479":75479,"75475":75475,"75495":75495,"75511":75511,"75527":75527,"75503":75503,"75507":75507,"75523":75523,"75519":75519,"75499":75499,"75515":75515,"76837":76837,"76838":76838,"76840":76840,"76841":76841},"cushions":{"68119":68119,"68121":68121,"68123":68123,"68125":68125,"68127":68127,"68129":68129,"68131":68131,"68133":68133,"68135":68135,"68139":68139,"68141":68141,"68143":68143,"68145":68145,"68149":68149,"68151":68151,"68153":68153,"68155":68155,"68156":68156,"68159":68159,"68161":68161,"68163":68163,"68165":68165,"68167":68167,"68169":68169,"68278":68278,"68280":68280,"68282":68282,"68284":68284,"68286":68286,"68288":68288,"68290":68290,"68292":68292,"68294":68294,"68296":68296,"68298":68298,"68300":68300,"68302":68302,"68304":68304,"68306":68306,"68308":68308,"68310":68310,"68312":68312,"68314":68314,"68316":68316,"68318":68318,"68402":68402,"68404":68404,"68406":68406,"68408":68408,"68410":68410,"68412":68412,"68414":68414,"68416":68416,"68418":68418,"68420":68420,"68422":68422,"68424":68424,"68426":68426,"68428":68428,"68430":68430,"68433":68433,"68435":68435,"68437":68437,"68439":68439,"68441":68441,"68443":68443,"68445":68445,"68538":68538,"68690":68690,"68748":68748,"68752":68752,"68754":68754,"68756":68756,"68758":68758,"68760":68760,"68762":68762,"68764":68764,"68766":68766,"68768":68768,"68770":68770,"68772":68772,"68774":68774,"68776":68776,"68778":68778,"68780":68780,"68782":68782,"68784":68784,"68786":68786,"68788":68788,"68841":68841,"75222":75222,"75676":75676,"75224":75224,"75225":75225,"75226":75226,"75227":75227,"75228":75228,"75229":75229,"75230":75230,"75231":75231,"75232":75232,"75233":75233,"75234":75234,"75235":75235,"75236":75236,"75237":75237,"75238":75238,"75240":75240,"75241":75241,"75243":75243},"decorative_inner":[],"decorative_inserts":[],"side":[],"support":[],"front_doors":[],"top_front_doors":[],"seat_structure":[],"top_structure":[],"covering":[],"optional_shelf":[],"mirror":[],"side_panels":[],"centerpiece":[]},"colors":{"top":[],"structure":[],"lower_cuff":[],"upper_cuff":[],"matchable_top":[],"builtin_revolving_central_top":[],"throat":[],"lampshade":[],"back":[],"sitting":{"60635":60635,"77336":77336,"77344":77344,"77346":77346,"75756":75756,"75759":75759,"77345":77345},"cushions":{"77349":77349,"77344":77344,"75039":75039,"60635":60635,"77336":77336,"77345":77345,"75758":75758,"75759":75759,"77346":77346,"75755":75755,"75753":75753,"75754":75754,"75756":75756,"75172":75172,"75171":75171},"decorative_inner":[],"decorative_inserts":[],"side":[],"support":[],"front_doors":[],"top_front_doors":[],"seat_structure":[],"top_structure":[],"covering":[],"optional_shelf":[],"mirror":[],"side_panels":[],"centerpiece":[]},"accessories":"","related":[126324,126461,126577,126818,126840,126844,127064,127079,127237],"gallery":[26287,19018,59742,26756,19051,40287,59737,59852,59882,26772,59857,26748],"product_sheet":"","attachments":null,"videos":null,"silhouette":37055},"_links":{"self":[{"href":"https:\/\/www.bontempi.it\/fr\/wp-json\/wp\/v2\/product\/129295","targetHints":{"allow":["GET"]}}],"collection":[{"href":"https:\/\/www.bontempi.it\/fr\/wp-json\/wp\/v2\/product"}],"about":[{"href":"https:\/\/www.bontempi.it\/fr\/wp-json\/wp\/v2\/types\/product"}],"acf:attachment":[{"embeddable":true,"href":"https:\/\/www.bontempi.it\/fr\/wp-json\/wp\/v2\/media\/26748"},{"embeddable":true,"href":"https:\/\/www.bontempi.it\/fr\/wp-json\/wp\/v2\/media\/59857"},{"embeddable":true,"href":"https:\/\/www.bontempi.it\/fr\/wp-json\/wp\/v2\/media\/26772"},{"embeddable":true,"href":"https:\/\/www.bontempi.it\/fr\/wp-json\/wp\/v2\/media\/59882"},{"embeddable":true,"href":"https:\/\/www.bontempi.it\/fr\/wp-json\/wp\/v2\/media\/59852"},{"embeddable":true,"href":"https:\/\/www.bontempi.it\/fr\/wp-json\/wp\/v2\/media\/59737"},{"embeddable":true,"href":"https:\/\/www.bontempi.it\/fr\/wp-json\/wp\/v2\/media\/40287"},{"embeddable":true,"href":"https:\/\/www.bontempi.it\/fr\/wp-json\/wp\/v2\/media\/19051"},{"embeddable":true,"href":"https:\/\/www.bontempi.it\/fr\/wp-json\/wp\/v2\/media\/26756"},{"embeddable":true,"href":"https:\/\/www.bontempi.it\/fr\/wp-json\/wp\/v2\/media\/59742"},{"embeddable":true,"href":"https:\/\/www.bontempi.it\/fr\/wp-json\/wp\/v2\/media\/19018"},{"embeddable":true,"href":"https:\/\/www.bontempi.it\/fr\/wp-json\/wp\/v2\/media\/26287"}],"acf:post":[{"embeddable":true,"href":"https:\/\/www.bontempi.it\/fr\/wp-json\/wp\/v2\/product\/127079"},{"embeddable":true,"href":"https:\/\/www.bontempi.it\/fr\/wp-json\/wp\/v2\/product\/127064"},{"embeddable":true,"href":"https:\/\/www.bontempi.it\/fr\/wp-json\/wp\/v2\/product\/126844"},{"embeddable":true,"href":"https:\/\/www.bontempi.it\/fr\/wp-json\/wp\/v2\/product\/126840"},{"embeddable":true,"href":"https:\/\/www.bontempi.it\/fr\/wp-json\/wp\/v2\/product\/126818"},{"embeddable":true,"href":"https:\/\/www.bontempi.it\/fr\/wp-json\/wp\/v2\/product\/126577"},{"embeddable":true,"href":"https:\/\/www.bontempi.it\/fr\/wp-json\/wp\/v2\/product\/126461"},{"embeddable":true,"href":"https:\/\/www.bontempi.it\/fr\/wp-json\/wp\/v2\/product\/126324"}],"acf:term":[{"embeddable":true,"taxonomy":"room","href":"https:\/\/www.bontempi.it\/fr\/wp-json\/wp\/v2\/room\/71464"},{"embeddable":true,"taxonomy":"room","href":"https:\/\/www.bontempi.it\/fr\/wp-json\/wp\/v2\/room\/71461"},{"embeddable":true,"taxonomy":"kind","href":"https:\/\/www.bontempi.it\/fr\/wp-json\/wp\/v2\/kind\/70956"},{"embeddable":true,"taxonomy":"kind","href":"https:\/\/www.bontempi.it\/fr\/wp-json\/wp\/v2\/kind\/70955"},{"embeddable":true,"taxonomy":"line","href":"https:\/\/www.bontempi.it\/fr\/wp-json\/wp\/v2\/line\/74071"}],"wp:attachment":[{"href":"https:\/\/www.bontempi.it\/fr\/wp-json\/wp\/v2\/media?parent=129295"}],"wp:term":[{"taxonomy":"line","embeddable":true,"href":"https:\/\/www.bontempi.it\/fr\/wp-json\/wp\/v2\/line?post=129295"},{"taxonomy":"kind","embeddable":true,"href":"https:\/\/www.bontempi.it\/fr\/wp-json\/wp\/v2\/kind?post=129295"},{"taxonomy":"room","embeddable":true,"href":"https:\/\/www.bontempi.it\/fr\/wp-json\/wp\/v2\/room?post=129295"},{"taxonomy":"material","embeddable":true,"href":"https:\/\/www.bontempi.it\/fr\/wp-json\/wp\/v2\/material?post=129295"},{"taxonomy":"color","embeddable":true,"href":"https:\/\/www.bontempi.it\/fr\/wp-json\/wp\/v2\/color?post=129295"},{"taxonomy":"certification","embeddable":true,"href":"https:\/\/www.bontempi.it\/fr\/wp-json\/wp\/v2\/certification?post=129295"}],"curies":[{"name":"wp","href":"https:\/\/api.w.org\/{rel}","templated":true}]}}