{"id":129283,"date":"2023-11-09T10:07:25","date_gmt":"2023-11-09T09:07:25","guid":{"rendered":"https:\/\/www.bontempi.it\/product\/millennium-rotondo-20-91\/"},"modified":"2024-04-30T10:27:47","modified_gmt":"2024-04-30T08:27:47","slug":"millennium-rotondo-20-91","status":"publish","type":"product","link":"https:\/\/www.bontempi.it\/fr\/millennium-ring-2091\/","title":{"rendered":"Millennium ring &#8211; 20.91"},"content":{"rendered":"<p>Table ronde fixe, structure en m\u00e9tal laqu\u00e9, plateau ring ein bois plaqu\u00e9 et plateau pivotant central en Verre brillant, Verre anti-rayures opaque ou SuperMarbree.<\/p>\n","protected":false},"excerpt":{"rendered":"<p>Table ronde fixe, structure en m\u00e9tal laqu\u00e9, plateau ring ein bois plaqu\u00e9 et plateau pivotant central en Verre brillant, Verre anti-rayures opaque ou SuperMarbree.<\/p>\n","protected":false},"featured_media":0,"template":"","line":[74164],"kind":[70941,70942,70949],"room":[71459,71464],"material":[67916,68040,68042,68044,68255,68260,68262,68264,68267,68269,67884,67886,67890,67894,67903,67907],"color":[77345,77346,77348,60635,75045,75630,75856,77336,77344],"certification":[],"class_list":["post-129283","product","type-product","status-publish","hentry","line-millennium-round-fr","kind-tables-fr","kind-fixed-fr","kind-fixed-ring-fr","room-living-fr","room-contract-fr","material-c193-fr","material-m028-fr","material-m312-fr","material-m307-fr","material-cm003-fr","material-cm012-fr","material-cm032-fr","material-cm009-fr","material-cm010-fr","material-cm005-fr","material-c183s-fr","material-c180s-fr","material-c185s-fr","material-c181s-fr","material-c150-fr","material-c152-fr","color-chocolate-fr","color-black-fr","color-pink-gold-fr","color-beige-fr","color-multicolor-fr","color-silver-fr","color-transparent-fr","color-white-fr","color-grey-fr"],"acf":{"sku":"20.91","line":[74164],"is_accessory":false,"is_configurable":true,"kind":[70941,70942,70949],"rooms":[71459,71464],"seats":"8","dimensions":{"diameter":"150","x":"","z":"76","y":""},"finishing":{"top":{"67959":67959,"67961":67961,"67963":67963,"67965":67965},"structure":{"68013":68013,"68015":68015,"68016":68016,"68029":68029,"68032":68032,"68033":68033,"68034":68034,"68035":68035,"68036":68036,"68037":68037,"68040":68040,"68042":68042,"68044":68044},"lower_cuff":[],"upper_cuff":[],"matchable_top":[],"builtin_revolving_central_top":{"67884":67884,"67886":67886,"67890":67890,"67894":67894,"67903":67903,"67907":67907,"67916":67916,"68255":68255,"68260":68260,"68262":68262,"68264":68264,"68267":68267,"68269":68269},"throat":[],"lampshade":[],"back":[],"sitting":[],"cushions":[],"decorative_inner":[],"decorative_inserts":[],"side":[],"support":[],"front_doors":[],"top_front_doors":[],"seat_structure":[],"top_structure":[],"covering":[],"optional_shelf":[],"mirror":[],"side_panels":[],"centerpiece":[]},"colors":{"top":{"60635":60635,"77346":77346,"77345":77345},"structure":{"77344":77344,"75630":75630,"77336":77336,"75045":75045,"77346":77346,"77347":77347,"77348":77348,"77345":77345,"60635":60635},"lower_cuff":[],"upper_cuff":[],"matchable_top":[],"builtin_revolving_central_top":{"77344":77344,"77336":77336,"77346":77346,"60635":60635,"75856":75856,"77345":77345,"75045":75045},"throat":[],"lampshade":[],"back":[],"sitting":[],"cushions":[],"decorative_inner":[],"decorative_inserts":[],"side":[],"support":[],"front_doors":[],"top_front_doors":[],"seat_structure":[],"top_structure":[],"covering":[],"optional_shelf":[],"mirror":[],"side_panels":[],"centerpiece":[]},"accessories":"","related":[126983,127007,127362],"gallery":[26732,20110,20109],"product_sheet":"https:\/\/www.bontempi.it\/wp-content\/uploads\/2023\/03\/Millennium-Ring-20.91.pdf","attachments":null,"videos":null,"silhouette":29552},"_links":{"self":[{"href":"https:\/\/www.bontempi.it\/fr\/wp-json\/wp\/v2\/product\/129283","targetHints":{"allow":["GET"]}}],"collection":[{"href":"https:\/\/www.bontempi.it\/fr\/wp-json\/wp\/v2\/product"}],"about":[{"href":"https:\/\/www.bontempi.it\/fr\/wp-json\/wp\/v2\/types\/product"}],"acf:attachment":[{"embeddable":true,"href":"https:\/\/www.bontempi.it\/fr\/wp-json\/wp\/v2\/media\/20109"},{"embeddable":true,"href":"https:\/\/www.bontempi.it\/fr\/wp-json\/wp\/v2\/media\/20110"},{"embeddable":true,"href":"https:\/\/www.bontempi.it\/fr\/wp-json\/wp\/v2\/media\/26732"}],"acf:post":[{"embeddable":true,"href":"https:\/\/www.bontempi.it\/fr\/wp-json\/wp\/v2\/product\/127362"},{"embeddable":true,"href":"https:\/\/www.bontempi.it\/fr\/wp-json\/wp\/v2\/product\/127007"},{"embeddable":true,"href":"https:\/\/www.bontempi.it\/fr\/wp-json\/wp\/v2\/product\/126983"}],"acf:term":[{"embeddable":true,"taxonomy":"room","href":"https:\/\/www.bontempi.it\/fr\/wp-json\/wp\/v2\/room\/71464"},{"embeddable":true,"taxonomy":"room","href":"https:\/\/www.bontempi.it\/fr\/wp-json\/wp\/v2\/room\/71459"},{"embeddable":true,"taxonomy":"kind","href":"https:\/\/www.bontempi.it\/fr\/wp-json\/wp\/v2\/kind\/70949"},{"embeddable":true,"taxonomy":"kind","href":"https:\/\/www.bontempi.it\/fr\/wp-json\/wp\/v2\/kind\/70942"},{"embeddable":true,"taxonomy":"kind","href":"https:\/\/www.bontempi.it\/fr\/wp-json\/wp\/v2\/kind\/70941"},{"embeddable":true,"taxonomy":"line","href":"https:\/\/www.bontempi.it\/fr\/wp-json\/wp\/v2\/line\/74164"}],"wp:attachment":[{"href":"https:\/\/www.bontempi.it\/fr\/wp-json\/wp\/v2\/media?parent=129283"}],"wp:term":[{"taxonomy":"line","embeddable":true,"href":"https:\/\/www.bontempi.it\/fr\/wp-json\/wp\/v2\/line?post=129283"},{"taxonomy":"kind","embeddable":true,"href":"https:\/\/www.bontempi.it\/fr\/wp-json\/wp\/v2\/kind?post=129283"},{"taxonomy":"room","embeddable":true,"href":"https:\/\/www.bontempi.it\/fr\/wp-json\/wp\/v2\/room?post=129283"},{"taxonomy":"material","embeddable":true,"href":"https:\/\/www.bontempi.it\/fr\/wp-json\/wp\/v2\/material?post=129283"},{"taxonomy":"color","embeddable":true,"href":"https:\/\/www.bontempi.it\/fr\/wp-json\/wp\/v2\/color?post=129283"},{"taxonomy":"certification","embeddable":true,"href":"https:\/\/www.bontempi.it\/fr\/wp-json\/wp\/v2\/certification?post=129283"}],"curies":[{"name":"wp","href":"https:\/\/api.w.org\/{rel}","templated":true}]}}