{"id":129282,"date":"2023-11-09T10:07:25","date_gmt":"2023-11-09T09:07:25","guid":{"rendered":"https:\/\/www.bontempi.it\/product\/artistico-20-90\/"},"modified":"2024-04-26T19:04:41","modified_gmt":"2024-04-26T17:04:41","slug":"artistico-20-90","status":"publish","type":"product","link":"https:\/\/www.bontempi.it\/fr\/artistico-console-2090\/","title":{"rendered":"Artistico Console &#8211; 20.90"},"content":{"rendered":"<p>Console avec allonges, structure en m\u00e9tal laqu\u00e9. Plateau et allonges en bois plaqu\u00e9.<\/p>\n","protected":false},"excerpt":{"rendered":"<p>Console avec allonges, structure en m\u00e9tal laqu\u00e9. Plateau et allonges en bois plaqu\u00e9.<\/p>\n","protected":false},"featured_media":9678,"template":"","line":[73977],"kind":[70967],"room":[71446,71460],"material":[68040,68042,68044,68013,68016,68029,68031],"color":[77345,60635,75045,77336,77344],"certification":[],"class_list":["post-129282","product","type-product","status-publish","has-post-thumbnail","hentry","line-artistico-consolle-fr","kind-desk-consoles-fr","room-hall","room-hall-fr","material-m028-fr","material-m312-fr","material-m307-fr","material-m310-fr","material-m306-fr","material-m097-fr","material-mc01-fr","color-chocolate-fr","color-beige-fr","color-multicolor-fr","color-white-fr","color-grey-fr"],"acf":{"sku":"20.90","line":[73977],"is_accessory":false,"is_configurable":true,"kind":[70967],"rooms":[71460,71446],"seats":"10","dimensions":{"diameter":"","x":"120","z":"55\/105\/155\/205","y":"75"},"finishing":{"top":{"67959":67959,"67963":67963,"67965":67965,"67968":67968,"67970":67970,"67980":67980},"structure":{"68013":68013,"68016":68016,"68029":68029,"68031":68031,"68040":68040,"68042":68042,"68044":68044},"lower_cuff":[],"upper_cuff":[],"matchable_top":[],"builtin_revolving_central_top":[],"throat":[],"lampshade":[],"back":[],"sitting":[],"cushions":[],"decorative_inner":[],"decorative_inserts":[],"side":[],"support":[],"front_doors":[],"top_front_doors":[],"seat_structure":[],"top_structure":[],"covering":[],"optional_shelf":[],"mirror":[],"side_panels":[],"centerpiece":[]},"colors":{"top":{"60635":60635,"77345":77345,"77344":77344,"77336":77336},"structure":{"77344":77344,"77336":77336,"75045":75045,"77345":77345,"60635":60635},"lower_cuff":[],"upper_cuff":[],"matchable_top":[],"builtin_revolving_central_top":[],"throat":[],"lampshade":[],"back":[],"sitting":[],"cushions":[],"decorative_inner":[],"decorative_inserts":[],"side":[],"support":[],"front_doors":[],"top_front_doors":[],"seat_structure":[],"top_structure":[],"covering":[],"optional_shelf":[],"mirror":[],"side_panels":[],"centerpiece":[]},"accessories":"","related":[126962,127032],"gallery":[160044,160050,160056,160062],"product_sheet":"https:\/\/www.bontempi.it\/wp-content\/uploads\/2023\/03\/Artistico-Consolle-20.90.pdf","attachments":null,"videos":null,"silhouette":25667},"_links":{"self":[{"href":"https:\/\/www.bontempi.it\/fr\/wp-json\/wp\/v2\/product\/129282","targetHints":{"allow":["GET"]}}],"collection":[{"href":"https:\/\/www.bontempi.it\/fr\/wp-json\/wp\/v2\/product"}],"about":[{"href":"https:\/\/www.bontempi.it\/fr\/wp-json\/wp\/v2\/types\/product"}],"acf:attachment":[{"embeddable":true,"href":"https:\/\/www.bontempi.it\/fr\/wp-json\/wp\/v2\/media\/160062"},{"embeddable":true,"href":"https:\/\/www.bontempi.it\/fr\/wp-json\/wp\/v2\/media\/160056"},{"embeddable":true,"href":"https:\/\/www.bontempi.it\/fr\/wp-json\/wp\/v2\/media\/160050"},{"embeddable":true,"href":"https:\/\/www.bontempi.it\/fr\/wp-json\/wp\/v2\/media\/160044"}],"acf:post":[{"embeddable":true,"href":"https:\/\/www.bontempi.it\/fr\/wp-json\/wp\/v2\/product\/127032"},{"embeddable":true,"href":"https:\/\/www.bontempi.it\/fr\/wp-json\/wp\/v2\/product\/126962"}],"acf:term":[{"embeddable":true,"taxonomy":"room","href":"https:\/\/www.bontempi.it\/fr\/wp-json\/wp\/v2\/room\/71446"},{"embeddable":true,"taxonomy":"room","href":"https:\/\/www.bontempi.it\/fr\/wp-json\/wp\/v2\/room\/71460"},{"embeddable":true,"taxonomy":"kind","href":"https:\/\/www.bontempi.it\/fr\/wp-json\/wp\/v2\/kind\/70967"},{"embeddable":true,"taxonomy":"line","href":"https:\/\/www.bontempi.it\/fr\/wp-json\/wp\/v2\/line\/73977"}],"wp:featuredmedia":[{"embeddable":true,"href":"https:\/\/www.bontempi.it\/fr\/wp-json\/wp\/v2\/media\/9678"}],"wp:attachment":[{"href":"https:\/\/www.bontempi.it\/fr\/wp-json\/wp\/v2\/media?parent=129282"}],"wp:term":[{"taxonomy":"line","embeddable":true,"href":"https:\/\/www.bontempi.it\/fr\/wp-json\/wp\/v2\/line?post=129282"},{"taxonomy":"kind","embeddable":true,"href":"https:\/\/www.bontempi.it\/fr\/wp-json\/wp\/v2\/kind?post=129282"},{"taxonomy":"room","embeddable":true,"href":"https:\/\/www.bontempi.it\/fr\/wp-json\/wp\/v2\/room?post=129282"},{"taxonomy":"material","embeddable":true,"href":"https:\/\/www.bontempi.it\/fr\/wp-json\/wp\/v2\/material?post=129282"},{"taxonomy":"color","embeddable":true,"href":"https:\/\/www.bontempi.it\/fr\/wp-json\/wp\/v2\/color?post=129282"},{"taxonomy":"certification","embeddable":true,"href":"https:\/\/www.bontempi.it\/fr\/wp-json\/wp\/v2\/certification?post=129282"}],"curies":[{"name":"wp","href":"https:\/\/api.w.org\/{rel}","templated":true}]}}