{"id":129274,"date":"2023-11-09T10:07:25","date_gmt":"2023-11-09T09:07:25","guid":{"rendered":"https:\/\/www.bontempi.it\/product\/vincent-alto-outdoor-20-81out\/"},"modified":"2024-04-26T19:04:14","modified_gmt":"2024-04-26T17:04:14","slug":"vincent-alto-outdoor-20-81out","status":"publish","type":"product","link":"https:\/\/www.bontempi.it\/fr\/vincent-haut-outdoor-2081out\/","title":{"rendered":"Vincent Haut Outdoor &#8211; 20.81OUT"},"content":{"rendered":"<p>Socle pour l&rsquo;ext\u00e9rieur en m\u00e9tal inox, disponible pour plateaux en stratifi\u00e9 ou alu compact.<\/p>\n","protected":false},"excerpt":{"rendered":"<p>Socle pour l&rsquo;ext\u00e9rieur en m\u00e9tal inox, disponible pour plateaux en stratifi\u00e9 ou alu compact.<\/p>\n","protected":false},"featured_media":0,"template":"","line":[74285],"kind":[70864,70940,70941,70942],"room":[71450,71463,71464],"material":[68230,68232,68234,68236,68239,68241],"color":[77336,77344,77346],"certification":[60763],"class_list":["post-129274","product","type-product","status-publish","hentry","line-vincent-alto-outdoor-fr","kind-fixed","kind-accessories-fr","kind-tables-fr","kind-fixed-fr","room-contract","room-outdoor-fr","room-contract-fr","material-ps05-fr","material-ps04-fr","material-ps02-fr","material-ps03-fr","material-pf01-fr","material-pl01-fr","color-white-fr","color-grey-fr","color-black-fr","certification-outdoor-tavoli-fr"],"acf":{"sku":"20.81OUT","line":[74285],"is_accessory":false,"is_configurable":true,"kind":[70864,70940,70941,70942],"rooms":[71463,71464,71450],"seats":"","dimensions":{"diameter":"","x":"51","z":"51","y":"109.5"},"finishing":{"top":[],"structure":{"68014":68014,"68018":68018,"68030":68030,"68039":68039,"68043":68043},"lower_cuff":[],"upper_cuff":[],"matchable_top":{"68230":68230,"68232":68232,"68234":68234,"68236":68236,"68239":68239,"68241":68241},"builtin_revolving_central_top":[],"throat":[],"lampshade":[],"back":[],"sitting":[],"cushions":[],"decorative_inner":[],"decorative_inserts":[],"side":[],"support":[],"front_doors":[],"top_front_doors":[],"seat_structure":[],"top_structure":[],"covering":[],"optional_shelf":[],"mirror":[],"side_panels":[],"centerpiece":[]},"colors":{"top":[],"structure":{"77344":77344,"77336":77336,"77345":77345,"60635":60635},"lower_cuff":[],"upper_cuff":[],"matchable_top":{"77344":77344,"77336":77336,"77346":77346},"builtin_revolving_central_top":[],"throat":[],"lampshade":[],"back":[],"sitting":[],"cushions":[],"decorative_inner":[],"decorative_inserts":[],"side":[],"support":[],"front_doors":[],"top_front_doors":[],"seat_structure":[],"top_structure":[],"covering":[],"optional_shelf":[],"mirror":[],"side_panels":[],"centerpiece":[]},"accessories":"","related":[126821],"gallery":[31253],"product_sheet":"https:\/\/www.bontempi.it\/wp-content\/uploads\/2023\/03\/Vincent-20.81.pdf","attachments":null,"videos":null,"silhouette":32699},"_links":{"self":[{"href":"https:\/\/www.bontempi.it\/fr\/wp-json\/wp\/v2\/product\/129274","targetHints":{"allow":["GET"]}}],"collection":[{"href":"https:\/\/www.bontempi.it\/fr\/wp-json\/wp\/v2\/product"}],"about":[{"href":"https:\/\/www.bontempi.it\/fr\/wp-json\/wp\/v2\/types\/product"}],"acf:attachment":[{"embeddable":true,"href":"https:\/\/www.bontempi.it\/fr\/wp-json\/wp\/v2\/media\/31253"}],"acf:post":[{"embeddable":true,"href":"https:\/\/www.bontempi.it\/fr\/wp-json\/wp\/v2\/product\/126821"}],"acf:term":[{"embeddable":true,"taxonomy":"room","href":"https:\/\/www.bontempi.it\/fr\/wp-json\/wp\/v2\/room\/71450"},{"embeddable":true,"taxonomy":"room","href":"https:\/\/www.bontempi.it\/fr\/wp-json\/wp\/v2\/room\/71464"},{"embeddable":true,"taxonomy":"room","href":"https:\/\/www.bontempi.it\/fr\/wp-json\/wp\/v2\/room\/71463"},{"embeddable":true,"taxonomy":"kind","href":"https:\/\/www.bontempi.it\/fr\/wp-json\/wp\/v2\/kind\/70942"},{"embeddable":true,"taxonomy":"kind","href":"https:\/\/www.bontempi.it\/fr\/wp-json\/wp\/v2\/kind\/70941"},{"embeddable":true,"taxonomy":"kind","href":"https:\/\/www.bontempi.it\/fr\/wp-json\/wp\/v2\/kind\/70940"},{"embeddable":true,"taxonomy":"kind","href":"https:\/\/www.bontempi.it\/fr\/wp-json\/wp\/v2\/kind\/70864"},{"embeddable":true,"taxonomy":"line","href":"https:\/\/www.bontempi.it\/fr\/wp-json\/wp\/v2\/line\/74285"}],"wp:attachment":[{"href":"https:\/\/www.bontempi.it\/fr\/wp-json\/wp\/v2\/media?parent=129274"}],"wp:term":[{"taxonomy":"line","embeddable":true,"href":"https:\/\/www.bontempi.it\/fr\/wp-json\/wp\/v2\/line?post=129274"},{"taxonomy":"kind","embeddable":true,"href":"https:\/\/www.bontempi.it\/fr\/wp-json\/wp\/v2\/kind?post=129274"},{"taxonomy":"room","embeddable":true,"href":"https:\/\/www.bontempi.it\/fr\/wp-json\/wp\/v2\/room?post=129274"},{"taxonomy":"material","embeddable":true,"href":"https:\/\/www.bontempi.it\/fr\/wp-json\/wp\/v2\/material?post=129274"},{"taxonomy":"color","embeddable":true,"href":"https:\/\/www.bontempi.it\/fr\/wp-json\/wp\/v2\/color?post=129274"},{"taxonomy":"certification","embeddable":true,"href":"https:\/\/www.bontempi.it\/fr\/wp-json\/wp\/v2\/certification?post=129274"}],"curies":[{"name":"wp","href":"https:\/\/api.w.org\/{rel}","templated":true}]}}