{"id":129273,"date":"2023-11-09T10:07:25","date_gmt":"2023-11-09T09:07:25","guid":{"rendered":"https:\/\/www.bontempi.it\/product\/vincent-alto-20-81\/"},"modified":"2024-04-26T19:04:11","modified_gmt":"2024-04-26T17:04:11","slug":"vincent-alto-20-81","status":"publish","type":"product","link":"https:\/\/www.bontempi.it\/fr\/vincent-haut-2081\/","title":{"rendered":"Vincent Haut &#8211; 20.81"},"content":{"rendered":"<p>Socle en m\u00e9tal inox, disponible pour plateaux en stratifi\u00e9, alu compact ou m\u00e9lamin\u00e9.<\/p>\n","protected":false},"excerpt":{"rendered":"<p>Socle en m\u00e9tal inox, disponible pour plateaux en stratifi\u00e9, alu compact ou m\u00e9lamin\u00e9.<\/p>\n","protected":false},"featured_media":0,"template":"","line":[74284],"kind":[70864,70940,70941,70942],"room":[71464],"material":[68047,68049,68051,68230,68232,68234,68236,68239,68241],"color":[77336,77344,77346,77349],"certification":[],"class_list":["post-129273","product","type-product","status-publish","hentry","line-vincent-alto-fr","kind-fixed","kind-accessories-fr","kind-tables-fr","kind-fixed-fr","room-contract-fr","material-pn07-fr","material-pn09-fr","material-pn08-fr","material-ps05-fr","material-ps04-fr","material-ps02-fr","material-ps03-fr","material-pf01-fr","material-pl01-fr","color-white-fr","color-grey-fr","color-black-fr","color-red-fr"],"acf":{"sku":"20.81","line":[74284],"is_accessory":false,"is_configurable":true,"kind":[70864,70940,70941,70942],"rooms":[71464],"seats":"","dimensions":{"diameter":"","x":"51","z":"51","y":"109.5"},"finishing":{"top":[],"structure":{"68013":68013,"68015":68015,"68016":68016,"68029":68029,"68033":68033,"68034":68034,"68035":68035,"68036":68036,"68037":68037,"68040":68040,"68042":68042},"lower_cuff":[],"upper_cuff":[],"matchable_top":{"68047":68047,"68049":68049,"68051":68051,"68230":68230,"68232":68232,"68234":68234,"68236":68236,"68239":68239,"68241":68241},"builtin_revolving_central_top":[],"throat":[],"lampshade":[],"back":[],"sitting":[],"cushions":[],"decorative_inner":[],"decorative_inserts":[],"side":[],"support":[],"front_doors":[],"top_front_doors":[],"seat_structure":[],"top_structure":[],"covering":[],"optional_shelf":[],"mirror":[],"side_panels":[],"centerpiece":[]},"colors":{"top":[],"structure":{"77344":77344,"75630":75630,"77336":77336,"77346":77346,"77347":77347,"77348":77348,"77345":77345,"60635":60635},"lower_cuff":[],"upper_cuff":[],"matchable_top":{"77336":77336,"77349":77349,"77344":77344,"77346":77346},"builtin_revolving_central_top":[],"throat":[],"lampshade":[],"back":[],"sitting":[],"cushions":[],"decorative_inner":[],"decorative_inserts":[],"side":[],"support":[],"front_doors":[],"top_front_doors":[],"seat_structure":[],"top_structure":[],"covering":[],"optional_shelf":[],"mirror":[],"side_panels":[],"centerpiece":[]},"accessories":"","related":[126284,126286,126923],"gallery":[26722,60777],"product_sheet":"https:\/\/www.bontempi.it\/wp-content\/uploads\/2023\/03\/Vincent-20.81.pdf","attachments":null,"videos":null,"silhouette":32699},"_links":{"self":[{"href":"https:\/\/www.bontempi.it\/fr\/wp-json\/wp\/v2\/product\/129273","targetHints":{"allow":["GET"]}}],"collection":[{"href":"https:\/\/www.bontempi.it\/fr\/wp-json\/wp\/v2\/product"}],"about":[{"href":"https:\/\/www.bontempi.it\/fr\/wp-json\/wp\/v2\/types\/product"}],"acf:attachment":[{"embeddable":true,"href":"https:\/\/www.bontempi.it\/fr\/wp-json\/wp\/v2\/media\/60777"},{"embeddable":true,"href":"https:\/\/www.bontempi.it\/fr\/wp-json\/wp\/v2\/media\/26722"}],"acf:post":[{"embeddable":true,"href":"https:\/\/www.bontempi.it\/fr\/wp-json\/wp\/v2\/product\/126923"},{"embeddable":true,"href":"https:\/\/www.bontempi.it\/fr\/wp-json\/wp\/v2\/product\/126286"},{"embeddable":true,"href":"https:\/\/www.bontempi.it\/fr\/wp-json\/wp\/v2\/product\/126284"}],"acf:term":[{"embeddable":true,"taxonomy":"room","href":"https:\/\/www.bontempi.it\/fr\/wp-json\/wp\/v2\/room\/71464"},{"embeddable":true,"taxonomy":"kind","href":"https:\/\/www.bontempi.it\/fr\/wp-json\/wp\/v2\/kind\/70942"},{"embeddable":true,"taxonomy":"kind","href":"https:\/\/www.bontempi.it\/fr\/wp-json\/wp\/v2\/kind\/70941"},{"embeddable":true,"taxonomy":"kind","href":"https:\/\/www.bontempi.it\/fr\/wp-json\/wp\/v2\/kind\/70940"},{"embeddable":true,"taxonomy":"kind","href":"https:\/\/www.bontempi.it\/fr\/wp-json\/wp\/v2\/kind\/70864"},{"embeddable":true,"taxonomy":"line","href":"https:\/\/www.bontempi.it\/fr\/wp-json\/wp\/v2\/line\/74284"}],"wp:attachment":[{"href":"https:\/\/www.bontempi.it\/fr\/wp-json\/wp\/v2\/media?parent=129273"}],"wp:term":[{"taxonomy":"line","embeddable":true,"href":"https:\/\/www.bontempi.it\/fr\/wp-json\/wp\/v2\/line?post=129273"},{"taxonomy":"kind","embeddable":true,"href":"https:\/\/www.bontempi.it\/fr\/wp-json\/wp\/v2\/kind?post=129273"},{"taxonomy":"room","embeddable":true,"href":"https:\/\/www.bontempi.it\/fr\/wp-json\/wp\/v2\/room?post=129273"},{"taxonomy":"material","embeddable":true,"href":"https:\/\/www.bontempi.it\/fr\/wp-json\/wp\/v2\/material?post=129273"},{"taxonomy":"color","embeddable":true,"href":"https:\/\/www.bontempi.it\/fr\/wp-json\/wp\/v2\/color?post=129273"},{"taxonomy":"certification","embeddable":true,"href":"https:\/\/www.bontempi.it\/fr\/wp-json\/wp\/v2\/certification?post=129273"}],"curies":[{"name":"wp","href":"https:\/\/api.w.org\/{rel}","templated":true}]}}