{"id":129255,"date":"2023-11-09T10:06:41","date_gmt":"2023-11-09T09:06:41","guid":{"rendered":"https:\/\/www.bontempi.it\/product\/artistico-20-60\/"},"modified":"2024-04-26T19:05:25","modified_gmt":"2024-04-26T17:05:25","slug":"artistico-20-60","status":"publish","type":"product","link":"https:\/\/www.bontempi.it\/fr\/artistico-2060\/","title":{"rendered":"Artistico &#8211; 20.60"},"content":{"rendered":"<p>Table avec allonges, structure en m\u00e9tal laqu\u00e9. Plateau et allonges en bois plaqu\u00e9.<\/p>\n","protected":false},"excerpt":{"rendered":"<p>Table avec allonges, structure en m\u00e9tal laqu\u00e9. Plateau et allonges en bois plaqu\u00e9.<\/p>\n","protected":false},"featured_media":0,"template":"","line":[73975],"kind":[70943,70950,70941],"room":[],"material":[68015,68016,68029,68031,68033,68034,68035,68036,68037,68040,68042,68044,68013],"color":[75045,75630,77336,77344,77345,77346,77347,77348,60635],"certification":[],"class_list":["post-129255","product","type-product","status-publish","hentry","line-artistico-fr","kind-extendible-fr","kind-extendible-rectangular-fr","kind-tables-fr","material-m326-fr","material-m306-fr","material-m097-fr","material-mc01-fr","material-m055-fr","material-m327-fr","material-m325-fr","material-m329-fr","material-m328-fr","material-m028-fr","material-m312-fr","material-m307-fr","material-m310-fr","color-multicolor-fr","color-silver-fr","color-white-fr","color-grey-fr","color-chocolate-fr","color-black-fr","color-gold-fr","color-pink-gold-fr","color-beige-fr"],"acf":{"sku":"20.60","line":[73975],"is_accessory":false,"is_configurable":true,"kind":[70941,70943,70950],"rooms":false,"seats":"12","dimensions":{"diameter":"","x":"190\/240\/290","z":"106","y":"75"},"finishing":{"top":{"67959":67959,"67961":67961,"67963":67963,"67965":67965},"structure":{"68013":68013,"68015":68015,"68016":68016,"68029":68029,"68031":68031,"68033":68033,"68034":68034,"68035":68035,"68036":68036,"68037":68037,"68040":68040,"68042":68042,"68044":68044},"lower_cuff":[],"upper_cuff":[],"matchable_top":[],"builtin_revolving_central_top":[],"throat":[],"lampshade":[],"back":[],"sitting":[],"cushions":[],"decorative_inner":[],"decorative_inserts":[],"side":[],"support":[],"front_doors":[],"top_front_doors":[],"seat_structure":[],"top_structure":[],"covering":[],"optional_shelf":[],"mirror":[],"side_panels":[],"centerpiece":[]},"colors":{"top":{"60635":60635,"77346":77346,"77345":77345},"structure":{"77344":77344,"75630":75630,"77336":77336,"75045":75045,"77346":77346,"77347":77347,"77348":77348,"77345":77345,"60635":60635},"lower_cuff":[],"upper_cuff":[],"matchable_top":[],"builtin_revolving_central_top":[],"throat":[],"lampshade":[],"back":[],"sitting":[],"cushions":[],"decorative_inner":[],"decorative_inserts":[],"side":[],"support":[],"front_doors":[],"top_front_doors":[],"seat_structure":[],"top_structure":[],"covering":[],"optional_shelf":[],"mirror":[],"side_panels":[],"centerpiece":[]},"accessories":"","related":[126591,126963],"gallery":[160705],"product_sheet":"https:\/\/www.bontempi.it\/wp-content\/uploads\/2023\/03\/Artistico-20.59-60-64-Allungabile.pdf","attachments":null,"videos":null,"silhouette":25635},"_links":{"self":[{"href":"https:\/\/www.bontempi.it\/fr\/wp-json\/wp\/v2\/product\/129255","targetHints":{"allow":["GET"]}}],"collection":[{"href":"https:\/\/www.bontempi.it\/fr\/wp-json\/wp\/v2\/product"}],"about":[{"href":"https:\/\/www.bontempi.it\/fr\/wp-json\/wp\/v2\/types\/product"}],"acf:attachment":[{"embeddable":true,"href":"https:\/\/www.bontempi.it\/fr\/wp-json\/wp\/v2\/media\/160705"}],"acf:post":[{"embeddable":true,"href":"https:\/\/www.bontempi.it\/fr\/wp-json\/wp\/v2\/product\/126963"},{"embeddable":true,"href":"https:\/\/www.bontempi.it\/fr\/wp-json\/wp\/v2\/product\/126591"}],"acf:term":[{"embeddable":true,"taxonomy":"kind","href":"https:\/\/www.bontempi.it\/fr\/wp-json\/wp\/v2\/kind\/70950"},{"embeddable":true,"taxonomy":"kind","href":"https:\/\/www.bontempi.it\/fr\/wp-json\/wp\/v2\/kind\/70943"},{"embeddable":true,"taxonomy":"kind","href":"https:\/\/www.bontempi.it\/fr\/wp-json\/wp\/v2\/kind\/70941"},{"embeddable":true,"taxonomy":"line","href":"https:\/\/www.bontempi.it\/fr\/wp-json\/wp\/v2\/line\/73975"}],"wp:attachment":[{"href":"https:\/\/www.bontempi.it\/fr\/wp-json\/wp\/v2\/media?parent=129255"}],"wp:term":[{"taxonomy":"line","embeddable":true,"href":"https:\/\/www.bontempi.it\/fr\/wp-json\/wp\/v2\/line?post=129255"},{"taxonomy":"kind","embeddable":true,"href":"https:\/\/www.bontempi.it\/fr\/wp-json\/wp\/v2\/kind?post=129255"},{"taxonomy":"room","embeddable":true,"href":"https:\/\/www.bontempi.it\/fr\/wp-json\/wp\/v2\/room?post=129255"},{"taxonomy":"material","embeddable":true,"href":"https:\/\/www.bontempi.it\/fr\/wp-json\/wp\/v2\/material?post=129255"},{"taxonomy":"color","embeddable":true,"href":"https:\/\/www.bontempi.it\/fr\/wp-json\/wp\/v2\/color?post=129255"},{"taxonomy":"certification","embeddable":true,"href":"https:\/\/www.bontempi.it\/fr\/wp-json\/wp\/v2\/certification?post=129255"}],"curies":[{"name":"wp","href":"https:\/\/api.w.org\/{rel}","templated":true}]}}