{"id":129239,"date":"2023-11-09T10:05:59","date_gmt":"2023-11-09T09:05:59","guid":{"rendered":"https:\/\/www.bontempi.it\/product\/millennium-rotondo-20-43\/"},"modified":"2024-04-30T10:04:41","modified_gmt":"2024-04-30T08:04:41","slug":"millennium-rotondo-20-43","status":"publish","type":"product","link":"https:\/\/www.bontempi.it\/fr\/millennium-rond-2043\/","title":{"rendered":"Millennium rond &#8211; 20.43"},"content":{"rendered":"<p>Table fixe ronde, structure en m\u00e9tal laqu\u00e9. Plateau en bois plaqu\u00e9, Verre, Verre anti-rayure ou SuperMarbree.<\/p>\n","protected":false},"excerpt":{"rendered":"<p>Table fixe ronde, structure en m\u00e9tal laqu\u00e9. Plateau en bois plaqu\u00e9, Verre, Verre anti-rayure ou SuperMarbree.<\/p>\n","protected":false},"featured_media":0,"template":"","line":[74164],"kind":[70941,70942,70947],"room":[71464],"material":[68013,68015,68016,68029,68032,68033,68034,68035,68036,68037,68040,68042,68044],"color":[60635,75045,75630,77336,77344,77345,77346,77347,77348],"certification":[],"class_list":["post-129239","product","type-product","status-publish","hentry","line-millennium-round-fr","kind-tables-fr","kind-fixed-fr","kind-fixed-round-fr","room-contract-fr","material-m310-fr","material-m326-fr","material-m306-fr","material-m097-fr","material-mc03-fr","material-m055-fr","material-m327-fr","material-m325-fr","material-m329-fr","material-m328-fr","material-m028-fr","material-m312-fr","material-m307-fr","color-beige-fr","color-multicolor-fr","color-silver-fr","color-white-fr","color-grey-fr","color-chocolate-fr","color-black-fr","color-gold-fr","color-pink-gold-fr"],"acf":{"sku":"20.43","line":[74164],"is_accessory":false,"is_configurable":true,"kind":[70941,70942,70947],"rooms":[71464],"seats":"6\/8","dimensions":{"diameter":"150","x":"","z":"75","y":""},"finishing":{"top":{"67884":67884,"67886":67886,"67890":67890,"67894":67894,"67903":67903,"67907":67907,"67916":67916,"67919":67919,"67920":67920,"67959":67959,"67961":67961,"67963":67963,"67965":67965,"68244":68244,"68249":68249,"68255":68255,"68260":68260,"68262":68262,"68264":68264,"68267":68267,"68269":68269,"75684":75684},"structure":{"68013":68013,"68015":68015,"68016":68016,"68029":68029,"68032":68032,"68033":68033,"68034":68034,"68035":68035,"68036":68036,"68037":68037,"68040":68040,"68042":68042,"68044":68044},"lower_cuff":[],"upper_cuff":[],"matchable_top":[],"builtin_revolving_central_top":[],"throat":[],"lampshade":[],"back":[],"sitting":[],"cushions":[],"decorative_inner":[],"decorative_inserts":[],"side":[],"support":[],"front_doors":[],"top_front_doors":[],"seat_structure":[],"top_structure":[],"covering":[],"optional_shelf":[],"mirror":[],"side_panels":[],"centerpiece":[]},"colors":{"top":{"77344":77344,"77336":77336,"77346":77346,"60635":60635,"75856":75856,"77345":77345,"75045":75045},"structure":{"77344":77344,"75630":75630,"77336":77336,"75045":75045,"77346":77346,"77347":77347,"77348":77348,"77345":77345,"60635":60635},"lower_cuff":[],"upper_cuff":[],"matchable_top":[],"builtin_revolving_central_top":[],"throat":[],"lampshade":[],"back":[],"sitting":[],"cushions":[],"decorative_inner":[],"decorative_inserts":[],"side":[],"support":[],"front_doors":[],"top_front_doors":[],"seat_structure":[],"top_structure":[],"covering":[],"optional_shelf":[],"mirror":[],"side_panels":[],"centerpiece":[]},"accessories":"","related":[126462,126645,126649,126845,126850,126852,126869,126870,126961,126993,127237,127244,127245,127246,127251,127299],"gallery":[61882],"product_sheet":"https:\/\/www.bontempi.it\/wp-content\/uploads\/2023\/03\/Millennium-20.42-43-Rotondo-Fisso.pdf","attachments":null,"videos":null,"silhouette":29552},"_links":{"self":[{"href":"https:\/\/www.bontempi.it\/fr\/wp-json\/wp\/v2\/product\/129239","targetHints":{"allow":["GET"]}}],"collection":[{"href":"https:\/\/www.bontempi.it\/fr\/wp-json\/wp\/v2\/product"}],"about":[{"href":"https:\/\/www.bontempi.it\/fr\/wp-json\/wp\/v2\/types\/product"}],"acf:attachment":[{"embeddable":true,"href":"https:\/\/www.bontempi.it\/fr\/wp-json\/wp\/v2\/media\/61882"}],"acf:post":[{"embeddable":true,"href":"https:\/\/www.bontempi.it\/fr\/wp-json\/wp\/v2\/product\/127299"},{"embeddable":true,"href":"https:\/\/www.bontempi.it\/fr\/wp-json\/wp\/v2\/product\/127251"},{"embeddable":true,"href":"https:\/\/www.bontempi.it\/fr\/wp-json\/wp\/v2\/product\/127246"},{"embeddable":true,"href":"https:\/\/www.bontempi.it\/fr\/wp-json\/wp\/v2\/product\/127245"},{"embeddable":true,"href":"https:\/\/www.bontempi.it\/fr\/wp-json\/wp\/v2\/product\/127244"},{"embeddable":true,"href":"https:\/\/www.bontempi.it\/fr\/wp-json\/wp\/v2\/product\/126993"},{"embeddable":true,"href":"https:\/\/www.bontempi.it\/fr\/wp-json\/wp\/v2\/product\/126961"},{"embeddable":true,"href":"https:\/\/www.bontempi.it\/fr\/wp-json\/wp\/v2\/product\/126870"},{"embeddable":true,"href":"https:\/\/www.bontempi.it\/fr\/wp-json\/wp\/v2\/product\/126869"},{"embeddable":true,"href":"https:\/\/www.bontempi.it\/fr\/wp-json\/wp\/v2\/product\/126852"},{"embeddable":true,"href":"https:\/\/www.bontempi.it\/fr\/wp-json\/wp\/v2\/product\/126850"},{"embeddable":true,"href":"https:\/\/www.bontempi.it\/fr\/wp-json\/wp\/v2\/product\/126845"},{"embeddable":true,"href":"https:\/\/www.bontempi.it\/fr\/wp-json\/wp\/v2\/product\/126649"},{"embeddable":true,"href":"https:\/\/www.bontempi.it\/fr\/wp-json\/wp\/v2\/product\/126645"},{"embeddable":true,"href":"https:\/\/www.bontempi.it\/fr\/wp-json\/wp\/v2\/product\/126462"}],"acf:term":[{"embeddable":true,"taxonomy":"room","href":"https:\/\/www.bontempi.it\/fr\/wp-json\/wp\/v2\/room\/71464"},{"embeddable":true,"taxonomy":"kind","href":"https:\/\/www.bontempi.it\/fr\/wp-json\/wp\/v2\/kind\/70947"},{"embeddable":true,"taxonomy":"kind","href":"https:\/\/www.bontempi.it\/fr\/wp-json\/wp\/v2\/kind\/70942"},{"embeddable":true,"taxonomy":"kind","href":"https:\/\/www.bontempi.it\/fr\/wp-json\/wp\/v2\/kind\/70941"},{"embeddable":true,"taxonomy":"line","href":"https:\/\/www.bontempi.it\/fr\/wp-json\/wp\/v2\/line\/74164"}],"wp:attachment":[{"href":"https:\/\/www.bontempi.it\/fr\/wp-json\/wp\/v2\/media?parent=129239"}],"wp:term":[{"taxonomy":"line","embeddable":true,"href":"https:\/\/www.bontempi.it\/fr\/wp-json\/wp\/v2\/line?post=129239"},{"taxonomy":"kind","embeddable":true,"href":"https:\/\/www.bontempi.it\/fr\/wp-json\/wp\/v2\/kind?post=129239"},{"taxonomy":"room","embeddable":true,"href":"https:\/\/www.bontempi.it\/fr\/wp-json\/wp\/v2\/room?post=129239"},{"taxonomy":"material","embeddable":true,"href":"https:\/\/www.bontempi.it\/fr\/wp-json\/wp\/v2\/material?post=129239"},{"taxonomy":"color","embeddable":true,"href":"https:\/\/www.bontempi.it\/fr\/wp-json\/wp\/v2\/color?post=129239"},{"taxonomy":"certification","embeddable":true,"href":"https:\/\/www.bontempi.it\/fr\/wp-json\/wp\/v2\/certification?post=129239"}],"curies":[{"name":"wp","href":"https:\/\/api.w.org\/{rel}","templated":true}]}}