{"id":129228,"date":"2023-11-09T10:05:59","date_gmt":"2023-11-09T09:05:59","guid":{"rendered":"https:\/\/www.bontempi.it\/product\/etico-plus-20-33\/"},"modified":"2024-04-26T19:06:34","modified_gmt":"2024-04-26T17:06:34","slug":"etico-plus-20-33","status":"publish","type":"product","link":"https:\/\/www.bontempi.it\/fr\/etico-plus-2033\/","title":{"rendered":"Etico Plus &#8211; 20.33"},"content":{"rendered":"<p>Console structure en m\u00e9tal laqu\u00e9 ou chrom\u00e9. Plateau et allonges en m\u00e9lamine.<\/p>\n","protected":false},"excerpt":{"rendered":"<p>Console structure en m\u00e9tal laqu\u00e9 ou chrom\u00e9. Plateau et allonges en m\u00e9lamine.<\/p>\n","protected":false},"featured_media":0,"template":"","line":[74057],"kind":[70967],"room":[71446,71460],"material":[68013,68016,68033,68040,68042,68044],"color":[60635,77336,77344,77345,77346],"certification":[],"class_list":["post-129228","product","type-product","status-publish","hentry","line-etico-plus-fr","kind-desk-consoles-fr","room-hall","room-hall-fr","material-m310-fr","material-m306-fr","material-m055-fr","material-m028-fr","material-m312-fr","material-m307-fr","color-beige-fr","color-white-fr","color-grey-fr","color-chocolate-fr","color-black-fr"],"acf":{"sku":"20.33","line":[74057],"is_accessory":false,"is_configurable":true,"kind":[70967],"rooms":[71446,71460],"seats":"14","dimensions":{"diameter":"","x":"130","z":"48\/98\/148\/198\/248\/298","y":"75"},"finishing":{"top":{"68001":68001,"68002":68002,"68003":68003,"68004":68004,"68005":68005,"68006":68006,"68007":68007,"76815":76815,"76211":76211,"76825":76825,"76820":76820},"structure":{"68013":68013,"68016":68016,"68033":68033,"68040":68040,"68042":68042,"68044":68044},"lower_cuff":[],"upper_cuff":[],"matchable_top":[],"builtin_revolving_central_top":[],"throat":[],"lampshade":[],"back":[],"sitting":[],"cushions":[],"decorative_inner":[],"decorative_inserts":[],"side":[],"support":[],"front_doors":[],"top_front_doors":[],"seat_structure":[],"top_structure":[],"covering":[],"optional_shelf":[],"mirror":[],"side_panels":[],"centerpiece":[]},"colors":{"top":{"77344":77344,"77336":77336,"60635":60635,"77345":77345},"structure":{"77344":77344,"77336":77336,"77346":77346,"77345":77345,"60635":60635},"lower_cuff":[],"upper_cuff":[],"matchable_top":[],"builtin_revolving_central_top":[],"throat":[],"lampshade":[],"back":[],"sitting":[],"cushions":[],"decorative_inner":[],"decorative_inserts":[],"side":[],"support":[],"front_doors":[],"top_front_doors":[],"seat_structure":[],"top_structure":[],"covering":[],"optional_shelf":[],"mirror":[],"side_panels":[],"centerpiece":[]},"accessories":[126777],"related":[127362],"gallery":[30425],"product_sheet":"https:\/\/www.bontempi.it\/wp-content\/uploads\/2023\/03\/Etico-Plus-20.32-20.33.pdf","attachments":null,"videos":null,"silhouette":25646},"_links":{"self":[{"href":"https:\/\/www.bontempi.it\/fr\/wp-json\/wp\/v2\/product\/129228","targetHints":{"allow":["GET"]}}],"collection":[{"href":"https:\/\/www.bontempi.it\/fr\/wp-json\/wp\/v2\/product"}],"about":[{"href":"https:\/\/www.bontempi.it\/fr\/wp-json\/wp\/v2\/types\/product"}],"acf:attachment":[{"embeddable":true,"href":"https:\/\/www.bontempi.it\/fr\/wp-json\/wp\/v2\/media\/30425"}],"acf:post":[{"embeddable":true,"href":"https:\/\/www.bontempi.it\/fr\/wp-json\/wp\/v2\/product\/127362"},{"embeddable":true,"href":"https:\/\/www.bontempi.it\/fr\/wp-json\/wp\/v2\/product\/126777"}],"acf:term":[{"embeddable":true,"taxonomy":"room","href":"https:\/\/www.bontempi.it\/fr\/wp-json\/wp\/v2\/room\/71460"},{"embeddable":true,"taxonomy":"room","href":"https:\/\/www.bontempi.it\/fr\/wp-json\/wp\/v2\/room\/71446"},{"embeddable":true,"taxonomy":"kind","href":"https:\/\/www.bontempi.it\/fr\/wp-json\/wp\/v2\/kind\/70967"},{"embeddable":true,"taxonomy":"line","href":"https:\/\/www.bontempi.it\/fr\/wp-json\/wp\/v2\/line\/74057"}],"wp:attachment":[{"href":"https:\/\/www.bontempi.it\/fr\/wp-json\/wp\/v2\/media?parent=129228"}],"wp:term":[{"taxonomy":"line","embeddable":true,"href":"https:\/\/www.bontempi.it\/fr\/wp-json\/wp\/v2\/line?post=129228"},{"taxonomy":"kind","embeddable":true,"href":"https:\/\/www.bontempi.it\/fr\/wp-json\/wp\/v2\/kind?post=129228"},{"taxonomy":"room","embeddable":true,"href":"https:\/\/www.bontempi.it\/fr\/wp-json\/wp\/v2\/room?post=129228"},{"taxonomy":"material","embeddable":true,"href":"https:\/\/www.bontempi.it\/fr\/wp-json\/wp\/v2\/material?post=129228"},{"taxonomy":"color","embeddable":true,"href":"https:\/\/www.bontempi.it\/fr\/wp-json\/wp\/v2\/color?post=129228"},{"taxonomy":"certification","embeddable":true,"href":"https:\/\/www.bontempi.it\/fr\/wp-json\/wp\/v2\/certification?post=129228"}],"curies":[{"name":"wp","href":"https:\/\/api.w.org\/{rel}","templated":true}]}}