{"id":129214,"date":"2023-11-09T10:05:11","date_gmt":"2023-11-09T09:05:11","guid":{"rendered":"https:\/\/www.bontempi.it\/product\/dublino-20-18\/"},"modified":"2024-04-26T19:07:32","modified_gmt":"2024-04-26T17:07:32","slug":"dublino-20-18","status":"publish","type":"product","link":"https:\/\/www.bontempi.it\/fr\/dublino-2018\/","title":{"rendered":"Dublino &#8211; 20.18"},"content":{"rendered":"<p>Table avec allonges, structure en m\u00e9tal laqu\u00e9. Plateau en m\u00e9lamine, Verre, Verre velvet anti-rayures ou SuperC\u00e9ramique.<\/p>\n","protected":false},"excerpt":{"rendered":"<p>Table avec allonges, structure en m\u00e9tal laqu\u00e9. Plateau en m\u00e9lamine, Verre, Verre velvet anti-rayures ou SuperC\u00e9ramique.<\/p>\n","protected":false},"featured_media":10107,"template":"","line":[74045],"kind":[70941,70943,70950],"room":[71461],"material":[68013,68016,68029,68040,68042,68044],"color":[60635,77336,77344,77345],"certification":[],"class_list":["post-129214","product","type-product","status-publish","has-post-thumbnail","hentry","line-dublino-fr","kind-tables-fr","kind-extendible-fr","kind-extendible-rectangular-fr","room-kitchen-fr","material-m310-fr","material-m306-fr","material-m097-fr","material-m028-fr","material-m312-fr","material-m307-fr","color-beige-fr","color-white-fr","color-grey-fr","color-chocolate-fr"],"acf":{"sku":"20.18","line":[74045],"is_accessory":false,"is_configurable":true,"kind":[70941,70943,70950],"rooms":[71461],"seats":"10","dimensions":{"diameter":"","x":"160\/200\/240","z":"90","y":"75"},"finishing":{"top":{"67884":67884,"67886":67886,"67894":67894,"67903":67903,"67916":67916,"68001":68001,"68002":68002,"68003":68003,"68004":68004,"68005":68005,"68006":68006,"68007":68007,"68244":68244,"68247":68247,"68249":68249,"68252":68252,"68255":68255,"68264":68264,"68267":68267,"68269":68269,"75684":75684,"76815":76815,"76211":76211,"76825":76825,"76820":76820},"structure":{"68013":68013,"68016":68016,"68029":68029,"68040":68040,"68042":68042,"68044":68044},"lower_cuff":[],"upper_cuff":[],"matchable_top":[],"builtin_revolving_central_top":[],"throat":[],"lampshade":[],"back":[],"sitting":[],"cushions":[],"decorative_inner":[],"decorative_inserts":[],"side":[],"support":[],"front_doors":[],"top_front_doors":[],"seat_structure":[],"top_structure":[],"covering":[],"optional_shelf":[],"mirror":[],"side_panels":[],"centerpiece":[]},"colors":{"top":{"77344":77344,"77336":77336,"60635":60635,"75856":75856,"77345":77345,"75045":75045,"77346":77346},"structure":{"77344":77344,"77336":77336,"77345":77345,"60635":60635},"lower_cuff":[],"upper_cuff":[],"matchable_top":[],"builtin_revolving_central_top":[],"throat":[],"lampshade":[],"back":[],"sitting":[],"cushions":[],"decorative_inner":[],"decorative_inserts":[],"side":[],"support":[],"front_doors":[],"top_front_doors":[],"seat_structure":[],"top_structure":[],"covering":[],"optional_shelf":[],"mirror":[],"side_panels":[],"centerpiece":[]},"accessories":"","related":[126291,126440,126955,126958,127237,127251],"gallery":[59707,19217,19216,19212,19214,59712,59717,19213],"product_sheet":"https:\/\/www.bontempi.it\/wp-content\/uploads\/2023\/03\/Dublino-20.15-16-17-18.pdf","attachments":null,"videos":[{"label":"Montaggio ed uso","file":""}],"silhouette":25641},"_links":{"self":[{"href":"https:\/\/www.bontempi.it\/fr\/wp-json\/wp\/v2\/product\/129214","targetHints":{"allow":["GET"]}}],"collection":[{"href":"https:\/\/www.bontempi.it\/fr\/wp-json\/wp\/v2\/product"}],"about":[{"href":"https:\/\/www.bontempi.it\/fr\/wp-json\/wp\/v2\/types\/product"}],"acf:attachment":[{"embeddable":true,"href":"https:\/\/www.bontempi.it\/fr\/wp-json\/wp\/v2\/media\/19213"},{"embeddable":true,"href":"https:\/\/www.bontempi.it\/fr\/wp-json\/wp\/v2\/media\/59717"},{"embeddable":true,"href":"https:\/\/www.bontempi.it\/fr\/wp-json\/wp\/v2\/media\/59712"},{"embeddable":true,"href":"https:\/\/www.bontempi.it\/fr\/wp-json\/wp\/v2\/media\/19214"},{"embeddable":true,"href":"https:\/\/www.bontempi.it\/fr\/wp-json\/wp\/v2\/media\/19212"},{"embeddable":true,"href":"https:\/\/www.bontempi.it\/fr\/wp-json\/wp\/v2\/media\/19216"},{"embeddable":true,"href":"https:\/\/www.bontempi.it\/fr\/wp-json\/wp\/v2\/media\/19217"},{"embeddable":true,"href":"https:\/\/www.bontempi.it\/fr\/wp-json\/wp\/v2\/media\/59707"}],"acf:post":[{"embeddable":true,"href":"https:\/\/www.bontempi.it\/fr\/wp-json\/wp\/v2\/product\/127251"},{"embeddable":true,"href":"https:\/\/www.bontempi.it\/fr\/wp-json\/wp\/v2\/product\/126958"},{"embeddable":true,"href":"https:\/\/www.bontempi.it\/fr\/wp-json\/wp\/v2\/product\/126955"},{"embeddable":true,"href":"https:\/\/www.bontempi.it\/fr\/wp-json\/wp\/v2\/product\/126440"},{"embeddable":true,"href":"https:\/\/www.bontempi.it\/fr\/wp-json\/wp\/v2\/product\/126291"}],"acf:term":[{"embeddable":true,"taxonomy":"room","href":"https:\/\/www.bontempi.it\/fr\/wp-json\/wp\/v2\/room\/71461"},{"embeddable":true,"taxonomy":"kind","href":"https:\/\/www.bontempi.it\/fr\/wp-json\/wp\/v2\/kind\/70950"},{"embeddable":true,"taxonomy":"kind","href":"https:\/\/www.bontempi.it\/fr\/wp-json\/wp\/v2\/kind\/70943"},{"embeddable":true,"taxonomy":"kind","href":"https:\/\/www.bontempi.it\/fr\/wp-json\/wp\/v2\/kind\/70941"},{"embeddable":true,"taxonomy":"line","href":"https:\/\/www.bontempi.it\/fr\/wp-json\/wp\/v2\/line\/74045"}],"wp:featuredmedia":[{"embeddable":true,"href":"https:\/\/www.bontempi.it\/fr\/wp-json\/wp\/v2\/media\/10107"}],"wp:attachment":[{"href":"https:\/\/www.bontempi.it\/fr\/wp-json\/wp\/v2\/media?parent=129214"}],"wp:term":[{"taxonomy":"line","embeddable":true,"href":"https:\/\/www.bontempi.it\/fr\/wp-json\/wp\/v2\/line?post=129214"},{"taxonomy":"kind","embeddable":true,"href":"https:\/\/www.bontempi.it\/fr\/wp-json\/wp\/v2\/kind?post=129214"},{"taxonomy":"room","embeddable":true,"href":"https:\/\/www.bontempi.it\/fr\/wp-json\/wp\/v2\/room?post=129214"},{"taxonomy":"material","embeddable":true,"href":"https:\/\/www.bontempi.it\/fr\/wp-json\/wp\/v2\/material?post=129214"},{"taxonomy":"color","embeddable":true,"href":"https:\/\/www.bontempi.it\/fr\/wp-json\/wp\/v2\/color?post=129214"},{"taxonomy":"certification","embeddable":true,"href":"https:\/\/www.bontempi.it\/fr\/wp-json\/wp\/v2\/certification?post=129214"}],"curies":[{"name":"wp","href":"https:\/\/api.w.org\/{rel}","templated":true}]}}