{"id":129205,"date":"2023-11-09T10:04:31","date_gmt":"2023-11-09T09:04:31","guid":{"rendered":"https:\/\/www.bontempi.it\/product\/pascal-20-08\/"},"modified":"2024-04-26T19:13:17","modified_gmt":"2024-04-26T17:13:17","slug":"pascal-20-08","status":"publish","type":"product","link":"https:\/\/www.bontempi.it\/fr\/pascal-2008\/","title":{"rendered":"Pascal &#8211; 20.08"},"content":{"rendered":"<p>Table avec allonges, structure en m\u00e9tal laqu\u00e9. Plateau en m\u00e9lamine, Unicolor anti-rayure, Verre, Verre anti-rayure ou SuperC\u00e9ramique.<\/p>\n","protected":false},"excerpt":{"rendered":"<p>Table avec allonges, structure en m\u00e9tal laqu\u00e9. Plateau en m\u00e9lamine, Unicolor anti-rayure, Verre, Verre anti-rayure ou SuperC\u00e9ramique.<\/p>\n","protected":false},"featured_media":10227,"template":"","line":[74193],"kind":[70943,70950,70941],"room":[],"material":[68016,68029,68040,68042,68044,68013],"color":[77336,77344,77345,60635],"certification":[],"class_list":["post-129205","product","type-product","status-publish","has-post-thumbnail","hentry","line-pascal-fr","kind-extendible-fr","kind-extendible-rectangular-fr","kind-tables-fr","material-m306-fr","material-m097-fr","material-m028-fr","material-m312-fr","material-m307-fr","material-m310-fr","color-white-fr","color-grey-fr","color-chocolate-fr","color-beige-fr"],"acf":{"sku":"20.08","line":[74193],"is_accessory":false,"is_configurable":true,"kind":[70941,70943,70950],"rooms":false,"seats":"12","dimensions":{"diameter":"","x":"140\/193\/246\/299","z":"90","y":"75"},"finishing":{"top":{"67884":67884,"67886":67886,"67894":67894,"67903":67903,"67916":67916,"67959":67959,"67961":67961,"67963":67963,"67965":67965,"68001":68001,"68002":68002,"68003":68003,"68004":68004,"68005":68005,"68006":68006,"68007":68007,"68244":68244,"68247":68247,"68249":68249,"68252":68252,"68476":68476,"68479":68479,"75684":75684,"76815":76815,"76211":76211,"76825":76825,"76820":76820},"structure":{"68013":68013,"68016":68016,"68029":68029,"68040":68040,"68042":68042,"68044":68044},"lower_cuff":[],"upper_cuff":[],"matchable_top":[],"builtin_revolving_central_top":[],"throat":[],"lampshade":[],"back":[],"sitting":[],"cushions":[],"decorative_inner":[],"decorative_inserts":[],"side":[],"support":[],"front_doors":[],"top_front_doors":[],"seat_structure":[],"top_structure":[],"covering":[],"optional_shelf":[],"mirror":[],"side_panels":[],"centerpiece":[]},"colors":{"top":{"77344":77344,"77336":77336,"60635":60635,"75856":75856,"77345":77345,"77346":77346},"structure":{"77344":77344,"77336":77336,"77345":77345,"60635":60635},"lower_cuff":[],"upper_cuff":[],"matchable_top":[],"builtin_revolving_central_top":[],"throat":[],"lampshade":[],"back":[],"sitting":[],"cushions":[],"decorative_inner":[],"decorative_inserts":[],"side":[],"support":[],"front_doors":[],"top_front_doors":[],"seat_structure":[],"top_structure":[],"covering":[],"optional_shelf":[],"mirror":[],"side_panels":[],"centerpiece":[]},"accessories":"","related":[126278,126958,126976,127400],"gallery":[60452,19838,40478,19837,19835,19836,19834],"product_sheet":"https:\/\/www.bontempi.it\/wp-content\/uploads\/2023\/03\/Pascal-20.08.pdf","attachments":null,"videos":null,"silhouette":25638},"_links":{"self":[{"href":"https:\/\/www.bontempi.it\/fr\/wp-json\/wp\/v2\/product\/129205","targetHints":{"allow":["GET"]}}],"collection":[{"href":"https:\/\/www.bontempi.it\/fr\/wp-json\/wp\/v2\/product"}],"about":[{"href":"https:\/\/www.bontempi.it\/fr\/wp-json\/wp\/v2\/types\/product"}],"acf:attachment":[{"embeddable":true,"href":"https:\/\/www.bontempi.it\/fr\/wp-json\/wp\/v2\/media\/19834"},{"embeddable":true,"href":"https:\/\/www.bontempi.it\/fr\/wp-json\/wp\/v2\/media\/19836"},{"embeddable":true,"href":"https:\/\/www.bontempi.it\/fr\/wp-json\/wp\/v2\/media\/19835"},{"embeddable":true,"href":"https:\/\/www.bontempi.it\/fr\/wp-json\/wp\/v2\/media\/19837"},{"embeddable":true,"href":"https:\/\/www.bontempi.it\/fr\/wp-json\/wp\/v2\/media\/40478"},{"embeddable":true,"href":"https:\/\/www.bontempi.it\/fr\/wp-json\/wp\/v2\/media\/19838"},{"embeddable":true,"href":"https:\/\/www.bontempi.it\/fr\/wp-json\/wp\/v2\/media\/60452"}],"acf:post":[{"embeddable":true,"href":"https:\/\/www.bontempi.it\/fr\/wp-json\/wp\/v2\/product\/127400"},{"embeddable":true,"href":"https:\/\/www.bontempi.it\/fr\/wp-json\/wp\/v2\/product\/126976"},{"embeddable":true,"href":"https:\/\/www.bontempi.it\/fr\/wp-json\/wp\/v2\/product\/126958"},{"embeddable":true,"href":"https:\/\/www.bontempi.it\/fr\/wp-json\/wp\/v2\/product\/126278"}],"acf:term":[{"embeddable":true,"taxonomy":"kind","href":"https:\/\/www.bontempi.it\/fr\/wp-json\/wp\/v2\/kind\/70950"},{"embeddable":true,"taxonomy":"kind","href":"https:\/\/www.bontempi.it\/fr\/wp-json\/wp\/v2\/kind\/70943"},{"embeddable":true,"taxonomy":"kind","href":"https:\/\/www.bontempi.it\/fr\/wp-json\/wp\/v2\/kind\/70941"},{"embeddable":true,"taxonomy":"line","href":"https:\/\/www.bontempi.it\/fr\/wp-json\/wp\/v2\/line\/74193"}],"wp:featuredmedia":[{"embeddable":true,"href":"https:\/\/www.bontempi.it\/fr\/wp-json\/wp\/v2\/media\/10227"}],"wp:attachment":[{"href":"https:\/\/www.bontempi.it\/fr\/wp-json\/wp\/v2\/media?parent=129205"}],"wp:term":[{"taxonomy":"line","embeddable":true,"href":"https:\/\/www.bontempi.it\/fr\/wp-json\/wp\/v2\/line?post=129205"},{"taxonomy":"kind","embeddable":true,"href":"https:\/\/www.bontempi.it\/fr\/wp-json\/wp\/v2\/kind?post=129205"},{"taxonomy":"room","embeddable":true,"href":"https:\/\/www.bontempi.it\/fr\/wp-json\/wp\/v2\/room?post=129205"},{"taxonomy":"material","embeddable":true,"href":"https:\/\/www.bontempi.it\/fr\/wp-json\/wp\/v2\/material?post=129205"},{"taxonomy":"color","embeddable":true,"href":"https:\/\/www.bontempi.it\/fr\/wp-json\/wp\/v2\/color?post=129205"},{"taxonomy":"certification","embeddable":true,"href":"https:\/\/www.bontempi.it\/fr\/wp-json\/wp\/v2\/certification?post=129205"}],"curies":[{"name":"wp","href":"https:\/\/api.w.org\/{rel}","templated":true}]}}