{"id":129168,"date":"2023-11-09T10:03:53","date_gmt":"2023-11-09T09:03:53","guid":{"rendered":"https:\/\/www.bontempi.it\/product\/charlotte-a-soffitto-16-69\/"},"modified":"2024-04-26T19:13:25","modified_gmt":"2024-04-26T17:13:25","slug":"charlotte-a-soffitto-16-69","status":"publish","type":"product","link":"https:\/\/www.bontempi.it\/fr\/charlotte-au-plafond-1669\/","title":{"rendered":"Charlotte au plafond &#8211; 16.69"},"content":{"rendered":"<p>Biblioth\u00e8que avec fixation au plafond pr\u00e9vue pour l\u2019insertion de max 8 \u00e9tag\u00e8res et\/ou meubles contenitif optionnels. Structur\u00e9e, traverses et d\u00e9tails decoratifs en m\u00e9tal laqu\u00e9.<\/p>\n","protected":false},"excerpt":{"rendered":"<p>Biblioth\u00e8que avec fixation au plafond pr\u00e9vue pour l\u2019insertion de max 8 \u00e9tag\u00e8res et\/ou meubles contenitif optionnels. Structur\u00e9e, traverses et d\u00e9tails decoratifs en m\u00e9tal laqu\u00e9.<\/p>\n","protected":false},"featured_media":0,"template":"","line":[73997,74000],"kind":[70973,70974],"room":[],"material":[68034,68035,68036,68037,68040,68042,68044,68013,68015,68016,68033],"color":[77345,77346,77347,77348,60635,75630,77336,77344],"certification":[],"class_list":["post-129168","product","type-product","status-publish","hentry","line-charlotte-fr","line-charlotte-soffitto-fr","kind-bookcases-shelves-fr","kind-bookcases-fr","material-m327-fr","material-m325-fr","material-m329-fr","material-m328-fr","material-m028-fr","material-m312-fr","material-m307-fr","material-m310-fr","material-m326-fr","material-m306-fr","material-m055-fr","color-chocolate-fr","color-black-fr","color-gold-fr","color-pink-gold-fr","color-beige-fr","color-silver-fr","color-white-fr","color-grey-fr"],"acf":{"sku":"16.69","line":[73997,74000],"is_accessory":false,"is_configurable":true,"kind":[70973,70974],"rooms":false,"seats":"","dimensions":{"diameter":"","x":"170","z":"34","y":"240"},"finishing":{"top":[],"structure":{"68013":68013,"68015":68015,"68016":68016,"68033":68033,"68034":68034,"68035":68035,"68036":68036,"68037":68037,"68040":68040,"68042":68042,"68044":68044},"lower_cuff":[],"upper_cuff":[],"matchable_top":[],"builtin_revolving_central_top":[],"throat":[],"lampshade":[],"back":[],"sitting":[],"cushions":[],"decorative_inner":[],"decorative_inserts":{"68013":68013,"68015":68015,"68016":68016,"68033":68033,"68034":68034,"68035":68035,"68036":68036,"68037":68037,"68040":68040,"68042":68042,"68044":68044},"side":[],"support":[],"front_doors":[],"top_front_doors":[],"seat_structure":[],"top_structure":[],"covering":[],"optional_shelf":[],"mirror":[],"side_panels":[],"centerpiece":[]},"colors":{"top":[],"structure":{"77344":77344,"75630":75630,"77336":77336,"77346":77346,"77347":77347,"77348":77348,"77345":77345,"60635":60635},"lower_cuff":[],"upper_cuff":[],"matchable_top":[],"builtin_revolving_central_top":[],"throat":[],"lampshade":[],"back":[],"sitting":[],"cushions":[],"decorative_inner":[],"decorative_inserts":{"77344":77344,"75630":75630,"77336":77336,"77346":77346,"77347":77347,"77348":77348,"77345":77345,"60635":60635},"side":[],"support":[],"front_doors":[],"top_front_doors":[],"seat_structure":[],"top_structure":[],"covering":[],"optional_shelf":[],"mirror":[],"side_panels":[],"centerpiece":[]},"accessories":[126723,126724,126725,126726],"related":[126710,126726],"gallery":[18886],"product_sheet":"https:\/\/www.bontempi.it\/wp-content\/uploads\/2023\/03\/Charlotte-16.69.pdf","attachments":null,"videos":[{"label":"Montaggio ed uso","file":""}],"silhouette":25626},"_links":{"self":[{"href":"https:\/\/www.bontempi.it\/fr\/wp-json\/wp\/v2\/product\/129168","targetHints":{"allow":["GET"]}}],"collection":[{"href":"https:\/\/www.bontempi.it\/fr\/wp-json\/wp\/v2\/product"}],"about":[{"href":"https:\/\/www.bontempi.it\/fr\/wp-json\/wp\/v2\/types\/product"}],"acf:attachment":[{"embeddable":true,"href":"https:\/\/www.bontempi.it\/fr\/wp-json\/wp\/v2\/media\/18886"}],"acf:post":[{"embeddable":true,"href":"https:\/\/www.bontempi.it\/fr\/wp-json\/wp\/v2\/product\/126710"},{"embeddable":true,"href":"https:\/\/www.bontempi.it\/fr\/wp-json\/wp\/v2\/product\/126726"},{"embeddable":true,"href":"https:\/\/www.bontempi.it\/fr\/wp-json\/wp\/v2\/product\/126725"},{"embeddable":true,"href":"https:\/\/www.bontempi.it\/fr\/wp-json\/wp\/v2\/product\/126724"},{"embeddable":true,"href":"https:\/\/www.bontempi.it\/fr\/wp-json\/wp\/v2\/product\/126723"}],"acf:term":[{"embeddable":true,"taxonomy":"kind","href":"https:\/\/www.bontempi.it\/fr\/wp-json\/wp\/v2\/kind\/70974"},{"embeddable":true,"taxonomy":"kind","href":"https:\/\/www.bontempi.it\/fr\/wp-json\/wp\/v2\/kind\/70973"},{"embeddable":true,"taxonomy":"line","href":"https:\/\/www.bontempi.it\/fr\/wp-json\/wp\/v2\/line\/74000"},{"embeddable":true,"taxonomy":"line","href":"https:\/\/www.bontempi.it\/fr\/wp-json\/wp\/v2\/line\/73997"}],"wp:attachment":[{"href":"https:\/\/www.bontempi.it\/fr\/wp-json\/wp\/v2\/media?parent=129168"}],"wp:term":[{"taxonomy":"line","embeddable":true,"href":"https:\/\/www.bontempi.it\/fr\/wp-json\/wp\/v2\/line?post=129168"},{"taxonomy":"kind","embeddable":true,"href":"https:\/\/www.bontempi.it\/fr\/wp-json\/wp\/v2\/kind?post=129168"},{"taxonomy":"room","embeddable":true,"href":"https:\/\/www.bontempi.it\/fr\/wp-json\/wp\/v2\/room?post=129168"},{"taxonomy":"material","embeddable":true,"href":"https:\/\/www.bontempi.it\/fr\/wp-json\/wp\/v2\/material?post=129168"},{"taxonomy":"color","embeddable":true,"href":"https:\/\/www.bontempi.it\/fr\/wp-json\/wp\/v2\/color?post=129168"},{"taxonomy":"certification","embeddable":true,"href":"https:\/\/www.bontempi.it\/fr\/wp-json\/wp\/v2\/certification?post=129168"}],"curies":[{"name":"wp","href":"https:\/\/api.w.org\/{rel}","templated":true}]}}