{"id":129167,"date":"2023-11-09T10:03:53","date_gmt":"2023-11-09T09:03:53","guid":{"rendered":"https:\/\/www.bontempi.it\/product\/charlotte-a-soffitto-16-68\/"},"modified":"2024-04-26T19:13:23","modified_gmt":"2024-04-26T17:13:23","slug":"charlotte-a-soffitto-16-68","status":"publish","type":"product","link":"https:\/\/www.bontempi.it\/fr\/charlotte-au-plafond-1668\/","title":{"rendered":"Charlotte au plafond &#8211; 16.68"},"content":{"rendered":"<p>Biblioth\u00e8que avec fixation au plafond pr\u00e9vue pour l\u2019insertion de max 4 \u00e9tag\u00e8res et\/ou meubles contenitif optionnels. Structur\u00e9e, traverses et d\u00e9tails decoratifs en m\u00e9tal laqu\u00e9.<\/p>\n","protected":false},"excerpt":{"rendered":"<p>Biblioth\u00e8que avec fixation au plafond pr\u00e9vue pour l\u2019insertion de max 4 \u00e9tag\u00e8res et\/ou meubles contenitif optionnels. Structur\u00e9e, traverses et d\u00e9tails decoratifs en m\u00e9tal laqu\u00e9.<\/p>\n","protected":false},"featured_media":0,"template":"","line":[74000,73997],"kind":[70974,70973],"room":[],"material":[68015,68016,68033,68034,68035,68036,68037,68040,68042,68044,68013],"color":[75630,77336,77344,77345,77346,77347,77348,60635],"certification":[],"class_list":["post-129167","product","type-product","status-publish","hentry","line-charlotte-soffitto-fr","line-charlotte-fr","kind-bookcases-fr","kind-bookcases-shelves-fr","material-m326-fr","material-m306-fr","material-m055-fr","material-m327-fr","material-m325-fr","material-m329-fr","material-m328-fr","material-m028-fr","material-m312-fr","material-m307-fr","material-m310-fr","color-silver-fr","color-white-fr","color-grey-fr","color-chocolate-fr","color-black-fr","color-gold-fr","color-pink-gold-fr","color-beige-fr"],"acf":{"sku":"16.68","line":[73997,74000],"is_accessory":false,"is_configurable":true,"kind":[70973,70974],"rooms":false,"seats":"","dimensions":{"diameter":"","x":"90","z":"34","y":"240"},"finishing":{"top":[],"structure":{"68013":68013,"68015":68015,"68016":68016,"68033":68033,"68034":68034,"68035":68035,"68036":68036,"68037":68037,"68040":68040,"68042":68042,"68044":68044},"lower_cuff":[],"upper_cuff":[],"matchable_top":[],"builtin_revolving_central_top":[],"throat":[],"lampshade":[],"back":[],"sitting":[],"cushions":[],"decorative_inner":[],"decorative_inserts":{"68013":68013,"68015":68015,"68016":68016,"68033":68033,"68034":68034,"68035":68035,"68036":68036,"68037":68037,"68040":68040,"68042":68042,"68044":68044},"side":[],"support":[],"front_doors":[],"top_front_doors":[],"seat_structure":[],"top_structure":[],"covering":[],"optional_shelf":[],"mirror":[],"side_panels":[],"centerpiece":[]},"colors":{"top":[],"structure":{"77344":77344,"75630":75630,"77336":77336,"77346":77346,"77347":77347,"77348":77348,"77345":77345,"60635":60635},"lower_cuff":[],"upper_cuff":[],"matchable_top":[],"builtin_revolving_central_top":[],"throat":[],"lampshade":[],"back":[],"sitting":[],"cushions":[],"decorative_inner":[],"decorative_inserts":{"77344":77344,"75630":75630,"77336":77336,"77346":77346,"77347":77347,"77348":77348,"77345":77345,"60635":60635},"side":[],"support":[],"front_doors":[],"top_front_doors":[],"seat_structure":[],"top_structure":[],"covering":[],"optional_shelf":[],"mirror":[],"side_panels":[],"centerpiece":[]},"accessories":[126723,126724,126725,126726,126731,126732,126727,126728,126729,126730,126685,126686],"related":[126717,126726],"gallery":[59467],"product_sheet":"https:\/\/www.bontempi.it\/wp-content\/uploads\/2023\/03\/Charlotte-16.68.pdf","attachments":null,"videos":[{"label":"Montaggio ed uso","file":""}],"silhouette":25625},"_links":{"self":[{"href":"https:\/\/www.bontempi.it\/fr\/wp-json\/wp\/v2\/product\/129167","targetHints":{"allow":["GET"]}}],"collection":[{"href":"https:\/\/www.bontempi.it\/fr\/wp-json\/wp\/v2\/product"}],"about":[{"href":"https:\/\/www.bontempi.it\/fr\/wp-json\/wp\/v2\/types\/product"}],"acf:attachment":[{"embeddable":true,"href":"https:\/\/www.bontempi.it\/fr\/wp-json\/wp\/v2\/media\/59467"}],"acf:post":[{"embeddable":true,"href":"https:\/\/www.bontempi.it\/fr\/wp-json\/wp\/v2\/product\/126717"},{"embeddable":true,"href":"https:\/\/www.bontempi.it\/fr\/wp-json\/wp\/v2\/product\/126686"},{"embeddable":true,"href":"https:\/\/www.bontempi.it\/fr\/wp-json\/wp\/v2\/product\/126685"},{"embeddable":true,"href":"https:\/\/www.bontempi.it\/fr\/wp-json\/wp\/v2\/product\/126730"},{"embeddable":true,"href":"https:\/\/www.bontempi.it\/fr\/wp-json\/wp\/v2\/product\/126729"},{"embeddable":true,"href":"https:\/\/www.bontempi.it\/fr\/wp-json\/wp\/v2\/product\/126728"},{"embeddable":true,"href":"https:\/\/www.bontempi.it\/fr\/wp-json\/wp\/v2\/product\/126727"},{"embeddable":true,"href":"https:\/\/www.bontempi.it\/fr\/wp-json\/wp\/v2\/product\/126732"},{"embeddable":true,"href":"https:\/\/www.bontempi.it\/fr\/wp-json\/wp\/v2\/product\/126731"},{"embeddable":true,"href":"https:\/\/www.bontempi.it\/fr\/wp-json\/wp\/v2\/product\/126726"},{"embeddable":true,"href":"https:\/\/www.bontempi.it\/fr\/wp-json\/wp\/v2\/product\/126725"},{"embeddable":true,"href":"https:\/\/www.bontempi.it\/fr\/wp-json\/wp\/v2\/product\/126724"},{"embeddable":true,"href":"https:\/\/www.bontempi.it\/fr\/wp-json\/wp\/v2\/product\/126723"}],"acf:term":[{"embeddable":true,"taxonomy":"kind","href":"https:\/\/www.bontempi.it\/fr\/wp-json\/wp\/v2\/kind\/70974"},{"embeddable":true,"taxonomy":"kind","href":"https:\/\/www.bontempi.it\/fr\/wp-json\/wp\/v2\/kind\/70973"},{"embeddable":true,"taxonomy":"line","href":"https:\/\/www.bontempi.it\/fr\/wp-json\/wp\/v2\/line\/74000"},{"embeddable":true,"taxonomy":"line","href":"https:\/\/www.bontempi.it\/fr\/wp-json\/wp\/v2\/line\/73997"}],"wp:attachment":[{"href":"https:\/\/www.bontempi.it\/fr\/wp-json\/wp\/v2\/media?parent=129167"}],"wp:term":[{"taxonomy":"line","embeddable":true,"href":"https:\/\/www.bontempi.it\/fr\/wp-json\/wp\/v2\/line?post=129167"},{"taxonomy":"kind","embeddable":true,"href":"https:\/\/www.bontempi.it\/fr\/wp-json\/wp\/v2\/kind?post=129167"},{"taxonomy":"room","embeddable":true,"href":"https:\/\/www.bontempi.it\/fr\/wp-json\/wp\/v2\/room?post=129167"},{"taxonomy":"material","embeddable":true,"href":"https:\/\/www.bontempi.it\/fr\/wp-json\/wp\/v2\/material?post=129167"},{"taxonomy":"color","embeddable":true,"href":"https:\/\/www.bontempi.it\/fr\/wp-json\/wp\/v2\/color?post=129167"},{"taxonomy":"certification","embeddable":true,"href":"https:\/\/www.bontempi.it\/fr\/wp-json\/wp\/v2\/certification?post=129167"}],"curies":[{"name":"wp","href":"https:\/\/api.w.org\/{rel}","templated":true}]}}