{"id":129155,"date":"2023-11-09T10:03:19","date_gmt":"2023-11-09T09:03:19","guid":{"rendered":"https:\/\/www.bontempi.it\/?post_type=product&#038;p=129155"},"modified":"2024-04-26T19:14:55","modified_gmt":"2024-04-26T17:14:55","slug":"atena-16-31","status":"publish","type":"product","link":"https:\/\/www.bontempi.it\/fr\/atena-1631\/","title":{"rendered":"Atena &#8211; 16.31"},"content":{"rendered":"<p>Module de biblioth\u00e8que avec structure en t\u00f4le d\u2019acier laqu\u00e9, sans dossier, no freestanding. Top facultatif en verre et socle facultatif en m\u00e9tal laqu\u00e9 laiton fonc\u00e9 et noir opaque.<\/p>\n","protected":false},"excerpt":{"rendered":"<p>Module de biblioth\u00e8que avec structure en t\u00f4le d\u2019acier laqu\u00e9, sans dossier, no freestanding. Top facultatif en verre et socle facultatif en m\u00e9tal laqu\u00e9 laiton fonc\u00e9 et noir opaque.<\/p>\n","protected":false},"featured_media":0,"template":"","line":[73978],"kind":[70896,70973,70974],"room":[],"material":[67890,67907],"color":[77346],"certification":[],"class_list":["post-129155","product","type-product","status-publish","hentry","line-atena-fr","kind-bookcases","kind-bookcases-shelves-fr","kind-bookcases-fr","material-c185s-fr","material-c152-fr","color-black-fr"],"acf":{"sku":"16.31","line":[73978],"is_accessory":false,"is_configurable":false,"kind":[70896,70973,70974],"rooms":false,"seats":"","dimensions":{"diameter":"","x":"58","z":"32","y":"87"},"finishing":{"top":[],"structure":{"68033":68033,"68040":68040,"68042":68042},"lower_cuff":[],"upper_cuff":[],"matchable_top":{"67890":67890,"67907":67907},"builtin_revolving_central_top":[],"throat":[],"lampshade":[],"back":[],"sitting":[],"cushions":[],"decorative_inner":[],"decorative_inserts":[],"side":[],"support":[],"front_doors":[],"top_front_doors":[],"seat_structure":[],"top_structure":[],"covering":[],"optional_shelf":[],"mirror":[],"side_panels":[],"centerpiece":[]},"colors":{"top":[],"structure":{"77346":77346,"77345":77345,"60635":60635},"lower_cuff":[],"upper_cuff":[],"matchable_top":{"77346":77346},"builtin_revolving_central_top":[],"throat":[],"lampshade":[],"back":[],"sitting":[],"cushions":[],"decorative_inner":[],"decorative_inserts":[],"side":[],"support":[],"front_doors":[],"top_front_doors":[],"seat_structure":[],"top_structure":[],"covering":[],"optional_shelf":[],"mirror":[],"side_panels":[],"centerpiece":[]},"accessories":"","related":"","gallery":[123589,123584,123599,123609,123649],"product_sheet":"","attachments":null,"videos":null,"silhouette":123979},"_links":{"self":[{"href":"https:\/\/www.bontempi.it\/fr\/wp-json\/wp\/v2\/product\/129155","targetHints":{"allow":["GET"]}}],"collection":[{"href":"https:\/\/www.bontempi.it\/fr\/wp-json\/wp\/v2\/product"}],"about":[{"href":"https:\/\/www.bontempi.it\/fr\/wp-json\/wp\/v2\/types\/product"}],"acf:attachment":[{"embeddable":true,"href":"https:\/\/www.bontempi.it\/fr\/wp-json\/wp\/v2\/media\/123649"},{"embeddable":true,"href":"https:\/\/www.bontempi.it\/fr\/wp-json\/wp\/v2\/media\/123609"},{"embeddable":true,"href":"https:\/\/www.bontempi.it\/fr\/wp-json\/wp\/v2\/media\/123599"},{"embeddable":true,"href":"https:\/\/www.bontempi.it\/fr\/wp-json\/wp\/v2\/media\/123584"},{"embeddable":true,"href":"https:\/\/www.bontempi.it\/fr\/wp-json\/wp\/v2\/media\/123589"}],"acf:term":[{"embeddable":true,"taxonomy":"kind","href":"https:\/\/www.bontempi.it\/fr\/wp-json\/wp\/v2\/kind\/70974"},{"embeddable":true,"taxonomy":"kind","href":"https:\/\/www.bontempi.it\/fr\/wp-json\/wp\/v2\/kind\/70973"},{"embeddable":true,"taxonomy":"kind","href":"https:\/\/www.bontempi.it\/fr\/wp-json\/wp\/v2\/kind\/70896"},{"embeddable":true,"taxonomy":"line","href":"https:\/\/www.bontempi.it\/fr\/wp-json\/wp\/v2\/line\/73978"}],"wp:attachment":[{"href":"https:\/\/www.bontempi.it\/fr\/wp-json\/wp\/v2\/media?parent=129155"}],"wp:term":[{"taxonomy":"line","embeddable":true,"href":"https:\/\/www.bontempi.it\/fr\/wp-json\/wp\/v2\/line?post=129155"},{"taxonomy":"kind","embeddable":true,"href":"https:\/\/www.bontempi.it\/fr\/wp-json\/wp\/v2\/kind?post=129155"},{"taxonomy":"room","embeddable":true,"href":"https:\/\/www.bontempi.it\/fr\/wp-json\/wp\/v2\/room?post=129155"},{"taxonomy":"material","embeddable":true,"href":"https:\/\/www.bontempi.it\/fr\/wp-json\/wp\/v2\/material?post=129155"},{"taxonomy":"color","embeddable":true,"href":"https:\/\/www.bontempi.it\/fr\/wp-json\/wp\/v2\/color?post=129155"},{"taxonomy":"certification","embeddable":true,"href":"https:\/\/www.bontempi.it\/fr\/wp-json\/wp\/v2\/certification?post=129155"}],"curies":[{"name":"wp","href":"https:\/\/api.w.org\/{rel}","templated":true}]}}