{"id":129150,"date":"2023-11-09T10:03:19","date_gmt":"2023-11-09T09:03:19","guid":{"rendered":"https:\/\/www.bontempi.it\/product\/lexington-ripiani-16-25\/"},"modified":"2024-04-26T19:14:36","modified_gmt":"2024-04-26T17:14:36","slug":"lexington-ripiani-16-25","status":"publish","type":"product","link":"https:\/\/www.bontempi.it\/fr\/lexington-etagere-1625\/","title":{"rendered":"Lexington \u00c9tag\u00e8re &#8211; 16.25"},"content":{"rendered":"<p>\u00c9tag\u00e8re biblioth\u00e8que structure en en bois plaqu\u00e9.<\/p>\n","protected":false},"excerpt":{"rendered":"<p>\u00c9tag\u00e8re biblioth\u00e8que structure en en bois plaqu\u00e9.<\/p>\n","protected":false},"featured_media":0,"template":"","line":[74129,74131],"kind":[70896,70940,70973,70974],"room":[71464],"material":[67959,67961,67963,67965],"color":[60635,77345,77346],"certification":[],"class_list":["post-129150","product","type-product","status-publish","hentry","line-lexington-fr","line-lexington-shelves-fr","kind-bookcases","kind-accessories-fr","kind-bookcases-shelves-fr","kind-bookcases-fr","room-contract-fr","material-l036-fr","material-l038-fr","material-l009-fr","material-l002-fr","color-beige-fr","color-chocolate-fr","color-black-fr"],"acf":{"sku":"16.25","line":[74129,74131],"is_accessory":true,"is_configurable":false,"kind":[70896,70940,70973,70974],"rooms":[71464],"seats":"","dimensions":{"diameter":"","x":"112","z":"35","y":"20"},"finishing":{"top":[],"structure":{"67959":67959,"67961":67961,"67963":67963,"67965":67965},"lower_cuff":[],"upper_cuff":[],"matchable_top":[],"builtin_revolving_central_top":[],"throat":[],"lampshade":[],"back":[],"sitting":[],"cushions":[],"decorative_inner":[],"decorative_inserts":[],"side":[],"support":[],"front_doors":[],"top_front_doors":[],"seat_structure":[],"top_structure":[],"covering":[],"optional_shelf":[],"mirror":[],"side_panels":[],"centerpiece":[]},"colors":{"top":[],"structure":{"60635":60635,"77346":77346,"77345":77345},"lower_cuff":[],"upper_cuff":[],"matchable_top":[],"builtin_revolving_central_top":[],"throat":[],"lampshade":[],"back":[],"sitting":[],"cushions":[],"decorative_inner":[],"decorative_inserts":[],"side":[],"support":[],"front_doors":[],"top_front_doors":[],"seat_structure":[],"top_structure":[],"covering":[],"optional_shelf":[],"mirror":[],"side_panels":[],"centerpiece":[]},"accessories":"","related":[126689],"gallery":[26611,26615],"product_sheet":"","attachments":null,"videos":null,"silhouette":36983},"_links":{"self":[{"href":"https:\/\/www.bontempi.it\/fr\/wp-json\/wp\/v2\/product\/129150","targetHints":{"allow":["GET"]}}],"collection":[{"href":"https:\/\/www.bontempi.it\/fr\/wp-json\/wp\/v2\/product"}],"about":[{"href":"https:\/\/www.bontempi.it\/fr\/wp-json\/wp\/v2\/types\/product"}],"acf:attachment":[{"embeddable":true,"href":"https:\/\/www.bontempi.it\/fr\/wp-json\/wp\/v2\/media\/26615"},{"embeddable":true,"href":"https:\/\/www.bontempi.it\/fr\/wp-json\/wp\/v2\/media\/26611"}],"acf:post":[{"embeddable":true,"href":"https:\/\/www.bontempi.it\/fr\/wp-json\/wp\/v2\/product\/126689"}],"acf:term":[{"embeddable":true,"taxonomy":"room","href":"https:\/\/www.bontempi.it\/fr\/wp-json\/wp\/v2\/room\/71464"},{"embeddable":true,"taxonomy":"kind","href":"https:\/\/www.bontempi.it\/fr\/wp-json\/wp\/v2\/kind\/70974"},{"embeddable":true,"taxonomy":"kind","href":"https:\/\/www.bontempi.it\/fr\/wp-json\/wp\/v2\/kind\/70973"},{"embeddable":true,"taxonomy":"kind","href":"https:\/\/www.bontempi.it\/fr\/wp-json\/wp\/v2\/kind\/70940"},{"embeddable":true,"taxonomy":"kind","href":"https:\/\/www.bontempi.it\/fr\/wp-json\/wp\/v2\/kind\/70896"},{"embeddable":true,"taxonomy":"line","href":"https:\/\/www.bontempi.it\/fr\/wp-json\/wp\/v2\/line\/74131"},{"embeddable":true,"taxonomy":"line","href":"https:\/\/www.bontempi.it\/fr\/wp-json\/wp\/v2\/line\/74129"}],"wp:attachment":[{"href":"https:\/\/www.bontempi.it\/fr\/wp-json\/wp\/v2\/media?parent=129150"}],"wp:term":[{"taxonomy":"line","embeddable":true,"href":"https:\/\/www.bontempi.it\/fr\/wp-json\/wp\/v2\/line?post=129150"},{"taxonomy":"kind","embeddable":true,"href":"https:\/\/www.bontempi.it\/fr\/wp-json\/wp\/v2\/kind?post=129150"},{"taxonomy":"room","embeddable":true,"href":"https:\/\/www.bontempi.it\/fr\/wp-json\/wp\/v2\/room?post=129150"},{"taxonomy":"material","embeddable":true,"href":"https:\/\/www.bontempi.it\/fr\/wp-json\/wp\/v2\/material?post=129150"},{"taxonomy":"color","embeddable":true,"href":"https:\/\/www.bontempi.it\/fr\/wp-json\/wp\/v2\/color?post=129150"},{"taxonomy":"certification","embeddable":true,"href":"https:\/\/www.bontempi.it\/fr\/wp-json\/wp\/v2\/certification?post=129150"}],"curies":[{"name":"wp","href":"https:\/\/api.w.org\/{rel}","templated":true}]}}