{"id":129137,"date":"2023-11-09T10:02:48","date_gmt":"2023-11-09T09:02:48","guid":{"rendered":"https:\/\/www.bontempi.it\/product\/charlotte-scrittoio-16-12\/"},"modified":"2024-04-26T19:15:27","modified_gmt":"2024-04-26T17:15:27","slug":"charlotte-scrittoio-16-12","status":"publish","type":"product","link":"https:\/\/www.bontempi.it\/fr\/charlotte-bureau-1612\/","title":{"rendered":"Charlotte bureau &#8211; 16.12"},"content":{"rendered":"<p>Plateau de bureau avec structure en m\u00e9tal laqu\u00e9 et plateau en Bois laqu\u00e9.<\/p>\n","protected":false},"excerpt":{"rendered":"<p>Plateau de bureau avec structure en m\u00e9tal laqu\u00e9 et plateau en Bois laqu\u00e9.<\/p>\n","protected":false},"featured_media":0,"template":"","line":[73947,73997,73998,73999,74000],"kind":[70940,70973,70974],"room":[],"material":[68035,68036,68037,68040,68042,68044,68013,68015,68016,68033,68034],"color":[77346,77347,77348,60635,75630,77336,77344,77345],"certification":[],"class_list":["post-129137","product","type-product","status-publish","hentry","line-accessories-charlotte-fr","line-charlotte-fr","line-charlotte-parete-fr","line-charlotte-ripiani-fr","line-charlotte-soffitto-fr","kind-accessories-fr","kind-bookcases-shelves-fr","kind-bookcases-fr","material-m325-fr","material-m329-fr","material-m328-fr","material-m028-fr","material-m312-fr","material-m307-fr","material-m310-fr","material-m326-fr","material-m306-fr","material-m055-fr","material-m327-fr","color-black-fr","color-gold-fr","color-pink-gold-fr","color-beige-fr","color-silver-fr","color-white-fr","color-grey-fr","color-chocolate-fr"],"acf":{"sku":"16.12","line":[73998,73999,74000,73947,73997],"is_accessory":true,"is_configurable":true,"kind":[70973,70974,70940],"rooms":false,"seats":"","dimensions":{"diameter":"","x":"77","z":"45","y":"2"},"finishing":{"top":{"67968":67968,"67970":67970,"67977":67977},"structure":{"68013":68013,"68015":68015,"68016":68016,"68033":68033,"68034":68034,"68035":68035,"68036":68036,"68037":68037,"68040":68040,"68042":68042,"68044":68044},"lower_cuff":[],"upper_cuff":[],"matchable_top":[],"builtin_revolving_central_top":[],"throat":[],"lampshade":[],"back":[],"sitting":[],"cushions":[],"decorative_inner":[],"decorative_inserts":[],"side":[],"support":[],"front_doors":[],"top_front_doors":[],"seat_structure":[],"top_structure":[],"covering":[],"optional_shelf":[],"mirror":[],"side_panels":[],"centerpiece":[]},"colors":{"top":{"77344":77344,"77336":77336,"77346":77346},"structure":{"77344":77344,"75630":75630,"77336":77336,"77346":77346,"77347":77347,"77348":77348,"77345":77345,"60635":60635},"lower_cuff":[],"upper_cuff":[],"matchable_top":[],"builtin_revolving_central_top":[],"throat":[],"lampshade":[],"back":[],"sitting":[],"cushions":[],"decorative_inner":[],"decorative_inserts":[],"side":[],"support":[],"front_doors":[],"top_front_doors":[],"seat_structure":[],"top_structure":[],"covering":[],"optional_shelf":[],"mirror":[],"side_panels":[],"centerpiece":[]},"accessories":"","related":[126729,126728,126731],"gallery":[104003,103918,103928],"product_sheet":"","attachments":null,"videos":null,"silhouette":103503},"_links":{"self":[{"href":"https:\/\/www.bontempi.it\/fr\/wp-json\/wp\/v2\/product\/129137","targetHints":{"allow":["GET"]}}],"collection":[{"href":"https:\/\/www.bontempi.it\/fr\/wp-json\/wp\/v2\/product"}],"about":[{"href":"https:\/\/www.bontempi.it\/fr\/wp-json\/wp\/v2\/types\/product"}],"acf:attachment":[{"embeddable":true,"href":"https:\/\/www.bontempi.it\/fr\/wp-json\/wp\/v2\/media\/103928"},{"embeddable":true,"href":"https:\/\/www.bontempi.it\/fr\/wp-json\/wp\/v2\/media\/103918"},{"embeddable":true,"href":"https:\/\/www.bontempi.it\/fr\/wp-json\/wp\/v2\/media\/104003"}],"acf:post":[{"embeddable":true,"href":"https:\/\/www.bontempi.it\/fr\/wp-json\/wp\/v2\/product\/126731"},{"embeddable":true,"href":"https:\/\/www.bontempi.it\/fr\/wp-json\/wp\/v2\/product\/126728"},{"embeddable":true,"href":"https:\/\/www.bontempi.it\/fr\/wp-json\/wp\/v2\/product\/126729"}],"acf:term":[{"embeddable":true,"taxonomy":"kind","href":"https:\/\/www.bontempi.it\/fr\/wp-json\/wp\/v2\/kind\/70940"},{"embeddable":true,"taxonomy":"kind","href":"https:\/\/www.bontempi.it\/fr\/wp-json\/wp\/v2\/kind\/70974"},{"embeddable":true,"taxonomy":"kind","href":"https:\/\/www.bontempi.it\/fr\/wp-json\/wp\/v2\/kind\/70973"},{"embeddable":true,"taxonomy":"line","href":"https:\/\/www.bontempi.it\/fr\/wp-json\/wp\/v2\/line\/73997"},{"embeddable":true,"taxonomy":"line","href":"https:\/\/www.bontempi.it\/fr\/wp-json\/wp\/v2\/line\/73947"},{"embeddable":true,"taxonomy":"line","href":"https:\/\/www.bontempi.it\/fr\/wp-json\/wp\/v2\/line\/74000"},{"embeddable":true,"taxonomy":"line","href":"https:\/\/www.bontempi.it\/fr\/wp-json\/wp\/v2\/line\/73999"},{"embeddable":true,"taxonomy":"line","href":"https:\/\/www.bontempi.it\/fr\/wp-json\/wp\/v2\/line\/73998"}],"wp:attachment":[{"href":"https:\/\/www.bontempi.it\/fr\/wp-json\/wp\/v2\/media?parent=129137"}],"wp:term":[{"taxonomy":"line","embeddable":true,"href":"https:\/\/www.bontempi.it\/fr\/wp-json\/wp\/v2\/line?post=129137"},{"taxonomy":"kind","embeddable":true,"href":"https:\/\/www.bontempi.it\/fr\/wp-json\/wp\/v2\/kind?post=129137"},{"taxonomy":"room","embeddable":true,"href":"https:\/\/www.bontempi.it\/fr\/wp-json\/wp\/v2\/room?post=129137"},{"taxonomy":"material","embeddable":true,"href":"https:\/\/www.bontempi.it\/fr\/wp-json\/wp\/v2\/material?post=129137"},{"taxonomy":"color","embeddable":true,"href":"https:\/\/www.bontempi.it\/fr\/wp-json\/wp\/v2\/color?post=129137"},{"taxonomy":"certification","embeddable":true,"href":"https:\/\/www.bontempi.it\/fr\/wp-json\/wp\/v2\/certification?post=129137"}],"curies":[{"name":"wp","href":"https:\/\/api.w.org\/{rel}","templated":true}]}}