{"id":129107,"date":"2023-11-09T10:02:13","date_gmt":"2023-11-09T09:02:13","guid":{"rendered":"https:\/\/www.bontempi.it\/product\/pica-15-77ld\/"},"modified":"2024-04-26T19:15:59","modified_gmt":"2024-04-26T17:15:59","slug":"pica-15-77ld","status":"publish","type":"product","link":"https:\/\/www.bontempi.it\/fr\/pica-bois-laque-decore-1577ld\/","title":{"rendered":"Pica bois laqu\u00e9 decor\u00e9 &#8211; 15.77LD"},"content":{"rendered":"<p>Bahut structure en bois, une porte, \u00e9tag\u00e8res int\u00e9rieures en verre transparent, cage \u00e0 jours gauche, flancs et portes en bois laqu\u00e9 decor\u00e9. Structure et pieds en m\u00e9tal laqu\u00e9.<\/p>\n","protected":false},"excerpt":{"rendered":"<p>Bahut structure en bois, une porte, \u00e9tag\u00e8res int\u00e9rieures en verre transparent, cage \u00e0 jours gauche, flancs et portes en bois laqu\u00e9 decor\u00e9. Structure et pieds en m\u00e9tal laqu\u00e9.<\/p>\n","protected":false},"featured_media":0,"template":"","line":[74197,74199],"kind":[70972],"room":[71460],"material":[67968,67970,67973],"color":[77336,77344],"certification":[],"class_list":["post-129107","product","type-product","status-publish","hentry","line-pica-fr","line-pica-legno-laccato-decorato-fr","kind-storage-units-fr","room-hall-fr","material-l087-fr","material-l079-fr","material-l095-fr","color-white-fr","color-grey-fr"],"acf":{"sku":"15.77LD","line":[74197,74199],"is_accessory":false,"is_configurable":true,"kind":[70972],"rooms":[71460],"seats":"","dimensions":{"diameter":"","x":"136","z":"52","y":"86"},"finishing":{"top":{"67884":67884,"67886":67886,"67890":67890,"67894":67894,"67903":67903,"67907":67907,"67916":67916,"67959":67959,"67961":67961,"67963":67963,"67968":67968,"67970":67970,"67973":67973,"67975":67975,"68222":68222,"68255":68255,"68260":68260,"68262":68262,"68264":68264,"68267":68267,"68269":68269,"68271":68271},"structure":{"68013":68013,"68016":68016,"68029":68029,"68033":68033,"68040":68040},"lower_cuff":[],"upper_cuff":[],"matchable_top":[],"builtin_revolving_central_top":[],"throat":[],"lampshade":[],"back":[],"sitting":[],"cushions":[],"decorative_inner":[],"decorative_inserts":[],"side":[],"support":[],"front_doors":{"67968":67968,"67970":67970,"67973":67973},"top_front_doors":[],"seat_structure":[],"top_structure":[],"covering":[],"optional_shelf":[],"mirror":[],"side_panels":[],"centerpiece":[]},"colors":{"top":{"77344":77344,"77336":77336,"77346":77346,"60635":60635,"75856":75856,"77345":77345,"60650":60650,"60653":60653,"75045":75045},"structure":{"77344":77344,"77336":77336,"77346":77346,"77345":77345},"lower_cuff":[],"upper_cuff":[],"matchable_top":[],"builtin_revolving_central_top":[],"throat":[],"lampshade":[],"back":[],"sitting":[],"cushions":[],"decorative_inner":[],"decorative_inserts":[],"side":[],"support":[],"front_doors":{"77344":77344,"77336":77336},"top_front_doors":[],"seat_structure":[],"top_structure":[],"covering":[],"optional_shelf":[],"mirror":[],"side_panels":[],"centerpiece":[]},"accessories":"","related":[127362],"gallery":[46327,19885],"product_sheet":"","attachments":null,"videos":null,"silhouette":122163},"_links":{"self":[{"href":"https:\/\/www.bontempi.it\/fr\/wp-json\/wp\/v2\/product\/129107","targetHints":{"allow":["GET"]}}],"collection":[{"href":"https:\/\/www.bontempi.it\/fr\/wp-json\/wp\/v2\/product"}],"about":[{"href":"https:\/\/www.bontempi.it\/fr\/wp-json\/wp\/v2\/types\/product"}],"acf:attachment":[{"embeddable":true,"href":"https:\/\/www.bontempi.it\/fr\/wp-json\/wp\/v2\/media\/19885"},{"embeddable":true,"href":"https:\/\/www.bontempi.it\/fr\/wp-json\/wp\/v2\/media\/46327"}],"acf:post":[{"embeddable":true,"href":"https:\/\/www.bontempi.it\/fr\/wp-json\/wp\/v2\/product\/127362"}],"acf:term":[{"embeddable":true,"taxonomy":"room","href":"https:\/\/www.bontempi.it\/fr\/wp-json\/wp\/v2\/room\/71460"},{"embeddable":true,"taxonomy":"kind","href":"https:\/\/www.bontempi.it\/fr\/wp-json\/wp\/v2\/kind\/70972"},{"embeddable":true,"taxonomy":"line","href":"https:\/\/www.bontempi.it\/fr\/wp-json\/wp\/v2\/line\/74199"},{"embeddable":true,"taxonomy":"line","href":"https:\/\/www.bontempi.it\/fr\/wp-json\/wp\/v2\/line\/74197"}],"wp:attachment":[{"href":"https:\/\/www.bontempi.it\/fr\/wp-json\/wp\/v2\/media?parent=129107"}],"wp:term":[{"taxonomy":"line","embeddable":true,"href":"https:\/\/www.bontempi.it\/fr\/wp-json\/wp\/v2\/line?post=129107"},{"taxonomy":"kind","embeddable":true,"href":"https:\/\/www.bontempi.it\/fr\/wp-json\/wp\/v2\/kind?post=129107"},{"taxonomy":"room","embeddable":true,"href":"https:\/\/www.bontempi.it\/fr\/wp-json\/wp\/v2\/room?post=129107"},{"taxonomy":"material","embeddable":true,"href":"https:\/\/www.bontempi.it\/fr\/wp-json\/wp\/v2\/material?post=129107"},{"taxonomy":"color","embeddable":true,"href":"https:\/\/www.bontempi.it\/fr\/wp-json\/wp\/v2\/color?post=129107"},{"taxonomy":"certification","embeddable":true,"href":"https:\/\/www.bontempi.it\/fr\/wp-json\/wp\/v2\/certification?post=129107"}],"curies":[{"name":"wp","href":"https:\/\/api.w.org\/{rel}","templated":true}]}}