{"id":129072,"date":"2023-11-09T10:00:34","date_gmt":"2023-11-09T09:00:34","guid":{"rendered":"https:\/\/www.bontempi.it\/product\/madison-superior-15-51sp\/"},"modified":"2024-04-26T19:29:49","modified_gmt":"2024-04-26T17:29:49","slug":"madison-superior-15-51sp","status":"publish","type":"product","link":"https:\/\/www.bontempi.it\/fr\/madison-superior-supermarbre-1551sp\/","title":{"rendered":"Madison Superior SuperMarbre &#8211; 15.51SP"},"content":{"rendered":"<p>Bahut structure en bois, deux portes, \u00e9tag\u00e8res int\u00e9rieures en verre transparent, dossier int\u00e9rieur effet miroir, tiroirs int\u00e9rieurs, support porte bouteilles et support pour fl\u00fbtes en bois massif Noyer Canaletto. Plateau, flancs et portes en SuperMarbree, Structure, pieds d\u00e9coratifs et poign\u00e9es en m\u00e9tal laqu\u00e9.<\/p>\n","protected":false},"excerpt":{"rendered":"<p>Bahut structure en bois, deux portes, \u00e9tag\u00e8res int\u00e9rieures en verre transparent, dossier int\u00e9rieur effet miroir, tiroirs int\u00e9rieurs, support porte bouteilles et support pour fl\u00fbtes en bois massif Noyer Canaletto. Plateau, flancs et portes en SuperMarbree, Structure, pieds d\u00e9coratifs et poign\u00e9es en m\u00e9tal laqu\u00e9.<\/p>\n","protected":false},"featured_media":9850,"template":"","line":[74146],"kind":[70972],"room":[71446,71460],"material":[68255,68258,68260,68262,68264,68267,68269],"color":[75045,77336,77345,77346],"certification":[],"class_list":["post-129072","product","type-product","status-publish","has-post-thumbnail","hentry","line-madison-superior-fr","kind-storage-units-fr","room-hall","room-hall-fr","material-cm003-fr","material-cm007-fr","material-cm012-fr","material-cm032-fr","material-cm009-fr","material-cm010-fr","material-cm005-fr","color-multicolor-fr","color-white-fr","color-chocolate-fr","color-black-fr"],"acf":{"sku":"15.51SP","line":[74146],"is_accessory":false,"is_configurable":true,"kind":[70972],"rooms":[71460,71446],"seats":"","dimensions":{"diameter":"","x":"102","z":"45","y":"163"},"finishing":{"top":[],"structure":{"68013":68013,"68015":68015,"68016":68016,"68029":68029,"68033":68033,"68034":68034,"68035":68035,"68036":68036,"68037":68037,"68040":68040,"68042":68042,"68044":68044},"lower_cuff":[],"upper_cuff":[],"matchable_top":[],"builtin_revolving_central_top":[],"throat":[],"lampshade":[],"back":[],"sitting":[],"cushions":[],"decorative_inner":[],"decorative_inserts":{"68013":68013,"68015":68015,"68016":68016,"68029":68029,"68033":68033,"68034":68034,"68035":68035,"68036":68036,"68037":68037,"68040":68040,"68042":68042,"68044":68044},"side":[],"support":[],"front_doors":[],"top_front_doors":{"68255":68255,"68258":68258,"68260":68260,"68262":68262,"68264":68264,"68267":68267,"68269":68269},"seat_structure":[],"top_structure":[],"covering":[],"optional_shelf":[],"mirror":[],"side_panels":[],"centerpiece":[]},"colors":{"top":[],"structure":{"77344":77344,"75630":75630,"77336":77336,"77346":77346,"77347":77347,"77348":77348,"77345":77345,"60635":60635},"lower_cuff":[],"upper_cuff":[],"matchable_top":[],"builtin_revolving_central_top":[],"throat":[],"lampshade":[],"back":[],"sitting":[],"cushions":[],"decorative_inner":[],"decorative_inserts":{"77344":77344,"75630":75630,"77336":77336,"77346":77346,"77347":77347,"77348":77348,"77345":77345,"60635":60635},"side":[],"support":[],"front_doors":[],"top_front_doors":{"77336":77336,"77345":77345,"75045":75045,"77346":77346},"seat_structure":[],"top_structure":[],"covering":[],"optional_shelf":[],"mirror":[],"side_panels":[],"centerpiece":[]},"accessories":"","related":[126924,126925,127156,127362],"gallery":[60197,60202,19563,19561],"product_sheet":"https:\/\/www.bontempi.it\/wp-content\/uploads\/2023\/03\/Madison-Superior.pdf","attachments":null,"videos":null,"silhouette":72153},"_links":{"self":[{"href":"https:\/\/www.bontempi.it\/fr\/wp-json\/wp\/v2\/product\/129072","targetHints":{"allow":["GET"]}}],"collection":[{"href":"https:\/\/www.bontempi.it\/fr\/wp-json\/wp\/v2\/product"}],"about":[{"href":"https:\/\/www.bontempi.it\/fr\/wp-json\/wp\/v2\/types\/product"}],"acf:attachment":[{"embeddable":true,"href":"https:\/\/www.bontempi.it\/fr\/wp-json\/wp\/v2\/media\/19561"},{"embeddable":true,"href":"https:\/\/www.bontempi.it\/fr\/wp-json\/wp\/v2\/media\/19563"},{"embeddable":true,"href":"https:\/\/www.bontempi.it\/fr\/wp-json\/wp\/v2\/media\/60202"},{"embeddable":true,"href":"https:\/\/www.bontempi.it\/fr\/wp-json\/wp\/v2\/media\/60197"}],"acf:post":[{"embeddable":true,"href":"https:\/\/www.bontempi.it\/fr\/wp-json\/wp\/v2\/product\/127362"},{"embeddable":true,"href":"https:\/\/www.bontempi.it\/fr\/wp-json\/wp\/v2\/product\/127156"},{"embeddable":true,"href":"https:\/\/www.bontempi.it\/fr\/wp-json\/wp\/v2\/product\/126925"},{"embeddable":true,"href":"https:\/\/www.bontempi.it\/fr\/wp-json\/wp\/v2\/product\/126924"}],"acf:term":[{"embeddable":true,"taxonomy":"room","href":"https:\/\/www.bontempi.it\/fr\/wp-json\/wp\/v2\/room\/71446"},{"embeddable":true,"taxonomy":"room","href":"https:\/\/www.bontempi.it\/fr\/wp-json\/wp\/v2\/room\/71460"},{"embeddable":true,"taxonomy":"kind","href":"https:\/\/www.bontempi.it\/fr\/wp-json\/wp\/v2\/kind\/70972"},{"embeddable":true,"taxonomy":"line","href":"https:\/\/www.bontempi.it\/fr\/wp-json\/wp\/v2\/line\/74146"}],"wp:featuredmedia":[{"embeddable":true,"href":"https:\/\/www.bontempi.it\/fr\/wp-json\/wp\/v2\/media\/9850"}],"wp:attachment":[{"href":"https:\/\/www.bontempi.it\/fr\/wp-json\/wp\/v2\/media?parent=129072"}],"wp:term":[{"taxonomy":"line","embeddable":true,"href":"https:\/\/www.bontempi.it\/fr\/wp-json\/wp\/v2\/line?post=129072"},{"taxonomy":"kind","embeddable":true,"href":"https:\/\/www.bontempi.it\/fr\/wp-json\/wp\/v2\/kind?post=129072"},{"taxonomy":"room","embeddable":true,"href":"https:\/\/www.bontempi.it\/fr\/wp-json\/wp\/v2\/room?post=129072"},{"taxonomy":"material","embeddable":true,"href":"https:\/\/www.bontempi.it\/fr\/wp-json\/wp\/v2\/material?post=129072"},{"taxonomy":"color","embeddable":true,"href":"https:\/\/www.bontempi.it\/fr\/wp-json\/wp\/v2\/color?post=129072"},{"taxonomy":"certification","embeddable":true,"href":"https:\/\/www.bontempi.it\/fr\/wp-json\/wp\/v2\/certification?post=129072"}],"curies":[{"name":"wp","href":"https:\/\/api.w.org\/{rel}","templated":true}]}}