{"id":129069,"date":"2023-11-09T10:00:34","date_gmt":"2023-11-09T09:00:34","guid":{"rendered":"https:\/\/www.bontempi.it\/product\/madison-15-50ll\/"},"modified":"2024-04-26T19:29:39","modified_gmt":"2024-04-26T17:29:39","slug":"madison-15-50ll","status":"publish","type":"product","link":"https:\/\/www.bontempi.it\/fr\/madison-bois-laque-1550ll\/","title":{"rendered":"Madison bois laqu\u00e9 &#8211; 15.50LL"},"content":{"rendered":"<p>Bahut en bois, 2 portes, \u00e9tag\u00e8re interne en Verre transparent, dossier interne en miroir. Plateau, flancs et portes en bois laqu\u00e9, pieds d\u00e9coratifs et poign\u00e9es \u00e0 choix.<\/p>\n","protected":false},"excerpt":{"rendered":"<p>Bahut en bois, 2 portes, \u00e9tag\u00e8re interne en Verre transparent, dossier interne en miroir. Plateau, flancs et portes en bois laqu\u00e9, pieds d\u00e9coratifs et poign\u00e9es \u00e0 choix.<\/p>\n","protected":false},"featured_media":0,"template":"","line":[74145],"kind":[70972],"room":[71446,71460],"material":[67983,68223,67968,67970,67977,67979,67980],"color":[77346,60635,75330,75755,77336,77344],"certification":[],"class_list":["post-129069","product","type-product","status-publish","hentry","line-madison-fr","kind-storage-units-fr","room-hall","room-hall-fr","material-l093-fr","material-ral-ncs-fr","material-l087-fr","material-l079-fr","material-l090-fr","material-l092-fr","material-l084-fr","color-black-fr","color-beige-fr","color-rust-fr","color-green-fr","color-white-fr","color-grey-fr"],"acf":{"sku":"15.50LL","line":[74145],"is_accessory":false,"is_configurable":true,"kind":[70972],"rooms":[71460,71446],"seats":"","dimensions":{"diameter":"","x":"102","z":"42","y":"163"},"finishing":{"top":[],"structure":{"68013":68013,"68015":68015,"68016":68016,"68029":68029,"68033":68033,"68034":68034,"68035":68035,"68036":68036,"68037":68037,"68040":68040,"68042":68042,"68044":68044},"lower_cuff":[],"upper_cuff":[],"matchable_top":[],"builtin_revolving_central_top":[],"throat":[],"lampshade":[],"back":[],"sitting":[],"cushions":[],"decorative_inner":[],"decorative_inserts":{"68013":68013,"68015":68015,"68016":68016,"68029":68029,"68033":68033,"68034":68034,"68035":68035,"68036":68036,"68037":68037,"68040":68040,"68042":68042,"68044":68044},"side":[],"support":[],"front_doors":[],"top_front_doors":{"67968":67968,"67970":67970,"67977":67977,"67979":67979,"67980":67980,"67983":67983,"68223":68223},"seat_structure":[],"top_structure":[],"covering":[],"optional_shelf":[],"mirror":[],"side_panels":[],"centerpiece":[]},"colors":{"top":[],"structure":{"77344":77344,"75630":75630,"77336":77336,"77346":77346,"77347":77347,"77348":77348,"77345":77345,"60635":60635},"lower_cuff":[],"upper_cuff":[],"matchable_top":[],"builtin_revolving_central_top":[],"throat":[],"lampshade":[],"back":[],"sitting":[],"cushions":[],"decorative_inner":[],"decorative_inserts":{"77344":77344,"75630":75630,"77336":77336,"77346":77346,"77347":77347,"77348":77348,"77345":77345,"60635":60635},"side":[],"support":[],"front_doors":[],"top_front_doors":{"77344":77344,"77336":77336,"77346":77346,"75330":75330,"60635":60635,"75755":75755},"seat_structure":[],"top_structure":[],"covering":[],"optional_shelf":[],"mirror":[],"side_panels":[],"centerpiece":[]},"accessories":"","related":[127362],"gallery":[19554],"product_sheet":"https:\/\/www.bontempi.it\/wp-content\/uploads\/2023\/03\/Madison.pdf","attachments":null,"videos":null,"silhouette":36823},"_links":{"self":[{"href":"https:\/\/www.bontempi.it\/fr\/wp-json\/wp\/v2\/product\/129069","targetHints":{"allow":["GET"]}}],"collection":[{"href":"https:\/\/www.bontempi.it\/fr\/wp-json\/wp\/v2\/product"}],"about":[{"href":"https:\/\/www.bontempi.it\/fr\/wp-json\/wp\/v2\/types\/product"}],"acf:attachment":[{"embeddable":true,"href":"https:\/\/www.bontempi.it\/fr\/wp-json\/wp\/v2\/media\/19554"}],"acf:post":[{"embeddable":true,"href":"https:\/\/www.bontempi.it\/fr\/wp-json\/wp\/v2\/product\/127362"}],"acf:term":[{"embeddable":true,"taxonomy":"room","href":"https:\/\/www.bontempi.it\/fr\/wp-json\/wp\/v2\/room\/71446"},{"embeddable":true,"taxonomy":"room","href":"https:\/\/www.bontempi.it\/fr\/wp-json\/wp\/v2\/room\/71460"},{"embeddable":true,"taxonomy":"kind","href":"https:\/\/www.bontempi.it\/fr\/wp-json\/wp\/v2\/kind\/70972"},{"embeddable":true,"taxonomy":"line","href":"https:\/\/www.bontempi.it\/fr\/wp-json\/wp\/v2\/line\/74145"}],"wp:attachment":[{"href":"https:\/\/www.bontempi.it\/fr\/wp-json\/wp\/v2\/media?parent=129069"}],"wp:term":[{"taxonomy":"line","embeddable":true,"href":"https:\/\/www.bontempi.it\/fr\/wp-json\/wp\/v2\/line?post=129069"},{"taxonomy":"kind","embeddable":true,"href":"https:\/\/www.bontempi.it\/fr\/wp-json\/wp\/v2\/kind?post=129069"},{"taxonomy":"room","embeddable":true,"href":"https:\/\/www.bontempi.it\/fr\/wp-json\/wp\/v2\/room?post=129069"},{"taxonomy":"material","embeddable":true,"href":"https:\/\/www.bontempi.it\/fr\/wp-json\/wp\/v2\/material?post=129069"},{"taxonomy":"color","embeddable":true,"href":"https:\/\/www.bontempi.it\/fr\/wp-json\/wp\/v2\/color?post=129069"},{"taxonomy":"certification","embeddable":true,"href":"https:\/\/www.bontempi.it\/fr\/wp-json\/wp\/v2\/certification?post=129069"}],"curies":[{"name":"wp","href":"https:\/\/api.w.org\/{rel}","templated":true}]}}