{"id":129066,"date":"2023-11-09T10:00:34","date_gmt":"2023-11-09T09:00:34","guid":{"rendered":"https:\/\/www.bontempi.it\/?post_type=product&#038;p=129066"},"modified":"2024-04-26T19:29:30","modified_gmt":"2024-04-26T17:29:30","slug":"musa-15-48","status":"publish","type":"product","link":"https:\/\/www.bontempi.it\/fr\/musa-1548\/","title":{"rendered":"Musa &#8211; 15.48"},"content":{"rendered":"<p>Bahut structure en bois, compos\u00e9 de 2 portes battantes, \u00e9tag\u00e8res int\u00e9rieures en verre transparent ; c\u00f4t\u00e9s en bois laqu\u00e9 et portes en bois laqu\u00e9 et plaqu\u00e9. Pieds en aluminium. Tiroir en miroir optionnel.<\/p>\n","protected":false},"excerpt":{"rendered":"<p>Bahut structure en bois, compos\u00e9 de 2 portes battantes, \u00e9tag\u00e8res int\u00e9rieures en verre transparent ; c\u00f4t\u00e9s en bois laqu\u00e9 et portes en bois laqu\u00e9 et plaqu\u00e9. Pieds en aluminium. Tiroir en miroir optionnel.<\/p>\n","protected":false},"featured_media":0,"template":"","line":[74177],"kind":[70972],"room":[],"material":[67965,67968,67977,67980,67959],"color":[77344,77345,77346,60635],"certification":[],"class_list":["post-129066","product","type-product","status-publish","hentry","line-musa-fr","kind-storage-units-fr","material-l002-fr","material-l087-fr","material-l090-fr","material-l084-fr","material-l036-fr","color-grey-fr","color-chocolate-fr","color-black-fr","color-beige-fr"],"acf":{"sku":"15.48","line":[74177],"is_accessory":false,"is_configurable":true,"kind":[70972],"rooms":false,"seats":"","dimensions":{"diameter":"","x":"144","z":"46.5","y":"82"},"finishing":{"top":[],"structure":{"68013":68013,"68015":68015,"68033":68033,"68034":68034,"68035":68035,"68036":68036,"68037":68037},"lower_cuff":[],"upper_cuff":[],"matchable_top":[],"builtin_revolving_central_top":[],"throat":[],"lampshade":[],"back":[],"sitting":[],"cushions":[],"decorative_inner":[],"decorative_inserts":[],"side":[],"support":[],"front_doors":{"67959":67959,"67965":67965,"67968":67968,"67977":67977,"67980":67980},"top_front_doors":[],"seat_structure":[],"top_structure":[],"covering":[],"optional_shelf":[],"mirror":[],"side_panels":[],"centerpiece":[]},"colors":{"top":[],"structure":{"77344":77344,"75630":75630,"77346":77346,"77347":77347,"77348":77348,"77345":77345},"lower_cuff":[],"upper_cuff":[],"matchable_top":[],"builtin_revolving_central_top":[],"throat":[],"lampshade":[],"back":[],"sitting":[],"cushions":[],"decorative_inner":[],"decorative_inserts":[],"side":[],"support":[],"front_doors":{"60635":60635,"77345":77345,"77344":77344,"77346":77346},"top_front_doors":[],"seat_structure":[],"top_structure":[],"covering":[],"optional_shelf":[],"mirror":[],"side_panels":[],"centerpiece":[]},"accessories":"","related":"","gallery":[123839,123844,123814,123819],"product_sheet":"","attachments":null,"videos":null,"silhouette":124109},"_links":{"self":[{"href":"https:\/\/www.bontempi.it\/fr\/wp-json\/wp\/v2\/product\/129066","targetHints":{"allow":["GET"]}}],"collection":[{"href":"https:\/\/www.bontempi.it\/fr\/wp-json\/wp\/v2\/product"}],"about":[{"href":"https:\/\/www.bontempi.it\/fr\/wp-json\/wp\/v2\/types\/product"}],"acf:attachment":[{"embeddable":true,"href":"https:\/\/www.bontempi.it\/fr\/wp-json\/wp\/v2\/media\/123819"},{"embeddable":true,"href":"https:\/\/www.bontempi.it\/fr\/wp-json\/wp\/v2\/media\/123814"},{"embeddable":true,"href":"https:\/\/www.bontempi.it\/fr\/wp-json\/wp\/v2\/media\/123844"},{"embeddable":true,"href":"https:\/\/www.bontempi.it\/fr\/wp-json\/wp\/v2\/media\/123839"}],"acf:term":[{"embeddable":true,"taxonomy":"kind","href":"https:\/\/www.bontempi.it\/fr\/wp-json\/wp\/v2\/kind\/70972"},{"embeddable":true,"taxonomy":"line","href":"https:\/\/www.bontempi.it\/fr\/wp-json\/wp\/v2\/line\/74177"}],"wp:attachment":[{"href":"https:\/\/www.bontempi.it\/fr\/wp-json\/wp\/v2\/media?parent=129066"}],"wp:term":[{"taxonomy":"line","embeddable":true,"href":"https:\/\/www.bontempi.it\/fr\/wp-json\/wp\/v2\/line?post=129066"},{"taxonomy":"kind","embeddable":true,"href":"https:\/\/www.bontempi.it\/fr\/wp-json\/wp\/v2\/kind?post=129066"},{"taxonomy":"room","embeddable":true,"href":"https:\/\/www.bontempi.it\/fr\/wp-json\/wp\/v2\/room?post=129066"},{"taxonomy":"material","embeddable":true,"href":"https:\/\/www.bontempi.it\/fr\/wp-json\/wp\/v2\/material?post=129066"},{"taxonomy":"color","embeddable":true,"href":"https:\/\/www.bontempi.it\/fr\/wp-json\/wp\/v2\/color?post=129066"},{"taxonomy":"certification","embeddable":true,"href":"https:\/\/www.bontempi.it\/fr\/wp-json\/wp\/v2\/certification?post=129066"}],"curies":[{"name":"wp","href":"https:\/\/api.w.org\/{rel}","templated":true}]}}