{"id":129065,"date":"2023-11-09T09:59:55","date_gmt":"2023-11-09T08:59:55","guid":{"rendered":"https:\/\/www.bontempi.it\/?post_type=product&#038;p=129065"},"modified":"2024-04-26T19:31:33","modified_gmt":"2024-04-26T17:31:33","slug":"musa-15-47","status":"publish","type":"product","link":"https:\/\/www.bontempi.it\/fr\/musa-1547\/","title":{"rendered":"Musa &#8211; 15.47"},"content":{"rendered":"<p>Bahut structure en bois, compos\u00e9 de 3 portes battantes, \u00e9tag\u00e8res int\u00e9rieures en verre transparent ; c\u00f4t\u00e9s en bois laqu\u00e9 et portes en bois laqu\u00e9 et plaqu\u00e9. En option, plateau en verre extra-clair et tiroir en miroir.<\/p>\n","protected":false},"excerpt":{"rendered":"<p>Bahut structure en bois, compos\u00e9 de 3 portes battantes, \u00e9tag\u00e8res int\u00e9rieures en verre transparent ; c\u00f4t\u00e9s en bois laqu\u00e9 et portes en bois laqu\u00e9 et plaqu\u00e9. En option, plateau en verre extra-clair et tiroir en miroir.<\/p>\n","protected":false},"featured_media":0,"template":"","line":[74177],"kind":[70972],"room":[],"material":[67959,67965,67968,67977,67980],"color":[60635,77344,77345,77346],"certification":[],"class_list":["post-129065","product","type-product","status-publish","hentry","line-musa-fr","kind-storage-units-fr","material-l036-fr","material-l002-fr","material-l087-fr","material-l090-fr","material-l084-fr","color-beige-fr","color-grey-fr","color-chocolate-fr","color-black-fr"],"acf":{"sku":"15.47","line":[74177],"is_accessory":false,"is_configurable":true,"kind":[70972],"rooms":false,"seats":"","dimensions":{"diameter":"","x":"216","z":"46.5","y":"69.5"},"finishing":{"top":[],"structure":{"68013":68013,"68033":68033},"lower_cuff":[],"upper_cuff":[],"matchable_top":[],"builtin_revolving_central_top":[],"throat":[],"lampshade":[],"back":[],"sitting":[],"cushions":[],"decorative_inner":[],"decorative_inserts":[],"side":[],"support":[],"front_doors":{"67959":67959,"67965":67965,"67968":67968,"67977":67977,"67980":67980},"top_front_doors":[],"seat_structure":[],"top_structure":[],"covering":[],"optional_shelf":[],"mirror":[],"side_panels":[],"centerpiece":[]},"colors":{"top":[],"structure":{"77344":77344,"77346":77346},"lower_cuff":[],"upper_cuff":[],"matchable_top":[],"builtin_revolving_central_top":[],"throat":[],"lampshade":[],"back":[],"sitting":[],"cushions":[],"decorative_inner":[],"decorative_inserts":[],"side":[],"support":[],"front_doors":{"60635":60635,"77345":77345,"77344":77344,"77346":77346},"top_front_doors":[],"seat_structure":[],"top_structure":[],"covering":[],"optional_shelf":[],"mirror":[],"side_panels":[],"centerpiece":[]},"accessories":"","related":"","gallery":[123804,123794,123799],"product_sheet":"","attachments":null,"videos":null,"silhouette":124104},"_links":{"self":[{"href":"https:\/\/www.bontempi.it\/fr\/wp-json\/wp\/v2\/product\/129065","targetHints":{"allow":["GET"]}}],"collection":[{"href":"https:\/\/www.bontempi.it\/fr\/wp-json\/wp\/v2\/product"}],"about":[{"href":"https:\/\/www.bontempi.it\/fr\/wp-json\/wp\/v2\/types\/product"}],"acf:attachment":[{"embeddable":true,"href":"https:\/\/www.bontempi.it\/fr\/wp-json\/wp\/v2\/media\/123799"},{"embeddable":true,"href":"https:\/\/www.bontempi.it\/fr\/wp-json\/wp\/v2\/media\/123794"},{"embeddable":true,"href":"https:\/\/www.bontempi.it\/fr\/wp-json\/wp\/v2\/media\/123804"}],"acf:term":[{"embeddable":true,"taxonomy":"kind","href":"https:\/\/www.bontempi.it\/fr\/wp-json\/wp\/v2\/kind\/70972"},{"embeddable":true,"taxonomy":"line","href":"https:\/\/www.bontempi.it\/fr\/wp-json\/wp\/v2\/line\/74177"}],"wp:attachment":[{"href":"https:\/\/www.bontempi.it\/fr\/wp-json\/wp\/v2\/media?parent=129065"}],"wp:term":[{"taxonomy":"line","embeddable":true,"href":"https:\/\/www.bontempi.it\/fr\/wp-json\/wp\/v2\/line?post=129065"},{"taxonomy":"kind","embeddable":true,"href":"https:\/\/www.bontempi.it\/fr\/wp-json\/wp\/v2\/kind?post=129065"},{"taxonomy":"room","embeddable":true,"href":"https:\/\/www.bontempi.it\/fr\/wp-json\/wp\/v2\/room?post=129065"},{"taxonomy":"material","embeddable":true,"href":"https:\/\/www.bontempi.it\/fr\/wp-json\/wp\/v2\/material?post=129065"},{"taxonomy":"color","embeddable":true,"href":"https:\/\/www.bontempi.it\/fr\/wp-json\/wp\/v2\/color?post=129065"},{"taxonomy":"certification","embeddable":true,"href":"https:\/\/www.bontempi.it\/fr\/wp-json\/wp\/v2\/certification?post=129065"}],"curies":[{"name":"wp","href":"https:\/\/api.w.org\/{rel}","templated":true}]}}