{"id":129041,"date":"2023-11-09T09:59:05","date_gmt":"2023-11-09T08:59:05","guid":{"rendered":"https:\/\/www.bontempi.it\/product\/cosmopolitan-lacquered-wood-15-38ll\/"},"modified":"2024-04-26T19:32:25","modified_gmt":"2024-04-26T17:32:25","slug":"cosmopolitan-lacquered-wood-15-38ll","status":"publish","type":"product","link":"https:\/\/www.bontempi.it\/fr\/cosmopolitan-bois-laque-1538ll\/","title":{"rendered":"Cosmopolitan bois laqu\u00e9 &#8211; 15.38LL"},"content":{"rendered":"<p>Bahut structure en bois, 3 portes et 2 tiroirs \u00e0 gauche avec coupe \u00e0 45\u00b0 et gorge, \u00e9tag\u00e8res internes en Verre transparent. Plateau, flancs et portes en bois laqu\u00e9.<\/p>\n","protected":false},"excerpt":{"rendered":"<p>Bahut structure en bois, 3 portes et 2 tiroirs \u00e0 gauche avec coupe \u00e0 45\u00b0 et gorge, \u00e9tag\u00e8res internes en Verre transparent. Plateau, flancs et portes en bois laqu\u00e9.<\/p>\n","protected":false},"featured_media":0,"template":"","line":[74018,74020],"kind":[70972],"room":[71446,71460],"material":[67983,68222,67968,67970,67975,67977,67979,67980],"color":[77344,77346,60635,60650,60653,75330,75755,77336],"certification":[],"class_list":["post-129041","product","type-product","status-publish","hentry","line-cosmopolitan-fr","line-cosmopolitan-lacquered-wood-fr","kind-storage-units-fr","room-hall","room-hall-fr","material-l093-fr","material-ral-fr","material-l087-fr","material-l079-fr","material-ncs-fr","material-l090-fr","material-l092-fr","material-l084-fr","color-grey-fr","color-black-fr","color-beige-fr","color-ncs-fr","color-ral-fr","color-rust-fr","color-green-fr","color-white-fr"],"acf":{"sku":"15.38LL","line":[74018,74020],"is_accessory":false,"is_configurable":true,"kind":[70972],"rooms":[71460,71446],"seats":"","dimensions":{"diameter":"","x":"244","z":"55","y":"69"},"finishing":{"top":[],"structure":[],"lower_cuff":[],"upper_cuff":[],"matchable_top":[],"builtin_revolving_central_top":[],"throat":{"67969":67969,"67970":67970,"67974":67974,"67975":67975,"67977":67977,"67978":67978,"67981":67981,"67982":67982,"68222":68222},"lampshade":[],"back":[],"sitting":[],"cushions":[],"decorative_inner":[],"decorative_inserts":[],"side":[],"support":{"68013":68013,"68015":68015,"68016":68016,"68029":68029,"68033":68033,"68034":68034,"68035":68035,"68036":68036,"68037":68037,"68040":68040,"68042":68042,"68044":68044},"front_doors":[],"top_front_doors":{"67968":67968,"67970":67970,"67975":67975,"67977":67977,"67979":67979,"67980":67980,"67983":67983,"68222":68222},"seat_structure":[],"top_structure":[],"covering":[],"optional_shelf":[],"mirror":[],"side_panels":[],"centerpiece":[]},"colors":{"top":[],"structure":[],"lower_cuff":[],"upper_cuff":[],"matchable_top":[],"builtin_revolving_central_top":[],"throat":{"77344":77344,"77336":77336,"60650":60650,"77346":77346,"75756":75756,"60635":60635,"75755":75755,"60653":60653},"lampshade":[],"back":[],"sitting":[],"cushions":[],"decorative_inner":[],"decorative_inserts":[],"side":[],"support":{"77344":77344,"75630":75630,"77336":77336,"77346":77346,"77347":77347,"77348":77348,"77345":77345,"60635":60635},"front_doors":[],"top_front_doors":{"77344":77344,"77336":77336,"60650":60650,"77346":77346,"75330":75330,"60635":60635,"75755":75755,"60653":60653},"seat_structure":[],"top_structure":[],"covering":[],"optional_shelf":[],"mirror":[],"side_panels":[],"centerpiece":[]},"accessories":[126610],"related":[126846,126963,127054],"gallery":[30137],"product_sheet":"https:\/\/www.bontempi.it\/wp-content\/uploads\/2023\/03\/Cosmopolitan-15.32-33-34-35-36-37-38.pdf","attachments":null,"videos":[{"label":"Montaggio ed uso","file":""}],"silhouette":36775},"_links":{"self":[{"href":"https:\/\/www.bontempi.it\/fr\/wp-json\/wp\/v2\/product\/129041","targetHints":{"allow":["GET"]}}],"collection":[{"href":"https:\/\/www.bontempi.it\/fr\/wp-json\/wp\/v2\/product"}],"about":[{"href":"https:\/\/www.bontempi.it\/fr\/wp-json\/wp\/v2\/types\/product"}],"acf:attachment":[{"embeddable":true,"href":"https:\/\/www.bontempi.it\/fr\/wp-json\/wp\/v2\/media\/30137"}],"acf:post":[{"embeddable":true,"href":"https:\/\/www.bontempi.it\/fr\/wp-json\/wp\/v2\/product\/127054"},{"embeddable":true,"href":"https:\/\/www.bontempi.it\/fr\/wp-json\/wp\/v2\/product\/126963"},{"embeddable":true,"href":"https:\/\/www.bontempi.it\/fr\/wp-json\/wp\/v2\/product\/126846"},{"embeddable":true,"href":"https:\/\/www.bontempi.it\/fr\/wp-json\/wp\/v2\/product\/126610"}],"acf:term":[{"embeddable":true,"taxonomy":"room","href":"https:\/\/www.bontempi.it\/fr\/wp-json\/wp\/v2\/room\/71446"},{"embeddable":true,"taxonomy":"room","href":"https:\/\/www.bontempi.it\/fr\/wp-json\/wp\/v2\/room\/71460"},{"embeddable":true,"taxonomy":"kind","href":"https:\/\/www.bontempi.it\/fr\/wp-json\/wp\/v2\/kind\/70972"},{"embeddable":true,"taxonomy":"line","href":"https:\/\/www.bontempi.it\/fr\/wp-json\/wp\/v2\/line\/74020"},{"embeddable":true,"taxonomy":"line","href":"https:\/\/www.bontempi.it\/fr\/wp-json\/wp\/v2\/line\/74018"}],"wp:attachment":[{"href":"https:\/\/www.bontempi.it\/fr\/wp-json\/wp\/v2\/media?parent=129041"}],"wp:term":[{"taxonomy":"line","embeddable":true,"href":"https:\/\/www.bontempi.it\/fr\/wp-json\/wp\/v2\/line?post=129041"},{"taxonomy":"kind","embeddable":true,"href":"https:\/\/www.bontempi.it\/fr\/wp-json\/wp\/v2\/kind?post=129041"},{"taxonomy":"room","embeddable":true,"href":"https:\/\/www.bontempi.it\/fr\/wp-json\/wp\/v2\/room?post=129041"},{"taxonomy":"material","embeddable":true,"href":"https:\/\/www.bontempi.it\/fr\/wp-json\/wp\/v2\/material?post=129041"},{"taxonomy":"color","embeddable":true,"href":"https:\/\/www.bontempi.it\/fr\/wp-json\/wp\/v2\/color?post=129041"},{"taxonomy":"certification","embeddable":true,"href":"https:\/\/www.bontempi.it\/fr\/wp-json\/wp\/v2\/certification?post=129041"}],"curies":[{"name":"wp","href":"https:\/\/api.w.org\/{rel}","templated":true}]}}