{"id":128925,"date":"2023-11-09T09:55:16","date_gmt":"2023-11-09T08:55:16","guid":{"rendered":"https:\/\/www.bontempi.it\/product\/zen-09-52\/"},"modified":"2024-04-28T11:39:10","modified_gmt":"2024-04-28T09:39:10","slug":"zen-09-52","status":"publish","type":"product","link":"https:\/\/www.bontempi.it\/fr\/zen-0952\/","title":{"rendered":"Zen &#8211; 09.52"},"content":{"rendered":"<p>\u00c9tag\u00e8re \u00e0 installer horizontale ou verticale, compos\u00e9 par 3 elements. Dossier en SuperMarbree Arabescato brillant avec flan et \u00e9tagere en verre.<\/p>\n","protected":false},"excerpt":{"rendered":"<p>\u00c9tag\u00e8re \u00e0 installer horizontale ou verticale, compos\u00e9 par 3 elements. Dossier en SuperMarbree Arabescato brillant avec flan et \u00e9tagere en verre.<\/p>\n","protected":false},"featured_media":0,"template":"","line":[74295],"kind":[70973,70975],"room":[71460],"material":[68255,68264,68267,68269],"color":[75045,77336,77345,77346],"certification":[],"class_list":["post-128925","product","type-product","status-publish","hentry","line-zen-fr","kind-bookcases-shelves-fr","kind-shelves-fr","room-hall-fr","material-cm003-fr","material-cm009-fr","material-cm010-fr","material-cm005-fr","color-multicolor-fr","color-white-fr","color-chocolate-fr","color-black-fr"],"acf":{"sku":"09.52","line":[74295],"is_accessory":false,"is_configurable":true,"kind":[70973,70975],"rooms":[71460],"seats":"","dimensions":{"diameter":"","x":"76","z":"24","y":"33"},"finishing":{"top":[],"structure":{"68255":68255,"68264":68264,"68267":68267,"68269":68269},"lower_cuff":[],"upper_cuff":[],"matchable_top":[],"builtin_revolving_central_top":[],"throat":[],"lampshade":[],"back":[],"sitting":[],"cushions":[],"decorative_inner":[],"decorative_inserts":[],"side":[],"support":[],"front_doors":[],"top_front_doors":[],"seat_structure":[],"top_structure":[],"covering":[],"optional_shelf":[],"mirror":[],"side_panels":[],"centerpiece":[]},"colors":{"top":[],"structure":{"77336":77336,"77345":77345,"75045":75045,"77346":77346},"lower_cuff":[],"upper_cuff":[],"matchable_top":[],"builtin_revolving_central_top":[],"throat":[],"lampshade":[],"back":[],"sitting":[],"cushions":[],"decorative_inner":[],"decorative_inserts":[],"side":[],"support":[],"front_doors":[],"top_front_doors":[],"seat_structure":[],"top_structure":[],"covering":[],"optional_shelf":[],"mirror":[],"side_panels":[],"centerpiece":[]},"accessories":"","related":[126924,126925],"gallery":[100171],"product_sheet":"https:\/\/www.bontempi.it\/wp-content\/uploads\/2023\/03\/Zen-09.52.pdf","attachments":null,"videos":null,"silhouette":32671},"_links":{"self":[{"href":"https:\/\/www.bontempi.it\/fr\/wp-json\/wp\/v2\/product\/128925","targetHints":{"allow":["GET"]}}],"collection":[{"href":"https:\/\/www.bontempi.it\/fr\/wp-json\/wp\/v2\/product"}],"about":[{"href":"https:\/\/www.bontempi.it\/fr\/wp-json\/wp\/v2\/types\/product"}],"acf:attachment":[{"embeddable":true,"href":"https:\/\/www.bontempi.it\/fr\/wp-json\/wp\/v2\/media\/100171"}],"acf:post":[{"embeddable":true,"href":"https:\/\/www.bontempi.it\/fr\/wp-json\/wp\/v2\/product\/126925"},{"embeddable":true,"href":"https:\/\/www.bontempi.it\/fr\/wp-json\/wp\/v2\/product\/126924"}],"acf:term":[{"embeddable":true,"taxonomy":"room","href":"https:\/\/www.bontempi.it\/fr\/wp-json\/wp\/v2\/room\/71460"},{"embeddable":true,"taxonomy":"kind","href":"https:\/\/www.bontempi.it\/fr\/wp-json\/wp\/v2\/kind\/70975"},{"embeddable":true,"taxonomy":"kind","href":"https:\/\/www.bontempi.it\/fr\/wp-json\/wp\/v2\/kind\/70973"},{"embeddable":true,"taxonomy":"line","href":"https:\/\/www.bontempi.it\/fr\/wp-json\/wp\/v2\/line\/74295"}],"wp:attachment":[{"href":"https:\/\/www.bontempi.it\/fr\/wp-json\/wp\/v2\/media?parent=128925"}],"wp:term":[{"taxonomy":"line","embeddable":true,"href":"https:\/\/www.bontempi.it\/fr\/wp-json\/wp\/v2\/line?post=128925"},{"taxonomy":"kind","embeddable":true,"href":"https:\/\/www.bontempi.it\/fr\/wp-json\/wp\/v2\/kind?post=128925"},{"taxonomy":"room","embeddable":true,"href":"https:\/\/www.bontempi.it\/fr\/wp-json\/wp\/v2\/room?post=128925"},{"taxonomy":"material","embeddable":true,"href":"https:\/\/www.bontempi.it\/fr\/wp-json\/wp\/v2\/material?post=128925"},{"taxonomy":"color","embeddable":true,"href":"https:\/\/www.bontempi.it\/fr\/wp-json\/wp\/v2\/color?post=128925"},{"taxonomy":"certification","embeddable":true,"href":"https:\/\/www.bontempi.it\/fr\/wp-json\/wp\/v2\/certification?post=128925"}],"curies":[{"name":"wp","href":"https:\/\/api.w.org\/{rel}","templated":true}]}}