{"id":128915,"date":"2023-11-09T09:55:16","date_gmt":"2023-11-09T08:55:16","guid":{"rendered":"https:\/\/www.bontempi.it\/product\/luxor-09-39\/"},"modified":"2024-04-28T11:38:36","modified_gmt":"2024-04-28T09:38:36","slug":"luxor-09-39","status":"publish","type":"product","link":"https:\/\/www.bontempi.it\/fr\/luxor-0939\/","title":{"rendered":"Luxor &#8211; 09.39"},"content":{"rendered":"<p>Miroitier avec fixage au mur dans deux positions, realis\u00e9 avec deux \u00e9l\u00e9ments et detail decoratif en miroir et SuperMarbree.<\/p>\n","protected":false},"excerpt":{"rendered":"<p>Miroitier avec fixage au mur dans deux positions, realis\u00e9 avec deux \u00e9l\u00e9ments et detail decoratif en miroir et SuperMarbree.<\/p>\n","protected":false},"featured_media":0,"template":"","line":[74143],"kind":[70968,70969,70891],"room":[71460,71446],"material":[67961,67965,68255,68260,68262,68271,67959],"color":[77336,77345,77346,60635],"certification":[],"class_list":["post-128915","product","type-product","status-publish","hentry","line-luxor-fr","kind-mirrors-hangers-magazineracks-fr","kind-mirrors-fr","kind-mirrors","room-hall-fr","room-hall","material-l038-fr","material-l002-fr","material-cm003-fr","material-cm012-fr","material-cm032-fr","material-cm025-fr","material-l036-fr","color-white-fr","color-chocolate-fr","color-black-fr","color-beige-fr"],"acf":{"sku":"09.39","line":[74143],"is_accessory":false,"is_configurable":true,"kind":[70891,70968,70969],"rooms":[71460,71446],"seats":"","dimensions":{"diameter":"70","x":"","z":"3\/4","y":""},"finishing":{"top":{"67867":67867,"67900":67900,"68537":68537},"structure":[],"lower_cuff":[],"upper_cuff":[],"matchable_top":{"67867":67867,"67900":67900,"68255":68255,"68260":68260,"68262":68262,"68271":68271,"68537":68537,"75684":75684},"builtin_revolving_central_top":[],"throat":[],"lampshade":[],"back":[],"sitting":[],"cushions":[],"decorative_inner":[],"decorative_inserts":{"67959":67959,"67961":67961,"67965":67965,"68255":68255,"68260":68260,"68262":68262,"68271":68271},"side":[],"support":[],"front_doors":[],"top_front_doors":[],"seat_structure":[],"top_structure":[],"covering":[],"optional_shelf":[],"mirror":[],"side_panels":[],"centerpiece":[]},"colors":{"top":{"75630":75630,"75329":75329,"75617":75617},"structure":[],"lower_cuff":[],"upper_cuff":[],"matchable_top":{"75630":75630,"75329":75329,"77336":77336,"77346":77346,"75617":75617},"builtin_revolving_central_top":[],"throat":[],"lampshade":[],"back":[],"sitting":[],"cushions":[],"decorative_inner":[],"decorative_inserts":{"60635":60635,"77346":77346,"77345":77345,"77336":77336},"side":[],"support":[],"front_doors":[],"top_front_doors":[],"seat_structure":[],"top_structure":[],"covering":[],"optional_shelf":[],"mirror":[],"side_panels":[],"centerpiece":[]},"accessories":"","related":[126465,126470],"gallery":[104553,104558,104893],"product_sheet":"https:\/\/www.bontempi.it\/wp-content\/uploads\/2023\/03\/Luxor-09.39-40-opuscolo.pdf","attachments":null,"videos":null,"silhouette":103488},"_links":{"self":[{"href":"https:\/\/www.bontempi.it\/fr\/wp-json\/wp\/v2\/product\/128915","targetHints":{"allow":["GET"]}}],"collection":[{"href":"https:\/\/www.bontempi.it\/fr\/wp-json\/wp\/v2\/product"}],"about":[{"href":"https:\/\/www.bontempi.it\/fr\/wp-json\/wp\/v2\/types\/product"}],"acf:attachment":[{"embeddable":true,"href":"https:\/\/www.bontempi.it\/fr\/wp-json\/wp\/v2\/media\/104893"},{"embeddable":true,"href":"https:\/\/www.bontempi.it\/fr\/wp-json\/wp\/v2\/media\/104558"},{"embeddable":true,"href":"https:\/\/www.bontempi.it\/fr\/wp-json\/wp\/v2\/media\/104553"}],"acf:post":[{"embeddable":true,"href":"https:\/\/www.bontempi.it\/fr\/wp-json\/wp\/v2\/product\/126470"},{"embeddable":true,"href":"https:\/\/www.bontempi.it\/fr\/wp-json\/wp\/v2\/product\/126465"}],"acf:term":[{"embeddable":true,"taxonomy":"room","href":"https:\/\/www.bontempi.it\/fr\/wp-json\/wp\/v2\/room\/71446"},{"embeddable":true,"taxonomy":"room","href":"https:\/\/www.bontempi.it\/fr\/wp-json\/wp\/v2\/room\/71460"},{"embeddable":true,"taxonomy":"kind","href":"https:\/\/www.bontempi.it\/fr\/wp-json\/wp\/v2\/kind\/70969"},{"embeddable":true,"taxonomy":"kind","href":"https:\/\/www.bontempi.it\/fr\/wp-json\/wp\/v2\/kind\/70968"},{"embeddable":true,"taxonomy":"kind","href":"https:\/\/www.bontempi.it\/fr\/wp-json\/wp\/v2\/kind\/70891"},{"embeddable":true,"taxonomy":"line","href":"https:\/\/www.bontempi.it\/fr\/wp-json\/wp\/v2\/line\/74143"}],"wp:attachment":[{"href":"https:\/\/www.bontempi.it\/fr\/wp-json\/wp\/v2\/media?parent=128915"}],"wp:term":[{"taxonomy":"line","embeddable":true,"href":"https:\/\/www.bontempi.it\/fr\/wp-json\/wp\/v2\/line?post=128915"},{"taxonomy":"kind","embeddable":true,"href":"https:\/\/www.bontempi.it\/fr\/wp-json\/wp\/v2\/kind?post=128915"},{"taxonomy":"room","embeddable":true,"href":"https:\/\/www.bontempi.it\/fr\/wp-json\/wp\/v2\/room?post=128915"},{"taxonomy":"material","embeddable":true,"href":"https:\/\/www.bontempi.it\/fr\/wp-json\/wp\/v2\/material?post=128915"},{"taxonomy":"color","embeddable":true,"href":"https:\/\/www.bontempi.it\/fr\/wp-json\/wp\/v2\/color?post=128915"},{"taxonomy":"certification","embeddable":true,"href":"https:\/\/www.bontempi.it\/fr\/wp-json\/wp\/v2\/certification?post=128915"}],"curies":[{"name":"wp","href":"https:\/\/api.w.org\/{rel}","templated":true}]}}