{"id":128908,"date":"2023-11-09T09:55:16","date_gmt":"2023-11-09T08:55:16","guid":{"rendered":"https:\/\/www.bontempi.it\/product\/pill-ovale-piccolo-09-27\/"},"modified":"2024-04-28T11:38:16","modified_gmt":"2024-04-28T09:38:16","slug":"pill-ovale-piccolo-09-27","status":"publish","type":"product","link":"https:\/\/www.bontempi.it\/fr\/pill-oval-petit-0927\/","title":{"rendered":"Pill oval petit &#8211; 09.27"},"content":{"rendered":"<p>Miroir ovale petit avec structure en acier laqu\u00e9, \u00c9tag\u00e8re en miroir or SuperMarbree.<\/p>\n","protected":false},"excerpt":{"rendered":"<p>Miroir ovale petit avec structure en acier laqu\u00e9, \u00c9tag\u00e8re en miroir or SuperMarbree.<\/p>\n","protected":false},"featured_media":0,"template":"","line":[74200],"kind":[70891,70968,70969],"room":[71446,71460],"material":[67867],"color":[75630],"certification":[],"class_list":["post-128908","product","type-product","status-publish","hentry","line-pill-fr","kind-mirrors","kind-mirrors-hangers-magazineracks-fr","kind-mirrors-fr","room-hall","room-hall-fr","material-c302-fr","color-silver-fr"],"acf":{"sku":"09.27","line":[74200],"is_accessory":false,"is_configurable":true,"kind":[70891,70968,70969],"rooms":[71460,71446],"seats":"","dimensions":{"diameter":"","x":"45","z":"27,5","y":"80"},"finishing":{"top":{"67867":67867,"67900":67900,"68255":68255,"68260":68260,"68262":68262,"68271":68271,"68537":68537},"structure":{"68013":68013,"68016":68016,"68029":68029,"68033":68033,"68040":68040,"68042":68042,"68044":68044},"lower_cuff":[],"upper_cuff":[],"matchable_top":[],"builtin_revolving_central_top":[],"throat":[],"lampshade":[],"back":[],"sitting":[],"cushions":[],"decorative_inner":[],"decorative_inserts":[],"side":[],"support":[],"front_doors":[],"top_front_doors":[],"seat_structure":[],"top_structure":[],"covering":[],"optional_shelf":[],"mirror":{"67867":67867},"side_panels":[],"centerpiece":[]},"colors":{"top":{"75630":75630,"75329":75329,"77336":77336,"77346":77346,"75617":75617},"structure":{"77344":77344,"77336":77336,"77346":77346,"77345":77345,"60635":60635},"lower_cuff":[],"upper_cuff":[],"matchable_top":[],"builtin_revolving_central_top":[],"throat":[],"lampshade":[],"back":[],"sitting":[],"cushions":[],"decorative_inner":[],"decorative_inserts":[],"side":[],"support":[],"front_doors":[],"top_front_doors":[],"seat_structure":[],"top_structure":[],"covering":[],"optional_shelf":[],"mirror":{"75630":75630},"side_panels":[],"centerpiece":[]},"accessories":"","related":[126469,126459],"gallery":[104623,104618],"product_sheet":"https:\/\/www.bontempi.it\/wp-content\/uploads\/2023\/03\/Pill-09.28.pdf","attachments":null,"videos":null,"silhouette":103473},"_links":{"self":[{"href":"https:\/\/www.bontempi.it\/fr\/wp-json\/wp\/v2\/product\/128908","targetHints":{"allow":["GET"]}}],"collection":[{"href":"https:\/\/www.bontempi.it\/fr\/wp-json\/wp\/v2\/product"}],"about":[{"href":"https:\/\/www.bontempi.it\/fr\/wp-json\/wp\/v2\/types\/product"}],"acf:attachment":[{"embeddable":true,"href":"https:\/\/www.bontempi.it\/fr\/wp-json\/wp\/v2\/media\/104618"},{"embeddable":true,"href":"https:\/\/www.bontempi.it\/fr\/wp-json\/wp\/v2\/media\/104623"}],"acf:post":[{"embeddable":true,"href":"https:\/\/www.bontempi.it\/fr\/wp-json\/wp\/v2\/product\/126459"},{"embeddable":true,"href":"https:\/\/www.bontempi.it\/fr\/wp-json\/wp\/v2\/product\/126469"}],"acf:term":[{"embeddable":true,"taxonomy":"room","href":"https:\/\/www.bontempi.it\/fr\/wp-json\/wp\/v2\/room\/71446"},{"embeddable":true,"taxonomy":"room","href":"https:\/\/www.bontempi.it\/fr\/wp-json\/wp\/v2\/room\/71460"},{"embeddable":true,"taxonomy":"kind","href":"https:\/\/www.bontempi.it\/fr\/wp-json\/wp\/v2\/kind\/70969"},{"embeddable":true,"taxonomy":"kind","href":"https:\/\/www.bontempi.it\/fr\/wp-json\/wp\/v2\/kind\/70968"},{"embeddable":true,"taxonomy":"kind","href":"https:\/\/www.bontempi.it\/fr\/wp-json\/wp\/v2\/kind\/70891"},{"embeddable":true,"taxonomy":"line","href":"https:\/\/www.bontempi.it\/fr\/wp-json\/wp\/v2\/line\/74200"}],"wp:attachment":[{"href":"https:\/\/www.bontempi.it\/fr\/wp-json\/wp\/v2\/media?parent=128908"}],"wp:term":[{"taxonomy":"line","embeddable":true,"href":"https:\/\/www.bontempi.it\/fr\/wp-json\/wp\/v2\/line?post=128908"},{"taxonomy":"kind","embeddable":true,"href":"https:\/\/www.bontempi.it\/fr\/wp-json\/wp\/v2\/kind?post=128908"},{"taxonomy":"room","embeddable":true,"href":"https:\/\/www.bontempi.it\/fr\/wp-json\/wp\/v2\/room?post=128908"},{"taxonomy":"material","embeddable":true,"href":"https:\/\/www.bontempi.it\/fr\/wp-json\/wp\/v2\/material?post=128908"},{"taxonomy":"color","embeddable":true,"href":"https:\/\/www.bontempi.it\/fr\/wp-json\/wp\/v2\/color?post=128908"},{"taxonomy":"certification","embeddable":true,"href":"https:\/\/www.bontempi.it\/fr\/wp-json\/wp\/v2\/certification?post=128908"}],"curies":[{"name":"wp","href":"https:\/\/api.w.org\/{rel}","templated":true}]}}