{"id":128897,"date":"2023-11-09T09:54:32","date_gmt":"2023-11-09T08:54:32","guid":{"rendered":"https:\/\/www.bontempi.it\/product\/h2o-08-47\/"},"modified":"2024-04-28T11:42:41","modified_gmt":"2024-04-28T09:42:41","slug":"h2o-08-47","status":"publish","type":"product","link":"https:\/\/www.bontempi.it\/fr\/h2o-0447\/","title":{"rendered":"H2o &#8211; 04.47"},"content":{"rendered":"<p>Table basse en verre souffl\u00e9 \u00e0 la maine avec base en acier laqu\u00e9 laiton fonc\u00e9 M028.<\/p>\n","protected":false},"excerpt":{"rendered":"<p>Table basse en verre souffl\u00e9 \u00e0 la maine avec base en acier laqu\u00e9 laiton fonc\u00e9 M028.<\/p>\n","protected":false},"featured_media":0,"template":"","line":[74096],"kind":[70886,70963,70964],"room":[],"material":[67878,67879],"color":[75039,77345],"certification":[],"class_list":["post-128897","product","type-product","status-publish","hentry","line-h2o-fr","kind-coffee-tables","kind-occasionals-fr","kind-coffee-tables-fr","material-v003-fr","material-v005-fr","color-light-blue-fr","color-chocolate-fr"],"acf":{"sku":"08.47","line":[74096],"is_accessory":false,"is_configurable":true,"kind":[70886,70963,70964],"rooms":false,"seats":"","dimensions":{"diameter":"49","x":"","z":"42","y":""},"finishing":{"top":[],"structure":{"67878":67878,"67879":67879},"lower_cuff":[],"upper_cuff":[],"matchable_top":[],"builtin_revolving_central_top":[],"throat":[],"lampshade":[],"back":[],"sitting":[],"cushions":[],"decorative_inner":[],"decorative_inserts":[],"side":[],"support":[],"front_doors":[],"top_front_doors":[],"seat_structure":[],"top_structure":[],"covering":[],"optional_shelf":[],"mirror":[],"side_panels":[],"centerpiece":[]},"colors":{"top":[],"structure":{"75039":75039,"77345":77345},"lower_cuff":[],"upper_cuff":[],"matchable_top":[],"builtin_revolving_central_top":[],"throat":[],"lampshade":[],"back":[],"sitting":[],"cushions":[],"decorative_inner":[],"decorative_inserts":[],"side":[],"support":[],"front_doors":[],"top_front_doors":[],"seat_structure":[],"top_structure":[],"covering":[],"optional_shelf":[],"mirror":[],"side_panels":[],"centerpiece":[]},"accessories":"","related":[126336],"gallery":[104318],"product_sheet":"","attachments":null,"videos":null,"silhouette":103463},"_links":{"self":[{"href":"https:\/\/www.bontempi.it\/fr\/wp-json\/wp\/v2\/product\/128897","targetHints":{"allow":["GET"]}}],"collection":[{"href":"https:\/\/www.bontempi.it\/fr\/wp-json\/wp\/v2\/product"}],"about":[{"href":"https:\/\/www.bontempi.it\/fr\/wp-json\/wp\/v2\/types\/product"}],"acf:attachment":[{"embeddable":true,"href":"https:\/\/www.bontempi.it\/fr\/wp-json\/wp\/v2\/media\/104318"}],"acf:post":[{"embeddable":true,"href":"https:\/\/www.bontempi.it\/fr\/wp-json\/wp\/v2\/product\/126336"}],"acf:term":[{"embeddable":true,"taxonomy":"kind","href":"https:\/\/www.bontempi.it\/fr\/wp-json\/wp\/v2\/kind\/70964"},{"embeddable":true,"taxonomy":"kind","href":"https:\/\/www.bontempi.it\/fr\/wp-json\/wp\/v2\/kind\/70963"},{"embeddable":true,"taxonomy":"kind","href":"https:\/\/www.bontempi.it\/fr\/wp-json\/wp\/v2\/kind\/70886"},{"embeddable":true,"taxonomy":"line","href":"https:\/\/www.bontempi.it\/fr\/wp-json\/wp\/v2\/line\/74096"}],"wp:attachment":[{"href":"https:\/\/www.bontempi.it\/fr\/wp-json\/wp\/v2\/media?parent=128897"}],"wp:term":[{"taxonomy":"line","embeddable":true,"href":"https:\/\/www.bontempi.it\/fr\/wp-json\/wp\/v2\/line?post=128897"},{"taxonomy":"kind","embeddable":true,"href":"https:\/\/www.bontempi.it\/fr\/wp-json\/wp\/v2\/kind?post=128897"},{"taxonomy":"room","embeddable":true,"href":"https:\/\/www.bontempi.it\/fr\/wp-json\/wp\/v2\/room?post=128897"},{"taxonomy":"material","embeddable":true,"href":"https:\/\/www.bontempi.it\/fr\/wp-json\/wp\/v2\/material?post=128897"},{"taxonomy":"color","embeddable":true,"href":"https:\/\/www.bontempi.it\/fr\/wp-json\/wp\/v2\/color?post=128897"},{"taxonomy":"certification","embeddable":true,"href":"https:\/\/www.bontempi.it\/fr\/wp-json\/wp\/v2\/certification?post=128897"}],"curies":[{"name":"wp","href":"https:\/\/api.w.org\/{rel}","templated":true}]}}