{"id":128894,"date":"2023-11-09T09:54:32","date_gmt":"2023-11-09T08:54:32","guid":{"rendered":"https:\/\/www.bontempi.it\/product\/planet-08-43\/"},"modified":"2024-04-28T11:39:38","modified_gmt":"2024-04-28T09:39:38","slug":"planet-08-43","status":"publish","type":"product","link":"https:\/\/www.bontempi.it\/fr\/planet-0843\/","title":{"rendered":"Planet &#8211; 08.43"},"content":{"rendered":"<p>Table basse avec structure en m\u00e9tal laqu\u00e9. D\u00e9tails d\u00e9coratifs (pieds, cadre de plateux) en m\u00e9tal laqu\u00e9. Plateau en verre brillant, verre velvet anti-rayures opaque at SuperMarbree.<\/p>\n","protected":false},"excerpt":{"rendered":"<p>Table basse avec structure en m\u00e9tal laqu\u00e9. D\u00e9tails d\u00e9coratifs (pieds, cadre de plateux) en m\u00e9tal laqu\u00e9. Plateau en verre brillant, verre velvet anti-rayures opaque at SuperMarbree.<\/p>\n","protected":false},"featured_media":0,"template":"","line":[74203],"kind":[70886,70963,70964],"room":[],"material":[68035,68036,68037,68040,68042,68044,68013,68015,68016,68029,68033,68034],"color":[77347,77348,60635,75630,77336,77344,77345,77346],"certification":[],"class_list":["post-128894","product","type-product","status-publish","hentry","line-planet-fr","kind-coffee-tables","kind-occasionals-fr","kind-coffee-tables-fr","material-m325-fr","material-m329-fr","material-m328-fr","material-m028-fr","material-m312-fr","material-m307-fr","material-m310-fr","material-m326-fr","material-m306-fr","material-m097-fr","material-m055-fr","material-m327-fr","color-gold-fr","color-pink-gold-fr","color-beige-fr","color-silver-fr","color-white-fr","color-grey-fr","color-chocolate-fr","color-black-fr"],"acf":{"sku":"08.43","line":[74203],"is_accessory":false,"is_configurable":true,"kind":[70886,70963,70964],"rooms":false,"seats":"","dimensions":{"diameter":"44","x":"","z":"43","y":""},"finishing":{"top":{"67884":67884,"67886":67886,"67890":67890,"67894":67894,"68255":68255,"68260":68260,"68262":68262,"68264":68264,"68267":68267,"68269":68269,"68271":68271,"75684":75684},"structure":{"68013":68013,"68015":68015,"68016":68016,"68029":68029,"68033":68033,"68034":68034,"68035":68035,"68036":68036,"68037":68037,"68040":68040,"68042":68042,"68044":68044},"lower_cuff":[],"upper_cuff":[],"matchable_top":[],"builtin_revolving_central_top":[],"throat":[],"lampshade":[],"back":[],"sitting":[],"cushions":[],"decorative_inner":[],"decorative_inserts":{"68013":68013,"68015":68015,"68016":68016,"68029":68029,"68033":68033,"68034":68034,"68035":68035,"68036":68036,"68037":68037,"68040":68040,"68042":68042,"68044":68044},"side":[],"support":[],"front_doors":[],"top_front_doors":[],"seat_structure":[],"top_structure":[],"covering":[],"optional_shelf":[],"mirror":[],"side_panels":[],"centerpiece":[]},"colors":{"top":{"77344":77344,"77336":77336,"77346":77346,"60635":60635,"77345":77345,"75045":75045},"structure":{"77344":77344,"75630":75630,"77336":77336,"77346":77346,"77347":77347,"77348":77348,"77345":77345,"60635":60635},"lower_cuff":[],"upper_cuff":[],"matchable_top":[],"builtin_revolving_central_top":[],"throat":[],"lampshade":[],"back":[],"sitting":[],"cushions":[],"decorative_inner":[],"decorative_inserts":{"77344":77344,"75630":75630,"77336":77336,"77346":77346,"77347":77347,"77348":77348,"77345":77345,"60635":60635},"side":[],"support":[],"front_doors":[],"top_front_doors":[],"seat_structure":[],"top_structure":[],"covering":[],"optional_shelf":[],"mirror":[],"side_panels":[],"centerpiece":[]},"accessories":"","related":[126443,127249],"gallery":[19913,60477],"product_sheet":"https:\/\/www.bontempi.it\/wp-content\/uploads\/2023\/03\/Planet-08.43.pdf","attachments":null,"videos":null,"silhouette":25612},"_links":{"self":[{"href":"https:\/\/www.bontempi.it\/fr\/wp-json\/wp\/v2\/product\/128894","targetHints":{"allow":["GET"]}}],"collection":[{"href":"https:\/\/www.bontempi.it\/fr\/wp-json\/wp\/v2\/product"}],"about":[{"href":"https:\/\/www.bontempi.it\/fr\/wp-json\/wp\/v2\/types\/product"}],"acf:attachment":[{"embeddable":true,"href":"https:\/\/www.bontempi.it\/fr\/wp-json\/wp\/v2\/media\/60477"},{"embeddable":true,"href":"https:\/\/www.bontempi.it\/fr\/wp-json\/wp\/v2\/media\/19913"}],"acf:post":[{"embeddable":true,"href":"https:\/\/www.bontempi.it\/fr\/wp-json\/wp\/v2\/product\/127249"},{"embeddable":true,"href":"https:\/\/www.bontempi.it\/fr\/wp-json\/wp\/v2\/product\/126443"}],"acf:term":[{"embeddable":true,"taxonomy":"kind","href":"https:\/\/www.bontempi.it\/fr\/wp-json\/wp\/v2\/kind\/70964"},{"embeddable":true,"taxonomy":"kind","href":"https:\/\/www.bontempi.it\/fr\/wp-json\/wp\/v2\/kind\/70963"},{"embeddable":true,"taxonomy":"kind","href":"https:\/\/www.bontempi.it\/fr\/wp-json\/wp\/v2\/kind\/70886"},{"embeddable":true,"taxonomy":"line","href":"https:\/\/www.bontempi.it\/fr\/wp-json\/wp\/v2\/line\/74203"}],"wp:attachment":[{"href":"https:\/\/www.bontempi.it\/fr\/wp-json\/wp\/v2\/media?parent=128894"}],"wp:term":[{"taxonomy":"line","embeddable":true,"href":"https:\/\/www.bontempi.it\/fr\/wp-json\/wp\/v2\/line?post=128894"},{"taxonomy":"kind","embeddable":true,"href":"https:\/\/www.bontempi.it\/fr\/wp-json\/wp\/v2\/kind?post=128894"},{"taxonomy":"room","embeddable":true,"href":"https:\/\/www.bontempi.it\/fr\/wp-json\/wp\/v2\/room?post=128894"},{"taxonomy":"material","embeddable":true,"href":"https:\/\/www.bontempi.it\/fr\/wp-json\/wp\/v2\/material?post=128894"},{"taxonomy":"color","embeddable":true,"href":"https:\/\/www.bontempi.it\/fr\/wp-json\/wp\/v2\/color?post=128894"},{"taxonomy":"certification","embeddable":true,"href":"https:\/\/www.bontempi.it\/fr\/wp-json\/wp\/v2\/certification?post=128894"}],"curies":[{"name":"wp","href":"https:\/\/api.w.org\/{rel}","templated":true}]}}