{"id":128852,"date":"2023-11-09T09:52:53","date_gmt":"2023-11-09T08:52:53","guid":{"rendered":"https:\/\/www.bontempi.it\/product\/flexus-07-77\/"},"modified":"2024-04-28T11:44:21","modified_gmt":"2024-04-28T09:44:21","slug":"flexus-07-77","status":"publish","type":"product","link":"https:\/\/www.bontempi.it\/fr\/flexus-0777\/","title":{"rendered":"Flexus &#8211; 07.77"},"content":{"rendered":"<p>Table basse structure en m\u00e9tal laqu\u00e9. Plateau en Cuir \u00e9pais.<\/p>\n","protected":false},"excerpt":{"rendered":"<p>Table basse structure en m\u00e9tal laqu\u00e9. Plateau en Cuir \u00e9pais.<\/p>\n","protected":false},"featured_media":0,"template":"","line":[74068],"kind":[70886,70963,70964],"room":[],"material":[68013,68015,68016,68029,68033,68034,68035,68036,68037,68040,68042,68044],"color":[60635,75630,77336,77344,77345,77346,77347,77348],"certification":[],"class_list":["post-128852","product","type-product","status-publish","hentry","line-flexus-fr","kind-coffee-tables","kind-occasionals-fr","kind-coffee-tables-fr","material-m310-fr","material-m326-fr","material-m306-fr","material-m097-fr","material-m055-fr","material-m327-fr","material-m325-fr","material-m329-fr","material-m328-fr","material-m028-fr","material-m312-fr","material-m307-fr","color-beige-fr","color-silver-fr","color-white-fr","color-grey-fr","color-chocolate-fr","color-black-fr","color-gold-fr","color-pink-gold-fr"],"acf":{"sku":"07.77","line":[74068],"is_accessory":false,"is_configurable":true,"kind":[70886,70963,70964],"rooms":false,"seats":"","dimensions":{"diameter":"","x":"49","z":"49","y":"43"},"finishing":{"top":{"67922":67922,"67923":67923,"67924":67924,"67925":67925,"67926":67926,"67927":67927,"67928":67928,"67929":67929,"67930":67930,"67931":67931,"67932":67932,"67933":67933,"67935":67935,"67936":67936,"67937":67937,"67938":67938,"67939":67939,"67940":67940,"67941":67941,"67942":67942,"67943":67943,"67944":67944,"67945":67945,"67946":67946,"67947":67947,"67948":67948},"structure":{"68013":68013,"68015":68015,"68016":68016,"68029":68029,"68033":68033,"68034":68034,"68035":68035,"68036":68036,"68037":68037,"68040":68040,"68042":68042,"68044":68044},"lower_cuff":[],"upper_cuff":[],"matchable_top":[],"builtin_revolving_central_top":[],"throat":[],"lampshade":[],"back":[],"sitting":[],"cushions":[],"decorative_inner":[],"decorative_inserts":[],"side":[],"support":[],"front_doors":[],"top_front_doors":[],"seat_structure":[],"top_structure":[],"covering":[],"optional_shelf":[],"mirror":[],"side_panels":[],"centerpiece":[]},"colors":{"top":{"77344":77344,"60635":60635,"75039":75039,"77336":77336,"77349":77349,"77345":77345,"77346":77346},"structure":{"77344":77344,"75630":75630,"77336":77336,"77346":77346,"77347":77347,"77348":77348,"77345":77345,"60635":60635},"lower_cuff":[],"upper_cuff":[],"matchable_top":[],"builtin_revolving_central_top":[],"throat":[],"lampshade":[],"back":[],"sitting":[],"cushions":[],"decorative_inner":[],"decorative_inserts":[],"side":[],"support":[],"front_doors":[],"top_front_doors":[],"seat_structure":[],"top_structure":[],"covering":[],"optional_shelf":[],"mirror":[],"side_panels":[],"centerpiece":[]},"accessories":"","related":[126402],"gallery":[19304,19305],"product_sheet":"https:\/\/www.bontempi.it\/wp-content\/uploads\/2023\/03\/Flexus-07.77-79.pdf","attachments":null,"videos":null,"silhouette":25596},"_links":{"self":[{"href":"https:\/\/www.bontempi.it\/fr\/wp-json\/wp\/v2\/product\/128852","targetHints":{"allow":["GET"]}}],"collection":[{"href":"https:\/\/www.bontempi.it\/fr\/wp-json\/wp\/v2\/product"}],"about":[{"href":"https:\/\/www.bontempi.it\/fr\/wp-json\/wp\/v2\/types\/product"}],"acf:attachment":[{"embeddable":true,"href":"https:\/\/www.bontempi.it\/fr\/wp-json\/wp\/v2\/media\/19305"},{"embeddable":true,"href":"https:\/\/www.bontempi.it\/fr\/wp-json\/wp\/v2\/media\/19304"}],"acf:post":[{"embeddable":true,"href":"https:\/\/www.bontempi.it\/fr\/wp-json\/wp\/v2\/product\/126402"}],"acf:term":[{"embeddable":true,"taxonomy":"kind","href":"https:\/\/www.bontempi.it\/fr\/wp-json\/wp\/v2\/kind\/70964"},{"embeddable":true,"taxonomy":"kind","href":"https:\/\/www.bontempi.it\/fr\/wp-json\/wp\/v2\/kind\/70963"},{"embeddable":true,"taxonomy":"kind","href":"https:\/\/www.bontempi.it\/fr\/wp-json\/wp\/v2\/kind\/70886"},{"embeddable":true,"taxonomy":"line","href":"https:\/\/www.bontempi.it\/fr\/wp-json\/wp\/v2\/line\/74068"}],"wp:attachment":[{"href":"https:\/\/www.bontempi.it\/fr\/wp-json\/wp\/v2\/media?parent=128852"}],"wp:term":[{"taxonomy":"line","embeddable":true,"href":"https:\/\/www.bontempi.it\/fr\/wp-json\/wp\/v2\/line?post=128852"},{"taxonomy":"kind","embeddable":true,"href":"https:\/\/www.bontempi.it\/fr\/wp-json\/wp\/v2\/kind?post=128852"},{"taxonomy":"room","embeddable":true,"href":"https:\/\/www.bontempi.it\/fr\/wp-json\/wp\/v2\/room?post=128852"},{"taxonomy":"material","embeddable":true,"href":"https:\/\/www.bontempi.it\/fr\/wp-json\/wp\/v2\/material?post=128852"},{"taxonomy":"color","embeddable":true,"href":"https:\/\/www.bontempi.it\/fr\/wp-json\/wp\/v2\/color?post=128852"},{"taxonomy":"certification","embeddable":true,"href":"https:\/\/www.bontempi.it\/fr\/wp-json\/wp\/v2\/certification?post=128852"}],"curies":[{"name":"wp","href":"https:\/\/api.w.org\/{rel}","templated":true}]}}