{"id":128847,"date":"2023-11-09T09:52:53","date_gmt":"2023-11-09T08:52:53","guid":{"rendered":"https:\/\/www.bontempi.it\/product\/millennium-coffee-tables-07-72\/"},"modified":"2024-04-28T11:44:07","modified_gmt":"2024-04-28T09:44:07","slug":"millennium-coffee-tables-07-72","status":"publish","type":"product","link":"https:\/\/www.bontempi.it\/fr\/millennium-coffee-tables-0772\/","title":{"rendered":"Millennium coffee-tables &#8211; 07.72"},"content":{"rendered":"<p>Table basse structure en m\u00e9tal laqu\u00e9. Plateau en bois plaqu\u00e9, Verre, Verre anti-rayure ou SuperMarbree.<\/p>\n","protected":false},"excerpt":{"rendered":"<p>Table basse structure en m\u00e9tal laqu\u00e9. Plateau en bois plaqu\u00e9, Verre, Verre anti-rayure ou SuperMarbree.<\/p>\n","protected":false},"featured_media":10191,"template":"","line":[74163],"kind":[70886,70963,70964],"room":[],"material":[68029,68031,68033,68034,68035,68036,68037,68040,68042,68044,68013,68015,68016],"color":[77336,77344,77345,77346,77347,77348,60635,75045,75630],"certification":[],"class_list":["post-128847","product","type-product","status-publish","has-post-thumbnail","hentry","line-millennium-coffee-tables-fr","kind-coffee-tables","kind-occasionals-fr","kind-coffee-tables-fr","material-m097-fr","material-mc01-fr","material-m055-fr","material-m327-fr","material-m325-fr","material-m329-fr","material-m328-fr","material-m028-fr","material-m312-fr","material-m307-fr","material-m310-fr","material-m326-fr","material-m306-fr","color-white-fr","color-grey-fr","color-chocolate-fr","color-black-fr","color-gold-fr","color-pink-gold-fr","color-beige-fr","color-multicolor-fr","color-silver-fr"],"acf":{"sku":"07.72","line":[74163],"is_accessory":false,"is_configurable":true,"kind":[70886,70963,70964],"rooms":false,"seats":"","dimensions":{"diameter":"","x":"120","z":"65","y":"40"},"finishing":{"top":{"67884":67884,"67886":67886,"67890":67890,"67894":67894,"67919":67919,"67920":67920,"67959":67959,"67961":67961,"67963":67963,"67965":67965,"68249":68249,"68255":68255,"68260":68260,"68262":68262,"68264":68264,"68267":68267,"68269":68269,"68271":68271,"75684":75684},"structure":{"68013":68013,"68015":68015,"68016":68016,"68029":68029,"68031":68031,"68033":68033,"68034":68034,"68035":68035,"68036":68036,"68037":68037,"68040":68040,"68042":68042,"68044":68044},"lower_cuff":[],"upper_cuff":[],"matchable_top":[],"builtin_revolving_central_top":[],"throat":[],"lampshade":[],"back":[],"sitting":[],"cushions":[],"decorative_inner":[],"decorative_inserts":[],"side":[],"support":[],"front_doors":[],"top_front_doors":[],"seat_structure":[],"top_structure":[],"covering":[],"optional_shelf":[],"mirror":[],"side_panels":[],"centerpiece":[]},"colors":{"top":{"77344":77344,"77336":77336,"77346":77346,"60635":60635,"75856":75856,"77345":77345,"75045":75045},"structure":{"77344":77344,"75630":75630,"77336":77336,"75045":75045,"77346":77346,"77347":77347,"77348":77348,"77345":77345,"60635":60635},"lower_cuff":[],"upper_cuff":[],"matchable_top":[],"builtin_revolving_central_top":[],"throat":[],"lampshade":[],"back":[],"sitting":[],"cushions":[],"decorative_inner":[],"decorative_inserts":[],"side":[],"support":[],"front_doors":[],"top_front_doors":[],"seat_structure":[],"top_structure":[],"covering":[],"optional_shelf":[],"mirror":[],"side_panels":[],"centerpiece":[]},"accessories":"","related":[126439,127249],"gallery":[19039,19673,108822],"product_sheet":"https:\/\/www.bontempi.it\/wp-content\/uploads\/2023\/03\/Millennium-07.72-73.pdf","attachments":null,"videos":null,"silhouette":70994},"_links":{"self":[{"href":"https:\/\/www.bontempi.it\/fr\/wp-json\/wp\/v2\/product\/128847","targetHints":{"allow":["GET"]}}],"collection":[{"href":"https:\/\/www.bontempi.it\/fr\/wp-json\/wp\/v2\/product"}],"about":[{"href":"https:\/\/www.bontempi.it\/fr\/wp-json\/wp\/v2\/types\/product"}],"acf:attachment":[{"embeddable":true,"href":"https:\/\/www.bontempi.it\/fr\/wp-json\/wp\/v2\/media\/108822"},{"embeddable":true,"href":"https:\/\/www.bontempi.it\/fr\/wp-json\/wp\/v2\/media\/19673"},{"embeddable":true,"href":"https:\/\/www.bontempi.it\/fr\/wp-json\/wp\/v2\/media\/19039"}],"acf:post":[{"embeddable":true,"href":"https:\/\/www.bontempi.it\/fr\/wp-json\/wp\/v2\/product\/127249"},{"embeddable":true,"href":"https:\/\/www.bontempi.it\/fr\/wp-json\/wp\/v2\/product\/126439"}],"acf:term":[{"embeddable":true,"taxonomy":"kind","href":"https:\/\/www.bontempi.it\/fr\/wp-json\/wp\/v2\/kind\/70964"},{"embeddable":true,"taxonomy":"kind","href":"https:\/\/www.bontempi.it\/fr\/wp-json\/wp\/v2\/kind\/70963"},{"embeddable":true,"taxonomy":"kind","href":"https:\/\/www.bontempi.it\/fr\/wp-json\/wp\/v2\/kind\/70886"},{"embeddable":true,"taxonomy":"line","href":"https:\/\/www.bontempi.it\/fr\/wp-json\/wp\/v2\/line\/74163"}],"wp:featuredmedia":[{"embeddable":true,"href":"https:\/\/www.bontempi.it\/fr\/wp-json\/wp\/v2\/media\/10191"}],"wp:attachment":[{"href":"https:\/\/www.bontempi.it\/fr\/wp-json\/wp\/v2\/media?parent=128847"}],"wp:term":[{"taxonomy":"line","embeddable":true,"href":"https:\/\/www.bontempi.it\/fr\/wp-json\/wp\/v2\/line?post=128847"},{"taxonomy":"kind","embeddable":true,"href":"https:\/\/www.bontempi.it\/fr\/wp-json\/wp\/v2\/kind?post=128847"},{"taxonomy":"room","embeddable":true,"href":"https:\/\/www.bontempi.it\/fr\/wp-json\/wp\/v2\/room?post=128847"},{"taxonomy":"material","embeddable":true,"href":"https:\/\/www.bontempi.it\/fr\/wp-json\/wp\/v2\/material?post=128847"},{"taxonomy":"color","embeddable":true,"href":"https:\/\/www.bontempi.it\/fr\/wp-json\/wp\/v2\/color?post=128847"},{"taxonomy":"certification","embeddable":true,"href":"https:\/\/www.bontempi.it\/fr\/wp-json\/wp\/v2\/certification?post=128847"}],"curies":[{"name":"wp","href":"https:\/\/api.w.org\/{rel}","templated":true}]}}