{"id":128830,"date":"2023-11-09T09:52:13","date_gmt":"2023-11-09T08:52:13","guid":{"rendered":"https:\/\/www.bontempi.it\/product\/alga-07-56\/"},"modified":"2024-04-28T11:44:57","modified_gmt":"2024-04-28T09:44:57","slug":"alga-07-56","status":"publish","type":"product","link":"https:\/\/www.bontempi.it\/fr\/alga-0756\/","title":{"rendered":"Alga &#8211; 07.56"},"content":{"rendered":"<p>Portemanteau en m\u00e9tal laqu\u00e9 avec supports r\u00e9glables.<\/p>\n","protected":false},"excerpt":{"rendered":"<p>Portemanteau en m\u00e9tal laqu\u00e9 avec supports r\u00e9glables.<\/p>\n","protected":false},"featured_media":0,"template":"","line":[73954],"kind":[70968,70970],"room":[71446,71460],"material":[68013,68015,68016,68029,68033,68034,68035,68036,68037,68040,68042,68044],"color":[60635,75630,77336,77344,77345,77346,77347,77348],"certification":[],"class_list":["post-128830","product","type-product","status-publish","hentry","line-alga-fr","kind-mirrors-hangers-magazineracks-fr","kind-hangers-fr","room-hall","room-hall-fr","material-m310-fr","material-m326-fr","material-m306-fr","material-m097-fr","material-m055-fr","material-m327-fr","material-m325-fr","material-m329-fr","material-m328-fr","material-m028-fr","material-m312-fr","material-m307-fr","color-beige-fr","color-silver-fr","color-white-fr","color-grey-fr","color-chocolate-fr","color-black-fr","color-gold-fr","color-pink-gold-fr"],"acf":{"sku":"07.56","line":[73954],"is_accessory":false,"is_configurable":true,"kind":[70968,70970],"rooms":[71460,71446],"seats":"","dimensions":{"diameter":"","x":"40","z":"186","y":""},"finishing":{"top":[],"structure":{"68013":68013,"68015":68015,"68016":68016,"68029":68029,"68033":68033,"68034":68034,"68035":68035,"68036":68036,"68037":68037,"68040":68040,"68042":68042,"68044":68044},"lower_cuff":[],"upper_cuff":[],"matchable_top":[],"builtin_revolving_central_top":[],"throat":[],"lampshade":[],"back":[],"sitting":[],"cushions":[],"decorative_inner":[],"decorative_inserts":[],"side":[],"support":[],"front_doors":[],"top_front_doors":[],"seat_structure":[],"top_structure":[],"covering":[],"optional_shelf":[],"mirror":[],"side_panels":[],"centerpiece":[]},"colors":{"top":[],"structure":{"77344":77344,"75630":75630,"77336":77336,"77346":77346,"77347":77347,"77348":77348,"77345":77345,"60635":60635},"lower_cuff":[],"upper_cuff":[],"matchable_top":[],"builtin_revolving_central_top":[],"throat":[],"lampshade":[],"back":[],"sitting":[],"cushions":[],"decorative_inner":[],"decorative_inserts":[],"side":[],"support":[],"front_doors":[],"top_front_doors":[],"seat_structure":[],"top_structure":[],"covering":[],"optional_shelf":[],"mirror":[],"side_panels":[],"centerpiece":[]},"accessories":"","related":[126324,126847,126963],"gallery":[59212,26440,7391],"product_sheet":"https:\/\/www.bontempi.it\/wp-content\/uploads\/2023\/03\/Alga-07.56.pdf","attachments":null,"videos":null,"silhouette":36491},"_links":{"self":[{"href":"https:\/\/www.bontempi.it\/fr\/wp-json\/wp\/v2\/product\/128830","targetHints":{"allow":["GET"]}}],"collection":[{"href":"https:\/\/www.bontempi.it\/fr\/wp-json\/wp\/v2\/product"}],"about":[{"href":"https:\/\/www.bontempi.it\/fr\/wp-json\/wp\/v2\/types\/product"}],"acf:attachment":[{"embeddable":true,"href":"https:\/\/www.bontempi.it\/fr\/wp-json\/wp\/v2\/media\/7391"},{"embeddable":true,"href":"https:\/\/www.bontempi.it\/fr\/wp-json\/wp\/v2\/media\/26440"},{"embeddable":true,"href":"https:\/\/www.bontempi.it\/fr\/wp-json\/wp\/v2\/media\/59212"}],"acf:post":[{"embeddable":true,"href":"https:\/\/www.bontempi.it\/fr\/wp-json\/wp\/v2\/product\/126963"},{"embeddable":true,"href":"https:\/\/www.bontempi.it\/fr\/wp-json\/wp\/v2\/product\/126847"},{"embeddable":true,"href":"https:\/\/www.bontempi.it\/fr\/wp-json\/wp\/v2\/product\/126324"}],"acf:term":[{"embeddable":true,"taxonomy":"room","href":"https:\/\/www.bontempi.it\/fr\/wp-json\/wp\/v2\/room\/71446"},{"embeddable":true,"taxonomy":"room","href":"https:\/\/www.bontempi.it\/fr\/wp-json\/wp\/v2\/room\/71460"},{"embeddable":true,"taxonomy":"kind","href":"https:\/\/www.bontempi.it\/fr\/wp-json\/wp\/v2\/kind\/70970"},{"embeddable":true,"taxonomy":"kind","href":"https:\/\/www.bontempi.it\/fr\/wp-json\/wp\/v2\/kind\/70968"},{"embeddable":true,"taxonomy":"line","href":"https:\/\/www.bontempi.it\/fr\/wp-json\/wp\/v2\/line\/73954"}],"wp:attachment":[{"href":"https:\/\/www.bontempi.it\/fr\/wp-json\/wp\/v2\/media?parent=128830"}],"wp:term":[{"taxonomy":"line","embeddable":true,"href":"https:\/\/www.bontempi.it\/fr\/wp-json\/wp\/v2\/line?post=128830"},{"taxonomy":"kind","embeddable":true,"href":"https:\/\/www.bontempi.it\/fr\/wp-json\/wp\/v2\/kind?post=128830"},{"taxonomy":"room","embeddable":true,"href":"https:\/\/www.bontempi.it\/fr\/wp-json\/wp\/v2\/room?post=128830"},{"taxonomy":"material","embeddable":true,"href":"https:\/\/www.bontempi.it\/fr\/wp-json\/wp\/v2\/material?post=128830"},{"taxonomy":"color","embeddable":true,"href":"https:\/\/www.bontempi.it\/fr\/wp-json\/wp\/v2\/color?post=128830"},{"taxonomy":"certification","embeddable":true,"href":"https:\/\/www.bontempi.it\/fr\/wp-json\/wp\/v2\/certification?post=128830"}],"curies":[{"name":"wp","href":"https:\/\/api.w.org\/{rel}","templated":true}]}}