{"id":128812,"date":"2023-11-09T09:51:31","date_gmt":"2023-11-09T08:51:31","guid":{"rendered":"https:\/\/www.bontempi.it\/product\/alfred-07-37\/"},"modified":"2024-04-28T11:45:28","modified_gmt":"2024-04-28T09:45:28","slug":"alfred-07-37","status":"publish","type":"product","link":"https:\/\/www.bontempi.it\/fr\/alfred-0737\/","title":{"rendered":"Alfred &#8211; 07.37"},"content":{"rendered":"<p>Table basse structure range revue en m\u00e9tal. Plateau en bois plaqu\u00e9 ou laqu\u00e9.<\/p>\n","protected":false},"excerpt":{"rendered":"<p>Table basse structure range revue en m\u00e9tal. Plateau en bois plaqu\u00e9 ou laqu\u00e9.<\/p>\n","protected":false},"featured_media":0,"template":"","line":[73953],"kind":[70886,70963,70964],"room":[71464],"material":[68037,68040,68042,68044,68013,68015,68016,68029,68033,68034,68035,68036],"color":[60635,75630,77336,77344,77345,77346,77347,77348],"certification":[],"class_list":["post-128812","product","type-product","status-publish","hentry","line-alfred-fr","kind-coffee-tables","kind-occasionals-fr","kind-coffee-tables-fr","room-contract-fr","material-m328-fr","material-m028-fr","material-m312-fr","material-m307-fr","material-m310-fr","material-m326-fr","material-m306-fr","material-m097-fr","material-m055-fr","material-m327-fr","material-m325-fr","material-m329-fr","color-beige-fr","color-silver-fr","color-white-fr","color-grey-fr","color-chocolate-fr","color-black-fr","color-gold-fr","color-pink-gold-fr"],"acf":{"sku":"07.37","line":[73953],"is_accessory":false,"is_configurable":true,"kind":[70886,70963,70964],"rooms":[71464],"seats":"","dimensions":{"diameter":"45","x":"","z":"49","y":""},"finishing":{"top":{"67959":67959,"67961":67961,"67963":67963,"67965":67965,"67968":67968,"67970":67970,"67980":67980},"structure":{"68013":68013,"68015":68015,"68016":68016,"68029":68029,"68033":68033,"68034":68034,"68035":68035,"68036":68036,"68037":68037,"68040":68040,"68042":68042,"68044":68044},"lower_cuff":[],"upper_cuff":[],"matchable_top":[],"builtin_revolving_central_top":[],"throat":[],"lampshade":[],"back":[],"sitting":[],"cushions":[],"decorative_inner":[],"decorative_inserts":[],"side":[],"support":[],"front_doors":[],"top_front_doors":[],"seat_structure":[],"top_structure":[],"covering":[],"optional_shelf":[],"mirror":[],"side_panels":[],"centerpiece":[]},"colors":{"top":{"60635":60635,"77346":77346,"77345":77345,"77344":77344,"77336":77336},"structure":{"77344":77344,"75630":75630,"77336":77336,"77346":77346,"77347":77347,"77348":77348,"77345":77345,"60635":60635},"lower_cuff":[],"upper_cuff":[],"matchable_top":[],"builtin_revolving_central_top":[],"throat":[],"lampshade":[],"back":[],"sitting":[],"cushions":[],"decorative_inner":[],"decorative_inserts":[],"side":[],"support":[],"front_doors":[],"top_front_doors":[],"seat_structure":[],"top_structure":[],"covering":[],"optional_shelf":[],"mirror":[],"side_panels":[],"centerpiece":[]},"accessories":"","related":[126351],"gallery":[59207,160068,26380],"product_sheet":"https:\/\/www.bontempi.it\/wp-content\/uploads\/2023\/03\/Alfred-07.37.pdf","attachments":null,"videos":null,"silhouette":32615},"_links":{"self":[{"href":"https:\/\/www.bontempi.it\/fr\/wp-json\/wp\/v2\/product\/128812","targetHints":{"allow":["GET"]}}],"collection":[{"href":"https:\/\/www.bontempi.it\/fr\/wp-json\/wp\/v2\/product"}],"about":[{"href":"https:\/\/www.bontempi.it\/fr\/wp-json\/wp\/v2\/types\/product"}],"acf:attachment":[{"embeddable":true,"href":"https:\/\/www.bontempi.it\/fr\/wp-json\/wp\/v2\/media\/26380"},{"embeddable":true,"href":"https:\/\/www.bontempi.it\/fr\/wp-json\/wp\/v2\/media\/160068"},{"embeddable":true,"href":"https:\/\/www.bontempi.it\/fr\/wp-json\/wp\/v2\/media\/59207"}],"acf:post":[{"embeddable":true,"href":"https:\/\/www.bontempi.it\/fr\/wp-json\/wp\/v2\/product\/126351"}],"acf:term":[{"embeddable":true,"taxonomy":"room","href":"https:\/\/www.bontempi.it\/fr\/wp-json\/wp\/v2\/room\/71464"},{"embeddable":true,"taxonomy":"kind","href":"https:\/\/www.bontempi.it\/fr\/wp-json\/wp\/v2\/kind\/70964"},{"embeddable":true,"taxonomy":"kind","href":"https:\/\/www.bontempi.it\/fr\/wp-json\/wp\/v2\/kind\/70963"},{"embeddable":true,"taxonomy":"kind","href":"https:\/\/www.bontempi.it\/fr\/wp-json\/wp\/v2\/kind\/70886"},{"embeddable":true,"taxonomy":"line","href":"https:\/\/www.bontempi.it\/fr\/wp-json\/wp\/v2\/line\/73953"}],"wp:attachment":[{"href":"https:\/\/www.bontempi.it\/fr\/wp-json\/wp\/v2\/media?parent=128812"}],"wp:term":[{"taxonomy":"line","embeddable":true,"href":"https:\/\/www.bontempi.it\/fr\/wp-json\/wp\/v2\/line?post=128812"},{"taxonomy":"kind","embeddable":true,"href":"https:\/\/www.bontempi.it\/fr\/wp-json\/wp\/v2\/kind?post=128812"},{"taxonomy":"room","embeddable":true,"href":"https:\/\/www.bontempi.it\/fr\/wp-json\/wp\/v2\/room?post=128812"},{"taxonomy":"material","embeddable":true,"href":"https:\/\/www.bontempi.it\/fr\/wp-json\/wp\/v2\/material?post=128812"},{"taxonomy":"color","embeddable":true,"href":"https:\/\/www.bontempi.it\/fr\/wp-json\/wp\/v2\/color?post=128812"},{"taxonomy":"certification","embeddable":true,"href":"https:\/\/www.bontempi.it\/fr\/wp-json\/wp\/v2\/certification?post=128812"}],"curies":[{"name":"wp","href":"https:\/\/api.w.org\/{rel}","templated":true}]}}