{"id":128781,"date":"2023-11-09T09:50:06","date_gmt":"2023-11-09T08:50:06","guid":{"rendered":"https:\/\/www.bontempi.it\/product\/vanity-06-45\/"},"modified":"2024-04-28T11:56:45","modified_gmt":"2024-04-28T09:56:45","slug":"vanity-06-45","status":"publish","type":"product","link":"https:\/\/www.bontempi.it\/fr\/vanity-0645\/","title":{"rendered":"Vanity &#8211; 06.45"},"content":{"rendered":"<p>Bureau avec miroir et lumi\u00e8re orientable. Structure en m\u00e9tal laqu\u00e9. D\u00e9tails d\u00e9coratifs (pieds, poign\u00e9e tiroir et supports miroir et lumi\u00e8re) en m\u00e9tal laqu\u00e9. Plateau en SuperMarbree et tiroir en bois laqu\u00e9.<\/p>\n","protected":false},"excerpt":{"rendered":"<p>Bureau avec miroir et lumi\u00e8re orientable. Structure en m\u00e9tal laqu\u00e9. D\u00e9tails d\u00e9coratifs (pieds, poign\u00e9e tiroir et supports miroir et lumi\u00e8re) en m\u00e9tal laqu\u00e9. Plateau en SuperMarbree et tiroir en bois laqu\u00e9.<\/p>\n","protected":false},"featured_media":0,"template":"","line":[74280],"kind":[70967],"room":[71460,71464],"material":[67968,67970,67977,67979,67980,67983],"color":[60635,75330,75755,77336,77344,77346],"certification":[],"class_list":["post-128781","product","type-product","status-publish","hentry","line-vanity-fr","kind-desk-consoles-fr","room-hall-fr","room-contract-fr","material-l087-fr","material-l079-fr","material-l090-fr","material-l092-fr","material-l084-fr","material-l093-fr","color-beige-fr","color-rust-fr","color-green-fr","color-white-fr","color-grey-fr","color-black-fr"],"acf":{"sku":"06.45","line":[74280],"is_accessory":false,"is_configurable":true,"kind":[70967],"rooms":[71460,71464],"seats":"","dimensions":{"diameter":"","x":"125","z":"60","y":"75\/143"},"finishing":{"top":{"68255":68255,"68260":68260,"68262":68262,"68264":68264,"68267":68267,"68269":68269,"68271":68271},"structure":{"68013":68013,"68015":68015,"68016":68016,"68029":68029,"68033":68033,"68034":68034,"68035":68035,"68036":68036,"68037":68037,"68040":68040,"68042":68042,"68044":68044},"lower_cuff":[],"upper_cuff":[],"matchable_top":[],"builtin_revolving_central_top":[],"throat":[],"lampshade":[],"back":[],"sitting":[],"cushions":[],"decorative_inner":[],"decorative_inserts":{"68013":68013,"68015":68015,"68016":68016,"68029":68029,"68033":68033,"68034":68034,"68035":68035,"68036":68036,"68037":68037,"68040":68040,"68042":68042,"68044":68044},"side":[],"support":{"67968":67968,"67970":67970,"67977":67977,"67979":67979,"67980":67980,"67983":67983},"front_doors":[],"top_front_doors":[],"seat_structure":[],"top_structure":[],"covering":[],"optional_shelf":[],"mirror":[],"side_panels":[],"centerpiece":[]},"colors":{"top":{"77336":77336,"77345":77345,"75045":75045,"77346":77346},"structure":{"77344":77344,"75630":75630,"77336":77336,"77346":77346,"77347":77347,"77348":77348,"77345":77345,"60635":60635},"lower_cuff":[],"upper_cuff":[],"matchable_top":[],"builtin_revolving_central_top":[],"throat":[],"lampshade":[],"back":[],"sitting":[],"cushions":[],"decorative_inner":[],"decorative_inserts":{"77344":77344,"75630":75630,"77336":77336,"77346":77346,"77347":77347,"77348":77348,"77345":77345,"60635":60635},"side":[],"support":{"77344":77344,"77336":77336,"77346":77346,"75330":75330,"60635":60635,"75755":75755},"front_doors":[],"top_front_doors":[],"seat_structure":[],"top_structure":[],"covering":[],"optional_shelf":[],"mirror":[],"side_panels":[],"centerpiece":[]},"accessories":"","related":[127362],"gallery":[59128,26327,26323],"product_sheet":"https:\/\/www.bontempi.it\/wp-content\/uploads\/2023\/03\/Vanity-06.44-45.pdf","attachments":null,"videos":null,"silhouette":32595},"_links":{"self":[{"href":"https:\/\/www.bontempi.it\/fr\/wp-json\/wp\/v2\/product\/128781","targetHints":{"allow":["GET"]}}],"collection":[{"href":"https:\/\/www.bontempi.it\/fr\/wp-json\/wp\/v2\/product"}],"about":[{"href":"https:\/\/www.bontempi.it\/fr\/wp-json\/wp\/v2\/types\/product"}],"acf:attachment":[{"embeddable":true,"href":"https:\/\/www.bontempi.it\/fr\/wp-json\/wp\/v2\/media\/26323"},{"embeddable":true,"href":"https:\/\/www.bontempi.it\/fr\/wp-json\/wp\/v2\/media\/26327"},{"embeddable":true,"href":"https:\/\/www.bontempi.it\/fr\/wp-json\/wp\/v2\/media\/59128"}],"acf:post":[{"embeddable":true,"href":"https:\/\/www.bontempi.it\/fr\/wp-json\/wp\/v2\/product\/127362"}],"acf:term":[{"embeddable":true,"taxonomy":"room","href":"https:\/\/www.bontempi.it\/fr\/wp-json\/wp\/v2\/room\/71464"},{"embeddable":true,"taxonomy":"room","href":"https:\/\/www.bontempi.it\/fr\/wp-json\/wp\/v2\/room\/71460"},{"embeddable":true,"taxonomy":"kind","href":"https:\/\/www.bontempi.it\/fr\/wp-json\/wp\/v2\/kind\/70967"},{"embeddable":true,"taxonomy":"line","href":"https:\/\/www.bontempi.it\/fr\/wp-json\/wp\/v2\/line\/74280"}],"wp:attachment":[{"href":"https:\/\/www.bontempi.it\/fr\/wp-json\/wp\/v2\/media?parent=128781"}],"wp:term":[{"taxonomy":"line","embeddable":true,"href":"https:\/\/www.bontempi.it\/fr\/wp-json\/wp\/v2\/line?post=128781"},{"taxonomy":"kind","embeddable":true,"href":"https:\/\/www.bontempi.it\/fr\/wp-json\/wp\/v2\/kind?post=128781"},{"taxonomy":"room","embeddable":true,"href":"https:\/\/www.bontempi.it\/fr\/wp-json\/wp\/v2\/room?post=128781"},{"taxonomy":"material","embeddable":true,"href":"https:\/\/www.bontempi.it\/fr\/wp-json\/wp\/v2\/material?post=128781"},{"taxonomy":"color","embeddable":true,"href":"https:\/\/www.bontempi.it\/fr\/wp-json\/wp\/v2\/color?post=128781"},{"taxonomy":"certification","embeddable":true,"href":"https:\/\/www.bontempi.it\/fr\/wp-json\/wp\/v2\/certification?post=128781"}],"curies":[{"name":"wp","href":"https:\/\/api.w.org\/{rel}","templated":true}]}}