{"id":128778,"date":"2023-11-09T09:50:06","date_gmt":"2023-11-09T08:50:06","guid":{"rendered":"https:\/\/www.bontempi.it\/?post_type=product&#038;p=128778"},"modified":"2024-04-28T11:56:33","modified_gmt":"2024-04-28T09:56:33","slug":"bach-06-42","status":"publish","type":"product","link":"https:\/\/www.bontempi.it\/fr\/bach-console-0642\/","title":{"rendered":"Bach console &#8211; 06.42"},"content":{"rendered":"<p>Console avec structure en m\u00e9tal laqu\u00e9, plateau en bois laqu\u00e9 et SuperMarbree.<\/p>\n","protected":false},"excerpt":{"rendered":"<p>Console avec structure en m\u00e9tal laqu\u00e9, plateau en bois laqu\u00e9 et SuperMarbree.<\/p>\n","protected":false},"featured_media":0,"template":"","line":[73981],"kind":[70967],"room":[71460,71464],"material":[68013,68033,68040,68042],"color":[60635,77344,77345,77346],"certification":[],"class_list":["post-128778","product","type-product","status-publish","hentry","line-bach-consolle-fr","kind-desk-consoles-fr","room-hall-fr","room-contract-fr","material-m310-fr","material-m055-fr","material-m028-fr","material-m312-fr","color-beige-fr","color-grey-fr","color-chocolate-fr","color-black-fr"],"acf":{"sku":"06.42","line":[73981],"is_accessory":false,"is_configurable":true,"kind":[70967],"rooms":[71460,71464],"seats":"","dimensions":{"diameter":"","x":"145","z":"45","y":"74,5"},"finishing":{"top":{"67959":67959,"67961":67961,"67963":67963,"67965":67965,"68260":68260,"68262":68262,"68269":68269,"68271":68271,"75684":75684},"structure":{"68013":68013,"68033":68033,"68040":68040,"68042":68042},"lower_cuff":[],"upper_cuff":[],"matchable_top":[],"builtin_revolving_central_top":[],"throat":[],"lampshade":[],"back":[],"sitting":[],"cushions":[],"decorative_inner":[],"decorative_inserts":[],"side":[],"support":[],"front_doors":[],"top_front_doors":[],"seat_structure":[],"top_structure":[],"covering":[],"optional_shelf":[],"mirror":[],"side_panels":[],"centerpiece":[]},"colors":{"top":{"60635":60635,"77346":77346,"77345":77345,"77336":77336},"structure":{"77344":77344,"77346":77346,"77345":77345,"60635":60635},"lower_cuff":[],"upper_cuff":[],"matchable_top":[],"builtin_revolving_central_top":[],"throat":[],"lampshade":[],"back":[],"sitting":[],"cushions":[],"decorative_inner":[],"decorative_inserts":[],"side":[],"support":[],"front_doors":[],"top_front_doors":[],"seat_structure":[],"top_structure":[],"covering":[],"optional_shelf":[],"mirror":[],"side_panels":[],"centerpiece":[]},"accessories":"","related":"","gallery":[123684,123679,123699,123689,123694],"product_sheet":"","attachments":null,"videos":null,"silhouette":135863},"_links":{"self":[{"href":"https:\/\/www.bontempi.it\/fr\/wp-json\/wp\/v2\/product\/128778","targetHints":{"allow":["GET"]}}],"collection":[{"href":"https:\/\/www.bontempi.it\/fr\/wp-json\/wp\/v2\/product"}],"about":[{"href":"https:\/\/www.bontempi.it\/fr\/wp-json\/wp\/v2\/types\/product"}],"acf:attachment":[{"embeddable":true,"href":"https:\/\/www.bontempi.it\/fr\/wp-json\/wp\/v2\/media\/123694"},{"embeddable":true,"href":"https:\/\/www.bontempi.it\/fr\/wp-json\/wp\/v2\/media\/123689"},{"embeddable":true,"href":"https:\/\/www.bontempi.it\/fr\/wp-json\/wp\/v2\/media\/123699"},{"embeddable":true,"href":"https:\/\/www.bontempi.it\/fr\/wp-json\/wp\/v2\/media\/123679"},{"embeddable":true,"href":"https:\/\/www.bontempi.it\/fr\/wp-json\/wp\/v2\/media\/123684"}],"acf:term":[{"embeddable":true,"taxonomy":"room","href":"https:\/\/www.bontempi.it\/fr\/wp-json\/wp\/v2\/room\/71464"},{"embeddable":true,"taxonomy":"room","href":"https:\/\/www.bontempi.it\/fr\/wp-json\/wp\/v2\/room\/71460"},{"embeddable":true,"taxonomy":"kind","href":"https:\/\/www.bontempi.it\/fr\/wp-json\/wp\/v2\/kind\/70967"},{"embeddable":true,"taxonomy":"line","href":"https:\/\/www.bontempi.it\/fr\/wp-json\/wp\/v2\/line\/73981"}],"wp:attachment":[{"href":"https:\/\/www.bontempi.it\/fr\/wp-json\/wp\/v2\/media?parent=128778"}],"wp:term":[{"taxonomy":"line","embeddable":true,"href":"https:\/\/www.bontempi.it\/fr\/wp-json\/wp\/v2\/line?post=128778"},{"taxonomy":"kind","embeddable":true,"href":"https:\/\/www.bontempi.it\/fr\/wp-json\/wp\/v2\/kind?post=128778"},{"taxonomy":"room","embeddable":true,"href":"https:\/\/www.bontempi.it\/fr\/wp-json\/wp\/v2\/room?post=128778"},{"taxonomy":"material","embeddable":true,"href":"https:\/\/www.bontempi.it\/fr\/wp-json\/wp\/v2\/material?post=128778"},{"taxonomy":"color","embeddable":true,"href":"https:\/\/www.bontempi.it\/fr\/wp-json\/wp\/v2\/color?post=128778"},{"taxonomy":"certification","embeddable":true,"href":"https:\/\/www.bontempi.it\/fr\/wp-json\/wp\/v2\/certification?post=128778"}],"curies":[{"name":"wp","href":"https:\/\/api.w.org\/{rel}","templated":true}]}}