{"id":128777,"date":"2023-11-09T09:50:06","date_gmt":"2023-11-09T08:50:06","guid":{"rendered":"https:\/\/www.bontempi.it\/product\/secret-06-41\/"},"modified":"2024-04-28T11:56:29","modified_gmt":"2024-04-28T09:56:29","slug":"secret-06-41","status":"publish","type":"product","link":"https:\/\/www.bontempi.it\/fr\/secret-0641\/","title":{"rendered":"Secret &#8211; 06.41"},"content":{"rendered":"<p>Bureau avec structure en m\u00e9tal laqu\u00e9, bande exterieure en cuir, plateau en bois, porte abbattant pour cage Secret en bois laqu\u00e9 ou SuperMarbree.<\/p>\n","protected":false},"excerpt":{"rendered":"<p>Bureau avec structure en m\u00e9tal laqu\u00e9, bande exterieure en cuir, plateau en bois, porte abbattant pour cage Secret en bois laqu\u00e9 ou SuperMarbree.<\/p>\n","protected":false},"featured_media":0,"template":"","line":[74240],"kind":[70967],"room":[71460,71464],"material":[68271,67968,67970,67977,67980,68249,68255,68260,68262,68269],"color":[60635,77336,77344,77346],"certification":[],"class_list":["post-128777","product","type-product","status-publish","hentry","line-secret-fr","kind-desk-consoles-fr","room-hall-fr","room-contract-fr","material-cm025-fr","material-l087-fr","material-l079-fr","material-l090-fr","material-l084-fr","material-cr006-fr","material-cm003-fr","material-cm012-fr","material-cm032-fr","material-cm005-fr","color-beige-fr","color-white-fr","color-grey-fr","color-black-fr"],"acf":{"sku":"06.41","line":[74240],"is_accessory":false,"is_configurable":true,"kind":[70967],"rooms":[71460,71464],"seats":"","dimensions":{"diameter":"","x":"112","z":"50","y":"76\/85"},"finishing":{"top":{"67959":67959,"67961":67961,"67963":67963,"67965":67965,"75684":75684},"structure":{"68013":68013,"68015":68015,"68016":68016,"68029":68029,"68033":68033,"68034":68034,"68035":68035,"68036":68036,"68037":68037,"68040":68040,"68042":68042,"68044":68044},"lower_cuff":[],"upper_cuff":[],"matchable_top":[],"builtin_revolving_central_top":[],"throat":[],"lampshade":[],"back":[],"sitting":[],"cushions":[],"decorative_inner":[],"decorative_inserts":[],"side":[],"support":[],"front_doors":{"67968":67968,"67970":67970,"67977":67977,"67980":67980,"68249":68249,"68255":68255,"68260":68260,"68262":68262,"68269":68269,"68271":68271},"top_front_doors":[],"seat_structure":[],"top_structure":[],"covering":[],"optional_shelf":[],"mirror":[],"side_panels":[],"centerpiece":[]},"colors":{"top":{"60635":60635,"77346":77346,"77345":77345,"77336":77336},"structure":{"77344":77344,"75630":75630,"77336":77336,"77346":77346,"77347":77347,"77348":77348,"77345":77345,"60635":60635},"lower_cuff":[],"upper_cuff":[],"matchable_top":[],"builtin_revolving_central_top":[],"throat":[],"lampshade":[],"back":[],"sitting":[],"cushions":[],"decorative_inner":[],"decorative_inserts":[],"side":[],"support":[],"front_doors":{"77344":77344,"77336":77336,"77346":77346,"60635":60635},"top_front_doors":[],"seat_structure":[],"top_structure":[],"covering":[],"optional_shelf":[],"mirror":[],"side_panels":[],"centerpiece":[]},"accessories":"","related":[126378],"gallery":[26291],"product_sheet":"https:\/\/www.bontempi.it\/wp-content\/uploads\/2023\/03\/Secret-06.40-41.pdf","attachments":null,"videos":null,"silhouette":32575},"_links":{"self":[{"href":"https:\/\/www.bontempi.it\/fr\/wp-json\/wp\/v2\/product\/128777","targetHints":{"allow":["GET"]}}],"collection":[{"href":"https:\/\/www.bontempi.it\/fr\/wp-json\/wp\/v2\/product"}],"about":[{"href":"https:\/\/www.bontempi.it\/fr\/wp-json\/wp\/v2\/types\/product"}],"acf:attachment":[{"embeddable":true,"href":"https:\/\/www.bontempi.it\/fr\/wp-json\/wp\/v2\/media\/26291"}],"acf:post":[{"embeddable":true,"href":"https:\/\/www.bontempi.it\/fr\/wp-json\/wp\/v2\/product\/126378"}],"acf:term":[{"embeddable":true,"taxonomy":"room","href":"https:\/\/www.bontempi.it\/fr\/wp-json\/wp\/v2\/room\/71464"},{"embeddable":true,"taxonomy":"room","href":"https:\/\/www.bontempi.it\/fr\/wp-json\/wp\/v2\/room\/71460"},{"embeddable":true,"taxonomy":"kind","href":"https:\/\/www.bontempi.it\/fr\/wp-json\/wp\/v2\/kind\/70967"},{"embeddable":true,"taxonomy":"line","href":"https:\/\/www.bontempi.it\/fr\/wp-json\/wp\/v2\/line\/74240"}],"wp:attachment":[{"href":"https:\/\/www.bontempi.it\/fr\/wp-json\/wp\/v2\/media?parent=128777"}],"wp:term":[{"taxonomy":"line","embeddable":true,"href":"https:\/\/www.bontempi.it\/fr\/wp-json\/wp\/v2\/line?post=128777"},{"taxonomy":"kind","embeddable":true,"href":"https:\/\/www.bontempi.it\/fr\/wp-json\/wp\/v2\/kind?post=128777"},{"taxonomy":"room","embeddable":true,"href":"https:\/\/www.bontempi.it\/fr\/wp-json\/wp\/v2\/room?post=128777"},{"taxonomy":"material","embeddable":true,"href":"https:\/\/www.bontempi.it\/fr\/wp-json\/wp\/v2\/material?post=128777"},{"taxonomy":"color","embeddable":true,"href":"https:\/\/www.bontempi.it\/fr\/wp-json\/wp\/v2\/color?post=128777"},{"taxonomy":"certification","embeddable":true,"href":"https:\/\/www.bontempi.it\/fr\/wp-json\/wp\/v2\/certification?post=128777"}],"curies":[{"name":"wp","href":"https:\/\/api.w.org\/{rel}","templated":true}]}}