{"id":128766,"date":"2023-11-09T09:50:06","date_gmt":"2023-11-09T08:50:06","guid":{"rendered":"https:\/\/www.bontempi.it\/product\/zac-06-32\/"},"modified":"2024-04-28T11:55:58","modified_gmt":"2024-04-28T09:55:58","slug":"zac-06-32","status":"publish","type":"product","link":"https:\/\/www.bontempi.it\/fr\/zac-0632\/","title":{"rendered":"Zac &#8211; 06.32"},"content":{"rendered":"<p>Bureau structure et 2 cuvettes en m\u00e9tal laqu\u00e9. Plateau et tiroirs en Bois plaqu\u00e9.<\/p>\n","protected":false},"excerpt":{"rendered":"<p>Bureau structure et 2 cuvettes en m\u00e9tal laqu\u00e9. Plateau et tiroirs en Bois plaqu\u00e9.<\/p>\n","protected":false},"featured_media":0,"template":"","line":[74294],"kind":[70967],"room":[71460,71464],"material":[68013,68015,68016,68029,68033,68034,68035,68036,68037,68040,68042,68044],"color":[60635,75630,77336,77344,77345,77346,77347,77348],"certification":[],"class_list":["post-128766","product","type-product","status-publish","hentry","line-zac-fr","kind-desk-consoles-fr","room-hall-fr","room-contract-fr","material-m310-fr","material-m326-fr","material-m306-fr","material-m097-fr","material-m055-fr","material-m327-fr","material-m325-fr","material-m329-fr","material-m328-fr","material-m028-fr","material-m312-fr","material-m307-fr","color-beige-fr","color-silver-fr","color-white-fr","color-grey-fr","color-chocolate-fr","color-black-fr","color-gold-fr","color-pink-gold-fr"],"acf":{"sku":"06.32","line":[74294],"is_accessory":false,"is_configurable":true,"kind":[70967],"rooms":[71460,71464],"seats":"","dimensions":{"diameter":"","x":"133","z":"67","y":"75\/88"},"finishing":{"top":{"67963":67963,"67965":67965},"structure":{"68013":68013,"68015":68015,"68016":68016,"68029":68029,"68033":68033,"68034":68034,"68035":68035,"68036":68036,"68037":68037,"68040":68040,"68042":68042,"68044":68044},"lower_cuff":[],"upper_cuff":[],"matchable_top":[],"builtin_revolving_central_top":[],"throat":[],"lampshade":[],"back":[],"sitting":[],"cushions":[],"decorative_inner":[],"decorative_inserts":[],"side":[],"support":[],"front_doors":[],"top_front_doors":[],"seat_structure":[],"top_structure":[],"covering":[],"optional_shelf":[],"mirror":[],"side_panels":[],"centerpiece":[]},"colors":{"top":{"60635":60635,"77345":77345},"structure":{"77344":77344,"75630":75630,"77336":77336,"77346":77346,"77347":77347,"77348":77348,"77345":77345,"60635":60635},"lower_cuff":[],"upper_cuff":[],"matchable_top":[],"builtin_revolving_central_top":[],"throat":[],"lampshade":[],"back":[],"sitting":[],"cushions":[],"decorative_inner":[],"decorative_inserts":[],"side":[],"support":[],"front_doors":[],"top_front_doors":[],"seat_structure":[],"top_structure":[],"covering":[],"optional_shelf":[],"mirror":[],"side_panels":[],"centerpiece":[]},"accessories":[126315],"related":[126969,126977,127019],"gallery":[39886,42698,42702,42704],"product_sheet":"https:\/\/www.bontempi.it\/wp-content\/uploads\/2023\/03\/Zac-06.32.pdf","attachments":null,"videos":null,"silhouette":32563},"_links":{"self":[{"href":"https:\/\/www.bontempi.it\/fr\/wp-json\/wp\/v2\/product\/128766","targetHints":{"allow":["GET"]}}],"collection":[{"href":"https:\/\/www.bontempi.it\/fr\/wp-json\/wp\/v2\/product"}],"about":[{"href":"https:\/\/www.bontempi.it\/fr\/wp-json\/wp\/v2\/types\/product"}],"acf:attachment":[{"embeddable":true,"href":"https:\/\/www.bontempi.it\/fr\/wp-json\/wp\/v2\/media\/42704"},{"embeddable":true,"href":"https:\/\/www.bontempi.it\/fr\/wp-json\/wp\/v2\/media\/42702"},{"embeddable":true,"href":"https:\/\/www.bontempi.it\/fr\/wp-json\/wp\/v2\/media\/42698"},{"embeddable":true,"href":"https:\/\/www.bontempi.it\/fr\/wp-json\/wp\/v2\/media\/39886"}],"acf:post":[{"embeddable":true,"href":"https:\/\/www.bontempi.it\/fr\/wp-json\/wp\/v2\/product\/127019"},{"embeddable":true,"href":"https:\/\/www.bontempi.it\/fr\/wp-json\/wp\/v2\/product\/126977"},{"embeddable":true,"href":"https:\/\/www.bontempi.it\/fr\/wp-json\/wp\/v2\/product\/126969"},{"embeddable":true,"href":"https:\/\/www.bontempi.it\/fr\/wp-json\/wp\/v2\/product\/126315"}],"acf:term":[{"embeddable":true,"taxonomy":"room","href":"https:\/\/www.bontempi.it\/fr\/wp-json\/wp\/v2\/room\/71464"},{"embeddable":true,"taxonomy":"room","href":"https:\/\/www.bontempi.it\/fr\/wp-json\/wp\/v2\/room\/71460"},{"embeddable":true,"taxonomy":"kind","href":"https:\/\/www.bontempi.it\/fr\/wp-json\/wp\/v2\/kind\/70967"},{"embeddable":true,"taxonomy":"line","href":"https:\/\/www.bontempi.it\/fr\/wp-json\/wp\/v2\/line\/74294"}],"wp:attachment":[{"href":"https:\/\/www.bontempi.it\/fr\/wp-json\/wp\/v2\/media?parent=128766"}],"wp:term":[{"taxonomy":"line","embeddable":true,"href":"https:\/\/www.bontempi.it\/fr\/wp-json\/wp\/v2\/line?post=128766"},{"taxonomy":"kind","embeddable":true,"href":"https:\/\/www.bontempi.it\/fr\/wp-json\/wp\/v2\/kind?post=128766"},{"taxonomy":"room","embeddable":true,"href":"https:\/\/www.bontempi.it\/fr\/wp-json\/wp\/v2\/room?post=128766"},{"taxonomy":"material","embeddable":true,"href":"https:\/\/www.bontempi.it\/fr\/wp-json\/wp\/v2\/material?post=128766"},{"taxonomy":"color","embeddable":true,"href":"https:\/\/www.bontempi.it\/fr\/wp-json\/wp\/v2\/color?post=128766"},{"taxonomy":"certification","embeddable":true,"href":"https:\/\/www.bontempi.it\/fr\/wp-json\/wp\/v2\/certification?post=128766"}],"curies":[{"name":"wp","href":"https:\/\/api.w.org\/{rel}","templated":true}]}}