{"id":128747,"date":"2023-11-09T09:49:30","date_gmt":"2023-11-09T08:49:30","guid":{"rendered":"https:\/\/www.bontempi.it\/product\/net-outdoor-04-56dout\/"},"modified":"2024-09-25T12:56:21","modified_gmt":"2024-09-25T10:56:21","slug":"net-outdoor-04-56dout","status":"publish","type":"product","link":"https:\/\/www.bontempi.it\/fr\/net-tabouret-pour-lexterieur-0456dout\/","title":{"rendered":"Net Tabouret pour l\u2019ext\u00e9rieur &#8211; 04.56DOUT"},"content":{"rendered":"<p>Tabouret structure en m\u00e9tal laqu\u00e9 pour l\u2019ext\u00e9rieur, Assise et dossier en Texplast ou Soft Texplast.<\/p>\n","protected":false},"excerpt":{"rendered":"<p>M\u00e9tal laqu\u00e9<\/p>\n","protected":false},"featured_media":0,"template":"","line":[74181],"kind":[70955,70956],"room":[71463,71464],"material":[68225,68452,68453,68454,68455],"color":[75331,77336,77344,77346],"certification":[60750,60762],"class_list":["post-128747","product","type-product","status-publish","hentry","line-net-outdoor-fr","kind-seatings-fr","kind-chairs-fr","room-outdoor-fr","room-contract-fr","material-x114-fr","material-x039-fr","material-x036-fr","material-x035-fr","material-x040-fr","color-sand-fr","color-white-fr","color-grey-fr","color-black-fr","certification-ansi-bifma-x-5-1-2002-fr","certification-outdoor-sedie-fr"],"acf":{"sku":"04.56DOUT","line":[74181],"is_accessory":false,"is_configurable":true,"kind":[70955,70956],"rooms":[71463,71464],"seats":"","dimensions":{"diameter":"","x":"48","z":"60","y":"100\/65"},"finishing":{"top":[],"structure":{"68014":68014,"68018":68018,"68030":68030,"68039":68039,"68043":68043},"lower_cuff":[],"upper_cuff":[],"matchable_top":[],"builtin_revolving_central_top":[],"throat":[],"lampshade":[],"back":[],"sitting":{"68225":68225,"68452":68452,"68453":68453,"68454":68454,"68455":68455},"cushions":[],"decorative_inner":[],"decorative_inserts":[],"side":[],"support":[],"front_doors":[],"top_front_doors":[],"seat_structure":[],"top_structure":[],"covering":[],"optional_shelf":[],"mirror":[],"side_panels":[],"centerpiece":[]},"colors":{"top":[],"structure":{"77344":77344,"77336":77336,"77345":77345,"60635":60635},"lower_cuff":[],"upper_cuff":[],"matchable_top":[],"builtin_revolving_central_top":[],"throat":[],"lampshade":[],"back":[],"sitting":{"77344":77344,"77336":77336,"77346":77346,"75331":75331},"cushions":[],"decorative_inner":[],"decorative_inserts":[],"side":[],"support":[],"front_doors":[],"top_front_doors":[],"seat_structure":[],"top_structure":[],"covering":[],"optional_shelf":[],"mirror":[],"side_panels":[],"centerpiece":[]},"accessories":"","related":[126225,126226,126291,126294],"gallery":[60841],"product_sheet":"","attachments":null,"videos":null,"silhouette":36467},"_links":{"self":[{"href":"https:\/\/www.bontempi.it\/fr\/wp-json\/wp\/v2\/product\/128747","targetHints":{"allow":["GET"]}}],"collection":[{"href":"https:\/\/www.bontempi.it\/fr\/wp-json\/wp\/v2\/product"}],"about":[{"href":"https:\/\/www.bontempi.it\/fr\/wp-json\/wp\/v2\/types\/product"}],"acf:attachment":[{"embeddable":true,"href":"https:\/\/www.bontempi.it\/fr\/wp-json\/wp\/v2\/media\/60841"}],"acf:post":[{"embeddable":true,"href":"https:\/\/www.bontempi.it\/fr\/wp-json\/wp\/v2\/product\/126294"},{"embeddable":true,"href":"https:\/\/www.bontempi.it\/fr\/wp-json\/wp\/v2\/product\/126291"},{"embeddable":true,"href":"https:\/\/www.bontempi.it\/fr\/wp-json\/wp\/v2\/product\/126226"},{"embeddable":true,"href":"https:\/\/www.bontempi.it\/fr\/wp-json\/wp\/v2\/product\/126225"}],"acf:term":[{"embeddable":true,"taxonomy":"room","href":"https:\/\/www.bontempi.it\/fr\/wp-json\/wp\/v2\/room\/71464"},{"embeddable":true,"taxonomy":"room","href":"https:\/\/www.bontempi.it\/fr\/wp-json\/wp\/v2\/room\/71463"},{"embeddable":true,"taxonomy":"kind","href":"https:\/\/www.bontempi.it\/fr\/wp-json\/wp\/v2\/kind\/70956"},{"embeddable":true,"taxonomy":"kind","href":"https:\/\/www.bontempi.it\/fr\/wp-json\/wp\/v2\/kind\/70955"},{"embeddable":true,"taxonomy":"line","href":"https:\/\/www.bontempi.it\/fr\/wp-json\/wp\/v2\/line\/74181"}],"wp:attachment":[{"href":"https:\/\/www.bontempi.it\/fr\/wp-json\/wp\/v2\/media?parent=128747"}],"wp:term":[{"taxonomy":"line","embeddable":true,"href":"https:\/\/www.bontempi.it\/fr\/wp-json\/wp\/v2\/line?post=128747"},{"taxonomy":"kind","embeddable":true,"href":"https:\/\/www.bontempi.it\/fr\/wp-json\/wp\/v2\/kind?post=128747"},{"taxonomy":"room","embeddable":true,"href":"https:\/\/www.bontempi.it\/fr\/wp-json\/wp\/v2\/room?post=128747"},{"taxonomy":"material","embeddable":true,"href":"https:\/\/www.bontempi.it\/fr\/wp-json\/wp\/v2\/material?post=128747"},{"taxonomy":"color","embeddable":true,"href":"https:\/\/www.bontempi.it\/fr\/wp-json\/wp\/v2\/color?post=128747"},{"taxonomy":"certification","embeddable":true,"href":"https:\/\/www.bontempi.it\/fr\/wp-json\/wp\/v2\/certification?post=128747"}],"curies":[{"name":"wp","href":"https:\/\/api.w.org\/{rel}","templated":true}]}}