{"id":128746,"date":"2023-11-09T09:49:30","date_gmt":"2023-11-09T08:49:30","guid":{"rendered":"https:\/\/www.bontempi.it\/product\/net-sgabello-04-56d\/"},"modified":"2024-09-25T12:56:20","modified_gmt":"2024-09-25T10:56:20","slug":"net-sgabello-04-56d","status":"publish","type":"product","link":"https:\/\/www.bontempi.it\/fr\/net-tabouret-0456d\/","title":{"rendered":"Net Tabouret &#8211; 04.56D"},"content":{"rendered":"<p>Tabouret structure en m\u00e9tal laqu\u00e9 ou chrom\u00e9, Assise et dossier en Texplast ou Soft Texplast.<\/p>\n","protected":false},"excerpt":{"rendered":"<p>M\u00e9tal laqu\u00e9<\/p>\n","protected":false},"featured_media":0,"template":"","line":[74182],"kind":[70955,70956],"room":[71464,71461,71463],"material":[68453,68454,68455,68225,68452],"color":[77344,77346,75331,77336],"certification":[60750,60759],"class_list":["post-128746","product","type-product","status-publish","hentry","line-net-sgabello-fr","kind-seatings-fr","kind-chairs-fr","room-contract-fr","room-kitchen-fr","room-outdoor-fr","material-x036-fr","material-x035-fr","material-x040-fr","material-x114-fr","material-x039-fr","color-grey-fr","color-black-fr","color-sand-fr","color-white-fr","certification-ansi-bifma-x-5-1-2002-fr","certification-uni-en-1728-02-fr"],"acf":{"sku":"04.56D","line":[74182],"is_accessory":false,"is_configurable":true,"kind":[70955,70956],"rooms":[71461,71463,71464],"seats":"","dimensions":{"diameter":"","x":"48","z":"60","y":"100\/65"},"finishing":{"top":[],"structure":{"68013":68013,"68016":68016,"68029":68029,"68033":68033,"68040":68040,"68042":68042,"68044":68044},"lower_cuff":[],"upper_cuff":[],"matchable_top":[],"builtin_revolving_central_top":[],"throat":[],"lampshade":[],"back":[],"sitting":{"68225":68225,"68452":68452,"68453":68453,"68454":68454,"68455":68455},"cushions":[],"decorative_inner":[],"decorative_inserts":[],"side":[],"support":[],"front_doors":[],"top_front_doors":[],"seat_structure":[],"top_structure":[],"covering":[],"optional_shelf":[],"mirror":[],"side_panels":[],"centerpiece":[]},"colors":{"top":[],"structure":{"77344":77344,"77336":77336,"77346":77346,"77345":77345,"60635":60635},"lower_cuff":[],"upper_cuff":[],"matchable_top":[],"builtin_revolving_central_top":[],"throat":[],"lampshade":[],"back":[],"sitting":{"77344":77344,"77336":77336,"77346":77346,"75331":75331},"cushions":[],"decorative_inner":[],"decorative_inserts":[],"side":[],"support":[],"front_doors":[],"top_front_doors":[],"seat_structure":[],"top_structure":[],"covering":[],"optional_shelf":[],"mirror":[],"side_panels":[],"centerpiece":[]},"accessories":"","related":[126291],"gallery":[26102],"product_sheet":"","attachments":null,"videos":null,"silhouette":36439},"_links":{"self":[{"href":"https:\/\/www.bontempi.it\/fr\/wp-json\/wp\/v2\/product\/128746","targetHints":{"allow":["GET"]}}],"collection":[{"href":"https:\/\/www.bontempi.it\/fr\/wp-json\/wp\/v2\/product"}],"about":[{"href":"https:\/\/www.bontempi.it\/fr\/wp-json\/wp\/v2\/types\/product"}],"acf:attachment":[{"embeddable":true,"href":"https:\/\/www.bontempi.it\/fr\/wp-json\/wp\/v2\/media\/26102"}],"acf:post":[{"embeddable":true,"href":"https:\/\/www.bontempi.it\/fr\/wp-json\/wp\/v2\/product\/126291"}],"acf:term":[{"embeddable":true,"taxonomy":"room","href":"https:\/\/www.bontempi.it\/fr\/wp-json\/wp\/v2\/room\/71464"},{"embeddable":true,"taxonomy":"room","href":"https:\/\/www.bontempi.it\/fr\/wp-json\/wp\/v2\/room\/71463"},{"embeddable":true,"taxonomy":"room","href":"https:\/\/www.bontempi.it\/fr\/wp-json\/wp\/v2\/room\/71461"},{"embeddable":true,"taxonomy":"kind","href":"https:\/\/www.bontempi.it\/fr\/wp-json\/wp\/v2\/kind\/70956"},{"embeddable":true,"taxonomy":"kind","href":"https:\/\/www.bontempi.it\/fr\/wp-json\/wp\/v2\/kind\/70955"},{"embeddable":true,"taxonomy":"line","href":"https:\/\/www.bontempi.it\/fr\/wp-json\/wp\/v2\/line\/74182"}],"wp:attachment":[{"href":"https:\/\/www.bontempi.it\/fr\/wp-json\/wp\/v2\/media?parent=128746"}],"wp:term":[{"taxonomy":"line","embeddable":true,"href":"https:\/\/www.bontempi.it\/fr\/wp-json\/wp\/v2\/line?post=128746"},{"taxonomy":"kind","embeddable":true,"href":"https:\/\/www.bontempi.it\/fr\/wp-json\/wp\/v2\/kind?post=128746"},{"taxonomy":"room","embeddable":true,"href":"https:\/\/www.bontempi.it\/fr\/wp-json\/wp\/v2\/room?post=128746"},{"taxonomy":"material","embeddable":true,"href":"https:\/\/www.bontempi.it\/fr\/wp-json\/wp\/v2\/material?post=128746"},{"taxonomy":"color","embeddable":true,"href":"https:\/\/www.bontempi.it\/fr\/wp-json\/wp\/v2\/color?post=128746"},{"taxonomy":"certification","embeddable":true,"href":"https:\/\/www.bontempi.it\/fr\/wp-json\/wp\/v2\/certification?post=128746"}],"curies":[{"name":"wp","href":"https:\/\/api.w.org\/{rel}","templated":true}]}}