{"id":128743,"date":"2023-11-09T09:48:48","date_gmt":"2023-11-09T08:48:48","guid":{"rendered":"https:\/\/www.bontempi.it\/product\/net-04-56\/"},"modified":"2024-09-25T12:56:20","modified_gmt":"2024-09-25T10:56:20","slug":"net-04-56","status":"publish","type":"product","link":"https:\/\/www.bontempi.it\/fr\/net-0456\/","title":{"rendered":"Net &#8211; 04.56"},"content":{"rendered":"<p>Chaise empilable structure en m\u00e9tal laqu\u00e9 ou chrom\u00e9, assise et dossier en Texplast ou Soft Texplast.<\/p>\n","protected":false},"excerpt":{"rendered":"<p>M\u00e9tal laqu\u00e9<\/p>\n","protected":false},"featured_media":0,"template":"","line":[74180],"kind":[70955,70956],"room":[71461,71464],"material":[68454,68455,68040,68042,68044,68452,68453],"color":[77346,60635,75331,77336,77344,77345],"certification":[60750,60759,60765],"class_list":["post-128743","product","type-product","status-publish","hentry","line-net-fr","kind-seatings-fr","kind-chairs-fr","room-kitchen-fr","room-contract-fr","material-x035-fr","material-x040-fr","material-m028-fr","material-m312-fr","material-m307-fr","material-x039-fr","material-x036-fr","color-black-fr","color-beige-fr","color-sand-fr","color-white-fr","color-grey-fr","color-chocolate-fr","certification-ansi-bifma-x-5-1-2002-fr","certification-uni-en-1728-02-fr","certification-impilabilita-sedie-fr"],"acf":{"sku":"04.56","line":[74180],"is_accessory":false,"is_configurable":true,"kind":[70955,70956],"rooms":[71461,71464],"seats":"","dimensions":{"diameter":"","x":"48","z":"59","y":"81\/46"},"finishing":{"top":[],"structure":{"68013":68013,"68016":68016,"68029":68029,"68033":68033,"68040":68040,"68042":68042,"68044":68044},"lower_cuff":[],"upper_cuff":[],"matchable_top":[],"builtin_revolving_central_top":[],"throat":[],"lampshade":[],"back":[],"sitting":{"68452":68452,"68453":68453,"68454":68454,"68455":68455},"cushions":[],"decorative_inner":[],"decorative_inserts":[],"side":[],"support":[],"front_doors":[],"top_front_doors":[],"seat_structure":[],"top_structure":[],"covering":[],"optional_shelf":[],"mirror":[],"side_panels":[],"centerpiece":[]},"colors":{"top":[],"structure":{"77344":77344,"77336":77336,"77346":77346,"77345":77345,"60635":60635},"lower_cuff":[],"upper_cuff":[],"matchable_top":[],"builtin_revolving_central_top":[],"throat":[],"lampshade":[],"back":[],"sitting":{"77336":77336,"77344":77344,"77346":77346,"75331":75331},"cushions":[],"decorative_inner":[],"decorative_inserts":[],"side":[],"support":[],"front_doors":[],"top_front_doors":[],"seat_structure":[],"top_structure":[],"covering":[],"optional_shelf":[],"mirror":[],"side_panels":[],"centerpiece":[]},"accessories":"","related":[126762],"gallery":[26114,26122],"product_sheet":"https:\/\/www.bontempi.it\/wp-content\/uploads\/2023\/03\/Net-04.56-56A.pdf","attachments":null,"videos":null,"silhouette":36431},"_links":{"self":[{"href":"https:\/\/www.bontempi.it\/fr\/wp-json\/wp\/v2\/product\/128743","targetHints":{"allow":["GET"]}}],"collection":[{"href":"https:\/\/www.bontempi.it\/fr\/wp-json\/wp\/v2\/product"}],"about":[{"href":"https:\/\/www.bontempi.it\/fr\/wp-json\/wp\/v2\/types\/product"}],"acf:attachment":[{"embeddable":true,"href":"https:\/\/www.bontempi.it\/fr\/wp-json\/wp\/v2\/media\/26122"},{"embeddable":true,"href":"https:\/\/www.bontempi.it\/fr\/wp-json\/wp\/v2\/media\/26114"}],"acf:post":[{"embeddable":true,"href":"https:\/\/www.bontempi.it\/fr\/wp-json\/wp\/v2\/product\/126762"}],"acf:term":[{"embeddable":true,"taxonomy":"room","href":"https:\/\/www.bontempi.it\/fr\/wp-json\/wp\/v2\/room\/71464"},{"embeddable":true,"taxonomy":"room","href":"https:\/\/www.bontempi.it\/fr\/wp-json\/wp\/v2\/room\/71461"},{"embeddable":true,"taxonomy":"kind","href":"https:\/\/www.bontempi.it\/fr\/wp-json\/wp\/v2\/kind\/70956"},{"embeddable":true,"taxonomy":"kind","href":"https:\/\/www.bontempi.it\/fr\/wp-json\/wp\/v2\/kind\/70955"},{"embeddable":true,"taxonomy":"line","href":"https:\/\/www.bontempi.it\/fr\/wp-json\/wp\/v2\/line\/74180"}],"wp:attachment":[{"href":"https:\/\/www.bontempi.it\/fr\/wp-json\/wp\/v2\/media?parent=128743"}],"wp:term":[{"taxonomy":"line","embeddable":true,"href":"https:\/\/www.bontempi.it\/fr\/wp-json\/wp\/v2\/line?post=128743"},{"taxonomy":"kind","embeddable":true,"href":"https:\/\/www.bontempi.it\/fr\/wp-json\/wp\/v2\/kind?post=128743"},{"taxonomy":"room","embeddable":true,"href":"https:\/\/www.bontempi.it\/fr\/wp-json\/wp\/v2\/room?post=128743"},{"taxonomy":"material","embeddable":true,"href":"https:\/\/www.bontempi.it\/fr\/wp-json\/wp\/v2\/material?post=128743"},{"taxonomy":"color","embeddable":true,"href":"https:\/\/www.bontempi.it\/fr\/wp-json\/wp\/v2\/color?post=128743"},{"taxonomy":"certification","embeddable":true,"href":"https:\/\/www.bontempi.it\/fr\/wp-json\/wp\/v2\/certification?post=128743"}],"curies":[{"name":"wp","href":"https:\/\/api.w.org\/{rel}","templated":true}]}}