{"id":128738,"date":"2023-11-09T09:48:48","date_gmt":"2023-11-09T08:48:48","guid":{"rendered":"https:\/\/www.bontempi.it\/product\/linda-sgabello-04-26c\/"},"modified":"2024-09-25T12:56:13","modified_gmt":"2024-09-25T10:56:13","slug":"linda-sgabello-04-26c","status":"publish","type":"product","link":"https:\/\/www.bontempi.it\/fr\/linda-tabouret-0426c\/","title":{"rendered":"Linda Tabouret &#8211; 04.26C"},"content":{"rendered":"<p>Tabouret structure en m\u00e9tal rembourr\u00e9e et rev\u00eatue en Cuir \u00e9pais.<\/p>\n","protected":false},"excerpt":{"rendered":"<p>Dossier haut<\/p>\n","protected":false},"featured_media":0,"template":"","line":[74135],"kind":[70955,70957],"room":[71461,71464],"material":[67924,67942,67925,67943,67926,67944,67927,67945,67928,67946,67930,67947,67931,67948,67932,68673,67933,67935,67936,67937,67938,67939,67922,67940,67923,67941],"color":[77336,77344,77345,77346,77349,60635,75039],"certification":[60750],"class_list":["post-128738","product","type-product","status-publish","hentry","line-linda-footstool-fr","kind-seatings-fr","kind-footstool-fr","room-kitchen-fr","room-contract-fr","material-q239-fr","material-q400-fr","material-q436-fr","material-q230-fr","material-q256-fr","material-q405-fr","material-q429-fr","material-q238-fr","material-q440-fr","material-q408-fr","material-q401-fr","material-q403-fr","material-q232-fr","material-q235-fr","material-q504-fr","material-q426-fr","material-q032-fr","material-q259-fr","material-q437-fr","material-q257-fr","material-q438-fr","material-q258-fr","material-q410-fr","material-q435-fr","material-q406-fr","material-q255-fr","color-white-fr","color-grey-fr","color-chocolate-fr","color-black-fr","color-red-fr","color-beige-fr","color-light-blue-fr","certification-ansi-bifma-x-5-1-2002-fr"],"acf":{"sku":"04.26C","line":[74135],"is_accessory":false,"is_configurable":true,"kind":[70955,70957],"rooms":[71461,71464],"seats":"","dimensions":{"diameter":"","x":"44","z":"50","y":"96\/75"},"finishing":{"top":[],"structure":[],"lower_cuff":[],"upper_cuff":[],"matchable_top":[],"builtin_revolving_central_top":[],"throat":[],"lampshade":[],"back":[],"sitting":[],"cushions":[],"decorative_inner":[],"decorative_inserts":[],"side":[],"support":[],"front_doors":[],"top_front_doors":[],"seat_structure":{"67922":67922,"67923":67923,"67924":67924,"67925":67925,"67926":67926,"67927":67927,"67928":67928,"67930":67930,"67931":67931,"67932":67932,"67933":67933,"67935":67935,"67936":67936,"67937":67937,"67938":67938,"67939":67939,"67940":67940,"67941":67941,"67942":67942,"67943":67943,"67944":67944,"67945":67945,"67946":67946,"67947":67947,"67948":67948,"68673":68673},"top_structure":[],"covering":[],"optional_shelf":[],"mirror":[],"side_panels":[],"centerpiece":[]},"colors":{"top":[],"structure":[],"lower_cuff":[],"upper_cuff":[],"matchable_top":[],"builtin_revolving_central_top":[],"throat":[],"lampshade":[],"back":[],"sitting":[],"cushions":[],"decorative_inner":[],"decorative_inserts":[],"side":[],"support":[],"front_doors":[],"top_front_doors":[],"seat_structure":{"77344":77344,"60635":60635,"75039":75039,"77336":77336,"77349":77349,"77345":77345,"77346":77346},"top_structure":[],"covering":[],"optional_shelf":[],"mirror":[],"side_panels":[],"centerpiece":[]},"accessories":"","related":[126281,126282,126284,126821],"gallery":[26058,26062,26018],"product_sheet":"https:\/\/www.bontempi.it\/wp-content\/uploads\/2023\/03\/Linda-04.26C.pdf","attachments":null,"videos":null,"silhouette":36419},"_links":{"self":[{"href":"https:\/\/www.bontempi.it\/fr\/wp-json\/wp\/v2\/product\/128738","targetHints":{"allow":["GET"]}}],"collection":[{"href":"https:\/\/www.bontempi.it\/fr\/wp-json\/wp\/v2\/product"}],"about":[{"href":"https:\/\/www.bontempi.it\/fr\/wp-json\/wp\/v2\/types\/product"}],"acf:attachment":[{"embeddable":true,"href":"https:\/\/www.bontempi.it\/fr\/wp-json\/wp\/v2\/media\/26018"},{"embeddable":true,"href":"https:\/\/www.bontempi.it\/fr\/wp-json\/wp\/v2\/media\/26062"},{"embeddable":true,"href":"https:\/\/www.bontempi.it\/fr\/wp-json\/wp\/v2\/media\/26058"}],"acf:post":[{"embeddable":true,"href":"https:\/\/www.bontempi.it\/fr\/wp-json\/wp\/v2\/product\/126821"},{"embeddable":true,"href":"https:\/\/www.bontempi.it\/fr\/wp-json\/wp\/v2\/product\/126284"},{"embeddable":true,"href":"https:\/\/www.bontempi.it\/fr\/wp-json\/wp\/v2\/product\/126282"},{"embeddable":true,"href":"https:\/\/www.bontempi.it\/fr\/wp-json\/wp\/v2\/product\/126281"}],"acf:term":[{"embeddable":true,"taxonomy":"room","href":"https:\/\/www.bontempi.it\/fr\/wp-json\/wp\/v2\/room\/71464"},{"embeddable":true,"taxonomy":"room","href":"https:\/\/www.bontempi.it\/fr\/wp-json\/wp\/v2\/room\/71461"},{"embeddable":true,"taxonomy":"kind","href":"https:\/\/www.bontempi.it\/fr\/wp-json\/wp\/v2\/kind\/70957"},{"embeddable":true,"taxonomy":"kind","href":"https:\/\/www.bontempi.it\/fr\/wp-json\/wp\/v2\/kind\/70955"},{"embeddable":true,"taxonomy":"line","href":"https:\/\/www.bontempi.it\/fr\/wp-json\/wp\/v2\/line\/74135"}],"wp:attachment":[{"href":"https:\/\/www.bontempi.it\/fr\/wp-json\/wp\/v2\/media?parent=128738"}],"wp:term":[{"taxonomy":"line","embeddable":true,"href":"https:\/\/www.bontempi.it\/fr\/wp-json\/wp\/v2\/line?post=128738"},{"taxonomy":"kind","embeddable":true,"href":"https:\/\/www.bontempi.it\/fr\/wp-json\/wp\/v2\/kind?post=128738"},{"taxonomy":"room","embeddable":true,"href":"https:\/\/www.bontempi.it\/fr\/wp-json\/wp\/v2\/room?post=128738"},{"taxonomy":"material","embeddable":true,"href":"https:\/\/www.bontempi.it\/fr\/wp-json\/wp\/v2\/material?post=128738"},{"taxonomy":"color","embeddable":true,"href":"https:\/\/www.bontempi.it\/fr\/wp-json\/wp\/v2\/color?post=128738"},{"taxonomy":"certification","embeddable":true,"href":"https:\/\/www.bontempi.it\/fr\/wp-json\/wp\/v2\/certification?post=128738"}],"curies":[{"name":"wp","href":"https:\/\/api.w.org\/{rel}","templated":true}]}}