{"id":128730,"date":"2023-11-09T09:48:48","date_gmt":"2023-11-09T08:48:48","guid":{"rendered":"https:\/\/www.bontempi.it\/product\/eva-04-22\/"},"modified":"2024-09-25T12:56:20","modified_gmt":"2024-09-25T10:56:20","slug":"eva-04-22","status":"publish","type":"product","link":"https:\/\/www.bontempi.it\/fr\/eva-0422\/","title":{"rendered":"Eva &#8211; 04.22"},"content":{"rendered":"<p>Chaise empilable structure en m\u00e9tal laqu\u00e9 ou chrom\u00e9. Coque en Polypropyl\u00e8ne.<\/p>\n","protected":false},"excerpt":{"rendered":"<p>M\u00e9tal laqu\u00e9<\/p>\n","protected":false},"featured_media":0,"template":"","line":[74058],"kind":[70955,70956],"room":[71459,71461,71464],"material":[68185,68187,68188,68189,68190,68193,68040,68042,68044],"color":[77614,77615,77616,60635,75630,77348],"certification":[60753,60755,60765],"class_list":["post-128730","product","type-product","status-publish","hentry","line-eva-fr","kind-seatings-fr","kind-chairs-fr","room-living-fr","room-kitchen-fr","room-contract-fr","material-z039-fr","material-z031-fr","material-z008-fr","material-z009-fr","material-z006-fr","material-z029-fr","material-m028-fr","material-m312-fr","material-m307-fr","color-bianco-fr","color-nero-fr","color-grigio-fr","color-beige-fr","color-silver-fr","color-pink-gold-fr","certification-en-16139-13-en-1728-12-fr","certification-uni-8584-1984-fa-1-95-fr","certification-impilabilita-sedie-fr"],"acf":{"sku":"04.22","line":[74058],"is_accessory":false,"is_configurable":true,"kind":[70955,70956],"rooms":[71459,71461,71464],"seats":"","dimensions":{"diameter":"","x":"45","z":"55","y":"86\/46"},"finishing":{"top":[],"structure":[66037,66041,66043,66044,66057,66061,66062,66063,66064,66065,66068,66070,66072],"lower_cuff":[],"upper_cuff":[],"matchable_top":[],"builtin_revolving_central_top":[],"throat":[],"lampshade":[],"back":[],"sitting":[66215,66218,66221,66217,66216,66213],"cushions":[],"decorative_inner":[],"decorative_inserts":[],"side":[],"support":[],"front_doors":[],"top_front_doors":[],"seat_structure":[],"top_structure":[],"covering":[],"optional_shelf":[],"mirror":[],"side_panels":[],"centerpiece":[]},"colors":{"top":[],"structure":[58739,58741,58745,58747,58749,58756,58762,58767],"lower_cuff":[],"upper_cuff":[],"matchable_top":[],"builtin_revolving_central_top":[],"throat":[],"lampshade":[],"back":[],"sitting":[58739,58749,58767],"cushions":[],"decorative_inner":[],"decorative_inserts":[],"side":[],"support":[],"front_doors":[],"top_front_doors":[],"seat_structure":[],"top_structure":[],"covering":[],"optional_shelf":[],"mirror":[],"side_panels":[],"centerpiece":[]},"accessories":"","related":[126240,126242,126258,126753],"gallery":[19839],"product_sheet":"https:\/\/www.bontempi.it\/wp-content\/uploads\/2023\/03\/Eva-04.22.pdf","attachments":null,"videos":null,"silhouette":36403},"_links":{"self":[{"href":"https:\/\/www.bontempi.it\/fr\/wp-json\/wp\/v2\/product\/128730","targetHints":{"allow":["GET"]}}],"collection":[{"href":"https:\/\/www.bontempi.it\/fr\/wp-json\/wp\/v2\/product"}],"about":[{"href":"https:\/\/www.bontempi.it\/fr\/wp-json\/wp\/v2\/types\/product"}],"acf:attachment":[{"embeddable":true,"href":"https:\/\/www.bontempi.it\/fr\/wp-json\/wp\/v2\/media\/19839"}],"acf:post":[{"embeddable":true,"href":"https:\/\/www.bontempi.it\/fr\/wp-json\/wp\/v2\/product\/126753"},{"embeddable":true,"href":"https:\/\/www.bontempi.it\/fr\/wp-json\/wp\/v2\/product\/126258"},{"embeddable":true,"href":"https:\/\/www.bontempi.it\/fr\/wp-json\/wp\/v2\/product\/126242"},{"embeddable":true,"href":"https:\/\/www.bontempi.it\/fr\/wp-json\/wp\/v2\/product\/126240"}],"acf:term":[{"embeddable":true,"taxonomy":"room","href":"https:\/\/www.bontempi.it\/fr\/wp-json\/wp\/v2\/room\/71464"},{"embeddable":true,"taxonomy":"room","href":"https:\/\/www.bontempi.it\/fr\/wp-json\/wp\/v2\/room\/71461"},{"embeddable":true,"taxonomy":"room","href":"https:\/\/www.bontempi.it\/fr\/wp-json\/wp\/v2\/room\/71459"},{"embeddable":true,"taxonomy":"kind","href":"https:\/\/www.bontempi.it\/fr\/wp-json\/wp\/v2\/kind\/70956"},{"embeddable":true,"taxonomy":"kind","href":"https:\/\/www.bontempi.it\/fr\/wp-json\/wp\/v2\/kind\/70955"},{"embeddable":true,"taxonomy":"line","href":"https:\/\/www.bontempi.it\/fr\/wp-json\/wp\/v2\/line\/74058"}],"wp:attachment":[{"href":"https:\/\/www.bontempi.it\/fr\/wp-json\/wp\/v2\/media?parent=128730"}],"wp:term":[{"taxonomy":"line","embeddable":true,"href":"https:\/\/www.bontempi.it\/fr\/wp-json\/wp\/v2\/line?post=128730"},{"taxonomy":"kind","embeddable":true,"href":"https:\/\/www.bontempi.it\/fr\/wp-json\/wp\/v2\/kind?post=128730"},{"taxonomy":"room","embeddable":true,"href":"https:\/\/www.bontempi.it\/fr\/wp-json\/wp\/v2\/room?post=128730"},{"taxonomy":"material","embeddable":true,"href":"https:\/\/www.bontempi.it\/fr\/wp-json\/wp\/v2\/material?post=128730"},{"taxonomy":"color","embeddable":true,"href":"https:\/\/www.bontempi.it\/fr\/wp-json\/wp\/v2\/color?post=128730"},{"taxonomy":"certification","embeddable":true,"href":"https:\/\/www.bontempi.it\/fr\/wp-json\/wp\/v2\/certification?post=128730"}],"curies":[{"name":"wp","href":"https:\/\/api.w.org\/{rel}","templated":true}]}}