{"id":128727,"date":"2023-11-09T09:48:48","date_gmt":"2023-11-09T08:48:48","guid":{"rendered":"https:\/\/www.bontempi.it\/product\/hidra-04-15\/"},"modified":"2024-09-25T12:56:59","modified_gmt":"2024-09-25T10:56:59","slug":"hidra-04-15","status":"publish","type":"product","link":"https:\/\/www.bontempi.it\/fr\/hidra-0415\/","title":{"rendered":"Hidra &#8211; 04.15"},"content":{"rendered":"<p>Chaise empilable pour int\u00e9rieur ou ext\u00e9rieur en Polypropyl\u00e8ne.<\/p>\n","protected":false},"excerpt":{"rendered":"<p>Polypropyl\u00e8ne<\/p>\n","protected":false},"featured_media":0,"template":"","line":[74098],"kind":[70955,70956],"room":[71461,71463,71464],"material":[68185,68187,68188,68189,68190,68191,68193],"color":[60635,75756,75759,77336,77344,77346],"certification":[60753,60755,60762,60765],"class_list":["post-128727","product","type-product","status-publish","hentry","line-hidra-fr","kind-seatings-fr","kind-chairs-fr","room-kitchen-fr","room-outdoor-fr","room-contract-fr","material-z039-fr","material-z031-fr","material-z008-fr","material-z009-fr","material-z006-fr","material-z038-fr","material-z029-fr","color-beige-fr","color-orange-fr","color-yellow-fr","color-white-fr","color-grey-fr","color-black-fr","certification-en-16139-13-en-1728-12-fr","certification-uni-8584-1984-fa-1-95-fr","certification-outdoor-sedie-fr","certification-impilabilita-sedie-fr"],"acf":{"sku":"04.15","line":[74098],"is_accessory":false,"is_configurable":true,"kind":[70955,70956],"rooms":[71461,71463,71464],"seats":"","dimensions":{"diameter":"","x":"50","z":"55","y":"81\/47"},"finishing":{"top":[],"structure":[],"lower_cuff":[],"upper_cuff":[],"matchable_top":[],"builtin_revolving_central_top":[],"throat":[],"lampshade":[],"back":[],"sitting":[],"cushions":[],"decorative_inner":[],"decorative_inserts":[],"side":[],"support":[],"front_doors":[],"top_front_doors":[],"seat_structure":{"68185":68185,"68187":68187,"68188":68188,"68189":68189,"68190":68190,"68191":68191,"68193":68193},"top_structure":[],"covering":[],"optional_shelf":[],"mirror":[],"side_panels":[],"centerpiece":[]},"colors":{"top":[],"structure":[],"lower_cuff":[],"upper_cuff":[],"matchable_top":[],"builtin_revolving_central_top":[],"throat":[],"lampshade":[],"back":[],"sitting":[],"cushions":[],"decorative_inner":[],"decorative_inserts":[],"side":[],"support":[],"front_doors":[],"top_front_doors":[],"seat_structure":{"77344":77344,"77336":77336,"75756":75756,"75759":75759,"77346":77346,"60635":60635},"top_structure":[],"covering":[],"optional_shelf":[],"mirror":[],"side_panels":[],"centerpiece":[]},"accessories":"","related":[126252,126254,126258,126276],"gallery":[25966,25909,25974,25962],"product_sheet":"https:\/\/www.bontempi.it\/wp-content\/uploads\/2023\/03\/Hidra-04.15.pdf","attachments":null,"videos":null,"silhouette":25588},"_links":{"self":[{"href":"https:\/\/www.bontempi.it\/fr\/wp-json\/wp\/v2\/product\/128727","targetHints":{"allow":["GET"]}}],"collection":[{"href":"https:\/\/www.bontempi.it\/fr\/wp-json\/wp\/v2\/product"}],"about":[{"href":"https:\/\/www.bontempi.it\/fr\/wp-json\/wp\/v2\/types\/product"}],"acf:attachment":[{"embeddable":true,"href":"https:\/\/www.bontempi.it\/fr\/wp-json\/wp\/v2\/media\/25962"},{"embeddable":true,"href":"https:\/\/www.bontempi.it\/fr\/wp-json\/wp\/v2\/media\/25974"},{"embeddable":true,"href":"https:\/\/www.bontempi.it\/fr\/wp-json\/wp\/v2\/media\/25909"},{"embeddable":true,"href":"https:\/\/www.bontempi.it\/fr\/wp-json\/wp\/v2\/media\/25966"}],"acf:post":[{"embeddable":true,"href":"https:\/\/www.bontempi.it\/fr\/wp-json\/wp\/v2\/product\/126276"},{"embeddable":true,"href":"https:\/\/www.bontempi.it\/fr\/wp-json\/wp\/v2\/product\/126258"},{"embeddable":true,"href":"https:\/\/www.bontempi.it\/fr\/wp-json\/wp\/v2\/product\/126254"},{"embeddable":true,"href":"https:\/\/www.bontempi.it\/fr\/wp-json\/wp\/v2\/product\/126252"}],"acf:term":[{"embeddable":true,"taxonomy":"room","href":"https:\/\/www.bontempi.it\/fr\/wp-json\/wp\/v2\/room\/71464"},{"embeddable":true,"taxonomy":"room","href":"https:\/\/www.bontempi.it\/fr\/wp-json\/wp\/v2\/room\/71463"},{"embeddable":true,"taxonomy":"room","href":"https:\/\/www.bontempi.it\/fr\/wp-json\/wp\/v2\/room\/71461"},{"embeddable":true,"taxonomy":"kind","href":"https:\/\/www.bontempi.it\/fr\/wp-json\/wp\/v2\/kind\/70956"},{"embeddable":true,"taxonomy":"kind","href":"https:\/\/www.bontempi.it\/fr\/wp-json\/wp\/v2\/kind\/70955"},{"embeddable":true,"taxonomy":"line","href":"https:\/\/www.bontempi.it\/fr\/wp-json\/wp\/v2\/line\/74098"}],"wp:attachment":[{"href":"https:\/\/www.bontempi.it\/fr\/wp-json\/wp\/v2\/media?parent=128727"}],"wp:term":[{"taxonomy":"line","embeddable":true,"href":"https:\/\/www.bontempi.it\/fr\/wp-json\/wp\/v2\/line?post=128727"},{"taxonomy":"kind","embeddable":true,"href":"https:\/\/www.bontempi.it\/fr\/wp-json\/wp\/v2\/kind?post=128727"},{"taxonomy":"room","embeddable":true,"href":"https:\/\/www.bontempi.it\/fr\/wp-json\/wp\/v2\/room?post=128727"},{"taxonomy":"material","embeddable":true,"href":"https:\/\/www.bontempi.it\/fr\/wp-json\/wp\/v2\/material?post=128727"},{"taxonomy":"color","embeddable":true,"href":"https:\/\/www.bontempi.it\/fr\/wp-json\/wp\/v2\/color?post=128727"},{"taxonomy":"certification","embeddable":true,"href":"https:\/\/www.bontempi.it\/fr\/wp-json\/wp\/v2\/certification?post=128727"}],"curies":[{"name":"wp","href":"https:\/\/api.w.org\/{rel}","templated":true}]}}