{"id":128723,"date":"2023-11-09T09:48:07","date_gmt":"2023-11-09T08:48:07","guid":{"rendered":"https:\/\/www.bontempi.it\/product\/enea-03-94\/"},"modified":"2024-04-28T11:59:29","modified_gmt":"2024-04-28T09:59:29","slug":"enea-03-94","status":"publish","type":"product","link":"https:\/\/www.bontempi.it\/fr\/enea-0394\/","title":{"rendered":"Enea &#8211; 03.94"},"content":{"rendered":"<p>Semainier avec structure en bois laqu\u00e9, plateau et frontale en Verre tremp\u00e9 laqu\u00e9.<\/p>\n","protected":false},"excerpt":{"rendered":"<p>Semainier avec structure en bois laqu\u00e9, plateau et frontale en Verre tremp\u00e9 laqu\u00e9.<\/p>\n","protected":false},"featured_media":0,"template":"","line":[74053],"kind":[70972],"room":[71460,71446,71459],"material":[67910,67914,68554,67899,67901],"color":[77336,77345,60635,75331],"certification":[],"class_list":["post-128723","product","type-product","status-publish","hentry","line-enea-fr","kind-storage-units-fr","room-hall-fr","room-hall","room-living-fr","material-c169-fr","material-c167-fr","material-c164-fr","material-c163-fr","material-c136-fr","color-white-fr","color-chocolate-fr","color-beige-fr","color-sand-fr"],"acf":{"sku":"03.94","line":[74053],"is_accessory":false,"is_configurable":true,"kind":[70972],"rooms":[71446,71459,71460],"seats":"","dimensions":{"diameter":"","x":"60","z":"45","y":"128"},"finishing":{"top":{"67899":67899,"67910":67910,"67914":67914,"68554":68554},"structure":[],"lower_cuff":[],"upper_cuff":[],"matchable_top":[],"builtin_revolving_central_top":[],"throat":[],"lampshade":[],"back":[],"sitting":[],"cushions":[],"decorative_inner":[],"decorative_inserts":[],"side":[],"support":[],"front_doors":{"67899":67899,"67901":67901,"67910":67910,"67914":67914,"68554":68554},"top_front_doors":[],"seat_structure":[],"top_structure":[],"covering":[],"optional_shelf":[],"mirror":[],"side_panels":[],"centerpiece":[]},"colors":{"top":{"77336":77336,"75331":75331,"77345":77345,"60635":60635},"structure":[],"lower_cuff":[],"upper_cuff":[],"matchable_top":[],"builtin_revolving_central_top":[],"throat":[],"lampshade":[],"back":[],"sitting":[],"cushions":[],"decorative_inner":[],"decorative_inserts":[],"side":[],"support":[],"front_doors":{"77336":77336,"77345":77345,"75331":75331,"60635":60635},"top_front_doors":[],"seat_structure":[],"top_structure":[],"covering":[],"optional_shelf":[],"mirror":[],"side_panels":[],"centerpiece":[]},"accessories":"","related":[126265,126266,126267,126268,126269,126270],"gallery":[25930],"product_sheet":"https:\/\/www.bontempi.it\/wp-content\/uploads\/2023\/03\/Enea-03.94.pdf","attachments":null,"videos":null,"silhouette":32511},"_links":{"self":[{"href":"https:\/\/www.bontempi.it\/fr\/wp-json\/wp\/v2\/product\/128723","targetHints":{"allow":["GET"]}}],"collection":[{"href":"https:\/\/www.bontempi.it\/fr\/wp-json\/wp\/v2\/product"}],"about":[{"href":"https:\/\/www.bontempi.it\/fr\/wp-json\/wp\/v2\/types\/product"}],"acf:attachment":[{"embeddable":true,"href":"https:\/\/www.bontempi.it\/fr\/wp-json\/wp\/v2\/media\/25930"}],"acf:post":[{"embeddable":true,"href":"https:\/\/www.bontempi.it\/fr\/wp-json\/wp\/v2\/product\/126270"},{"embeddable":true,"href":"https:\/\/www.bontempi.it\/fr\/wp-json\/wp\/v2\/product\/126269"},{"embeddable":true,"href":"https:\/\/www.bontempi.it\/fr\/wp-json\/wp\/v2\/product\/126268"},{"embeddable":true,"href":"https:\/\/www.bontempi.it\/fr\/wp-json\/wp\/v2\/product\/126267"},{"embeddable":true,"href":"https:\/\/www.bontempi.it\/fr\/wp-json\/wp\/v2\/product\/126266"},{"embeddable":true,"href":"https:\/\/www.bontempi.it\/fr\/wp-json\/wp\/v2\/product\/126265"}],"acf:term":[{"embeddable":true,"taxonomy":"room","href":"https:\/\/www.bontempi.it\/fr\/wp-json\/wp\/v2\/room\/71460"},{"embeddable":true,"taxonomy":"room","href":"https:\/\/www.bontempi.it\/fr\/wp-json\/wp\/v2\/room\/71459"},{"embeddable":true,"taxonomy":"room","href":"https:\/\/www.bontempi.it\/fr\/wp-json\/wp\/v2\/room\/71446"},{"embeddable":true,"taxonomy":"kind","href":"https:\/\/www.bontempi.it\/fr\/wp-json\/wp\/v2\/kind\/70972"},{"embeddable":true,"taxonomy":"line","href":"https:\/\/www.bontempi.it\/fr\/wp-json\/wp\/v2\/line\/74053"}],"wp:attachment":[{"href":"https:\/\/www.bontempi.it\/fr\/wp-json\/wp\/v2\/media?parent=128723"}],"wp:term":[{"taxonomy":"line","embeddable":true,"href":"https:\/\/www.bontempi.it\/fr\/wp-json\/wp\/v2\/line?post=128723"},{"taxonomy":"kind","embeddable":true,"href":"https:\/\/www.bontempi.it\/fr\/wp-json\/wp\/v2\/kind?post=128723"},{"taxonomy":"room","embeddable":true,"href":"https:\/\/www.bontempi.it\/fr\/wp-json\/wp\/v2\/room?post=128723"},{"taxonomy":"material","embeddable":true,"href":"https:\/\/www.bontempi.it\/fr\/wp-json\/wp\/v2\/material?post=128723"},{"taxonomy":"color","embeddable":true,"href":"https:\/\/www.bontempi.it\/fr\/wp-json\/wp\/v2\/color?post=128723"},{"taxonomy":"certification","embeddable":true,"href":"https:\/\/www.bontempi.it\/fr\/wp-json\/wp\/v2\/certification?post=128723"}],"curies":[{"name":"wp","href":"https:\/\/api.w.org\/{rel}","templated":true}]}}